{"id":10,"date":"2026-01-04T22:36:14","date_gmt":"2026-01-04T22:36:14","guid":{"rendered":"https:\/\/nvmotors.lv\/cart\/"},"modified":"2026-02-26T17:09:17","modified_gmt":"2026-02-26T17:09:17","slug":"cart","status":"publish","type":"page","link":"https:\/\/nvmotors.lv\/ru\/cart\/","title":{"rendered":"\u041a\u043e\u0440\u0437\u0438\u043d\u0430"},"content":{"rendered":"<div data-block-name=\"woocommerce\/cart\" class=\"wp-block-woocommerce-cart alignwide is-loading\">\n<div data-block-name=\"woocommerce\/filled-cart-block\" class=\"wp-block-woocommerce-filled-cart-block\">\n<div data-block-name=\"woocommerce\/cart-items-block\" class=\"wp-block-woocommerce-cart-items-block\">\n<div data-block-name=\"woocommerce\/cart-line-items-block\" class=\"wp-block-woocommerce-cart-line-items-block\"><\/div>\n\n\n<\/div>\n\n\n\n<div data-block-name=\"woocommerce\/cart-totals-block\" class=\"wp-block-woocommerce-cart-totals-block\">\n<div data-block-name=\"woocommerce\/cart-order-summary-block\" class=\"wp-block-woocommerce-cart-order-summary-block\">\n<div data-block-name=\"woocommerce\/cart-order-summary-heading-block\" data-content=\"\u0421\u0443\u043c\u043c\u0430 \u043a\u043e\u0440\u0437\u0438\u043d\u044b\" class=\"wp-block-woocommerce-cart-order-summary-heading-block\"><\/div>\n\n\n\n<div data-block-name=\"woocommerce\/cart-order-summary-coupon-form-block\" class=\"wp-block-woocommerce-cart-order-summary-coupon-form-block\"><\/div>\n\n\n\n<div data-block-name=\"woocommerce\/cart-order-summary-totals-block\" class=\"wp-block-woocommerce-cart-order-summary-totals-block\">\n<div data-block-name=\"woocommerce\/cart-order-summary-subtotal-block\" class=\"wp-block-woocommerce-cart-order-summary-subtotal-block\"><\/div>\n\n\n\n<div data-block-name=\"woocommerce\/cart-order-summary-fee-block\" class=\"wp-block-woocommerce-cart-order-summary-fee-block\"><\/div>\n\n\n\n<div data-block-name=\"woocommerce\/cart-order-summary-discount-block\" class=\"wp-block-woocommerce-cart-order-summary-discount-block\"><\/div>\n\n\n\n<div data-block-name=\"woocommerce\/cart-order-summary-shipping-block\" class=\"wp-block-woocommerce-cart-order-summary-shipping-block\"><\/div>\n\n\n\n<div data-block-name=\"woocommerce\/cart-order-summary-taxes-block\" class=\"wp-block-woocommerce-cart-order-summary-taxes-block\"><\/div>\n<\/div>\n<\/div>\n\n\n\n<div data-block-name=\"woocommerce\/cart-express-payment-block\" class=\"wp-block-woocommerce-cart-express-payment-block\"><\/div>\n\n\n\n<div data-block-name=\"woocommerce\/proceed-to-checkout-block\" class=\"wp-block-woocommerce-proceed-to-checkout-block\"><\/div>\n\n\n\n<div data-block-name=\"woocommerce\/cart-accepted-payment-methods-block\" class=\"wp-block-woocommerce-cart-accepted-payment-methods-block\"><\/div>\n<\/div>\n<\/div>\n\n\n\n<div data-block-name=\"woocommerce\/empty-cart-block\" class=\"wp-block-woocommerce-empty-cart-block\">\n<h2 class=\"wp-block-heading has-text-align-center with-empty-cart-icon wc-block-cart__empty-cart__title\">\u0421\u0435\u0439\u0447\u0430\u0441 \u0432\u0430\u0448\u0430 \u043a\u043e\u0440\u0437\u0438\u043d\u0430 \u043f\u0443\u0441\u0442\u0430!<\/h2>\n\n\n\n<hr class=\"wp-block-separator has-alpha-channel-opacity is-style-dots\"\/>\n\n\n\n<h2 class=\"wp-block-heading has-text-align-center\">\u041d\u043e\u0432\u0438\u043d\u043a\u0430 \u0432 \u043c\u0430\u0433\u0430\u0437\u0438\u043d\u0435<\/h2>\n\n\n<div data-block-name=\"woocommerce\/product-new\" data-columns=\"4\" data-rows=\"1\" class=\"wc-block-grid wp-block-product-new wp-block-woocommerce-product-new wc-block-product-new has-4-columns\"><ul class=\"wc-block-grid__products\"><li class=\"wc-block-grid__product\">\n\t\t\t\t<a href=\"https:\/\/nvmotors.lv\/ru\/shop\/sensortack-1-gel-pma-tools\/\" class=\"wc-block-grid__product-link\">\n\t\t\t\t\t\n\t\t\t\t\t<div class=\"wc-block-grid__product-image\"><img loading=\"lazy\" decoding=\"async\" width=\"300\" height=\"229\" src=\"https:\/\/nvmotors.lv\/wp-content\/uploads\/2026\/04\/133601200-300x229.jpg\" class=\"attachment-woocommerce_thumbnail size-woocommerce_thumbnail\" alt=\"SensorTack\u00ae 1 Gel\" srcset=\"https:\/\/nvmotors.lv\/wp-content\/uploads\/2026\/04\/133601200-300x229.jpg 300w, https:\/\/nvmotors.lv\/wp-content\/uploads\/2026\/04\/133601200-16x12.jpg 16w, https:\/\/nvmotors.lv\/wp-content\/uploads\/2026\/04\/133601200-64x49.jpg 64w, https:\/\/nvmotors.lv\/wp-content\/uploads\/2026\/04\/133601200.jpg 434w\" sizes=\"auto, (max-width: 300px) 100vw, 300px\" \/><\/div>\n\t\t\t\t\t<div class=\"wc-block-grid__product-title\">SensorTack\u00ae 1 Gel &#8211; PMA Tools<\/div>\n\t\t\t\t<\/a>\n\t\t\t\t<div class=\"wc-block-grid__product-price price\"><span class=\"woocommerce-Price-amount amount\">15.00&nbsp;<span class=\"woocommerce-Price-currencySymbol\">\u20ac<\/span><\/span><\/div>\n\t\t\t\t\n\t\t\t\t<div class=\"wp-block-button wc-block-grid__product-add-to-cart\"><a href=\"\/ru\/wp-json\/wp\/v2\/pages\/10?add-to-cart=7375\" aria-label=\"\u0414\u043e\u0431\u0430\u0432\u0438\u0442\u044c \u0432 \u043a\u043e\u0440\u0437\u0438\u043d\u0443 \u201cSensorTack\u00ae 1 Gel - PMA Tools\u201d\" data-quantity=\"1\" data-product_id=\"7375\" data-product_sku=\"133601200\" data-price=\"15\" rel=\"nofollow\" class=\"wp-block-button__link  add_to_cart_button ajax_add_to_cart\" data-no-translation=\"\" data-trp-gettext=\"\" data-no-translation-aria-label=\"\">\u0412 \u043a\u043e\u0440\u0437\u0438\u043d\u0443<\/a><\/div>\n\t\t\t<\/li><li class=\"wc-block-grid__product\">\n\t\t\t\t<a href=\"https:\/\/nvmotors.lv\/ru\/shop\/universalais-paslimejosais-moldings-6-mm-20-metri\/\" class=\"wc-block-grid__product-link\">\n\t\t\t\t\t\n\t\t\t\t\t<div class=\"wc-block-grid__product-image\"><img loading=\"lazy\" decoding=\"async\" width=\"300\" height=\"359\" src=\"https:\/\/nvmotors.lv\/wp-content\/uploads\/2026\/04\/aaa25576-300x359.png\" class=\"attachment-woocommerce_thumbnail size-woocommerce_thumbnail\" alt=\"\u0423\u043d\u0438\u0432\u0435\u0440\u0441\u0430\u043b\u044c\u043d\u044b\u0439 \u0441\u0430\u043c\u043e\u043a\u043b\u0435\u044f\u0449\u0438\u0439\u0441\u044f \u043c\u043e\u043b\u0434\u0438\u043d\u0433\" srcset=\"https:\/\/nvmotors.lv\/wp-content\/uploads\/2026\/04\/aaa25576-300x359.png 300w, https:\/\/nvmotors.lv\/wp-content\/uploads\/2026\/04\/aaa25576-251x300.png 251w, https:\/\/nvmotors.lv\/wp-content\/uploads\/2026\/04\/aaa25576-856x1024.png 856w, https:\/\/nvmotors.lv\/wp-content\/uploads\/2026\/04\/aaa25576-768x918.png 768w, https:\/\/nvmotors.lv\/wp-content\/uploads\/2026\/04\/aaa25576-1285x1536.png 1285w, https:\/\/nvmotors.lv\/wp-content\/uploads\/2026\/04\/aaa25576-1713x2048.png 1713w, https:\/\/nvmotors.lv\/wp-content\/uploads\/2026\/04\/aaa25576-10x12.png 10w, https:\/\/nvmotors.lv\/wp-content\/uploads\/2026\/04\/aaa25576-600x717.png 600w, https:\/\/nvmotors.lv\/wp-content\/uploads\/2026\/04\/aaa25576-64x77.png 64w\" sizes=\"auto, (max-width: 300px) 100vw, 300px\" \/><\/div>\n\t\t\t\t\t<div class=\"wc-block-grid__product-title\">\u0423\u043d\u0438\u0432\u0435\u0440\u0441\u0430\u043b\u044c\u043d\u044b\u0439 \u0441\u0430\u043c\u043e\u043a\u043b\u0435\u044f\u0449\u0438\u0441\u044f \u043c\u043e\u043b\u0434\u0438\u043d\u0433 (6 \u043c\u043c) \u2013 20 \u043c\u0435\u0442\u0440\u043e\u0432<\/div>\n\t\t\t\t<\/a>\n\t\t\t\t<div class=\"wc-block-grid__product-price price\"><span class=\"woocommerce-Price-amount amount\">50.00&nbsp;<span class=\"woocommerce-Price-currencySymbol\">\u20ac<\/span><\/span><\/div>\n\t\t\t\t\n\t\t\t\t<div class=\"wp-block-button wc-block-grid__product-add-to-cart\"><a href=\"\/ru\/wp-json\/wp\/v2\/pages\/10?add-to-cart=7371\" aria-label=\"\u0414\u043e\u0431\u0430\u0432\u0438\u0442\u044c \u0432 \u043a\u043e\u0440\u0437\u0438\u043d\u0443 \u201cUnivers\u0101lais pa\u0161l\u012bm\u0113jo\u0161ais moldings (6 mm) - 20 metri\u201d\" data-quantity=\"1\" data-product_id=\"7371\" data-product_sku=\"5028-20\" data-price=\"50\" rel=\"nofollow\" class=\"wp-block-button__link  add_to_cart_button ajax_add_to_cart\" data-no-translation=\"\" data-trp-gettext=\"\" data-no-translation-aria-label=\"\">\u0412 \u043a\u043e\u0440\u0437\u0438\u043d\u0443<\/a><\/div>\n\t\t\t<\/li><li class=\"wc-block-grid__product\">\n\t\t\t\t<a href=\"https:\/\/nvmotors.lv\/ru\/shop\/universals-profils-30-metri\/\" class=\"wc-block-grid__product-link\">\n\t\t\t\t\t\n\t\t\t\t\t<div class=\"wc-block-grid__product-image\"><img loading=\"lazy\" decoding=\"async\" width=\"300\" height=\"300\" src=\"https:\/\/nvmotors.lv\/wp-content\/uploads\/2026\/04\/aaa25570-300x300.png\" class=\"attachment-woocommerce_thumbnail size-woocommerce_thumbnail\" alt=\"\u0423\u043d\u0438\u0432\u0435\u0440\u0441\u0430\u043b\u044c\u043d\u044b\u0439 \u043c\u043e\u043b\u0434\u0438\u043d\u0433\" srcset=\"https:\/\/nvmotors.lv\/wp-content\/uploads\/2026\/04\/aaa25570-300x300.png 300w, https:\/\/nvmotors.lv\/wp-content\/uploads\/2026\/04\/aaa25570-150x150.png 150w, https:\/\/nvmotors.lv\/wp-content\/uploads\/2026\/04\/aaa25570-12x12.png 12w, https:\/\/nvmotors.lv\/wp-content\/uploads\/2026\/04\/aaa25570-100x100.png 100w, https:\/\/nvmotors.lv\/wp-content\/uploads\/2026\/04\/aaa25570-64x64.png 64w, https:\/\/nvmotors.lv\/wp-content\/uploads\/2026\/04\/aaa25570.png 500w\" sizes=\"auto, (max-width: 300px) 100vw, 300px\" \/><\/div>\n\t\t\t\t\t<div class=\"wc-block-grid__product-title\">\u0423\u043d\u0438\u0432\u0435\u0440\u0441\u0430\u043b\u044c\u043d\u044b\u0439 \u043f\u0440\u043e\u0444\u0438\u043b\u044c \u2013 30 \u043c\u0435\u0442\u0440\u043e\u0432<\/div>\n\t\t\t\t<\/a>\n\t\t\t\t<div class=\"wc-block-grid__product-price price\"><span class=\"woocommerce-Price-amount amount\">45.00&nbsp;<span class=\"woocommerce-Price-currencySymbol\">\u20ac<\/span><\/span><\/div>\n\t\t\t\t\n\t\t\t\t<div class=\"wp-block-button wc-block-grid__product-add-to-cart\"><a href=\"\/ru\/wp-json\/wp\/v2\/pages\/10?add-to-cart=7367\" aria-label=\"\u0414\u043e\u0431\u0430\u0432\u0438\u0442\u044c \u0432 \u043a\u043e\u0440\u0437\u0438\u043d\u0443 \u201cUnivers\u0101ls profils - 30 metri\u201d\" data-quantity=\"1\" data-product_id=\"7367\" data-product_sku=\"5048\" data-price=\"45\" rel=\"nofollow\" class=\"wp-block-button__link  add_to_cart_button ajax_add_to_cart\" data-no-translation=\"\" data-trp-gettext=\"\" data-no-translation-aria-label=\"\">\u0412 \u043a\u043e\u0440\u0437\u0438\u043d\u0443<\/a><\/div>\n\t\t\t<\/li><li class=\"wc-block-grid__product\">\n\t\t\t\t<a href=\"https:\/\/nvmotors.lv\/ru\/shop\/universals-profils-vw-t4\/\" class=\"wc-block-grid__product-link\">\n\t\t\t\t\t\n\t\t\t\t\t<div class=\"wc-block-grid__product-image\"><img loading=\"lazy\" decoding=\"async\" width=\"300\" height=\"214\" src=\"https:\/\/nvmotors.lv\/wp-content\/uploads\/2026\/04\/t4moldings_25-300x214.png\" class=\"attachment-woocommerce_thumbnail size-woocommerce_thumbnail\" alt=\"T4moldings_25\" srcset=\"https:\/\/nvmotors.lv\/wp-content\/uploads\/2026\/04\/t4moldings_25-300x214.png 300w, https:\/\/nvmotors.lv\/wp-content\/uploads\/2026\/04\/t4moldings_25-18x12.png 18w, https:\/\/nvmotors.lv\/wp-content\/uploads\/2026\/04\/t4moldings_25-64x46.png 64w, https:\/\/nvmotors.lv\/wp-content\/uploads\/2026\/04\/t4moldings_25.png 596w\" sizes=\"auto, (max-width: 300px) 100vw, 300px\" \/><\/div>\n\t\t\t\t\t<div class=\"wc-block-grid__product-title\">\u0423\u043d\u0438\u0432\u0435\u0440\u0441\u0430\u043b\u044c\u043d\u044b\u0439 \u043f\u0440\u043e\u0444\u0438\u043b\u044c VW T4 - 25 \u043c\u0435\u0442\u0440\u043e\u0432<\/div>\n\t\t\t\t<\/a>\n\t\t\t\t<div class=\"wc-block-grid__product-price price\"><span class=\"woocommerce-Price-amount amount\">30.00&nbsp;<span class=\"woocommerce-Price-currencySymbol\">\u20ac<\/span><\/span><\/div>\n\t\t\t\t\n\t\t\t\t<div class=\"wp-block-button wc-block-grid__product-add-to-cart\"><a href=\"\/ru\/wp-json\/wp\/v2\/pages\/10?add-to-cart=7359\" aria-label=\"\u0414\u043e\u0431\u0430\u0432\u0438\u0442\u044c \u0432 \u043a\u043e\u0440\u0437\u0438\u043d\u0443 \u201cUnivers\u0101ls profils VW T4 -25 metri\u201d\" data-quantity=\"1\" data-product_id=\"7359\" data-product_sku=\"5047\" data-price=\"30\" rel=\"nofollow\" class=\"wp-block-button__link  add_to_cart_button ajax_add_to_cart\" data-no-translation=\"\" data-trp-gettext=\"\" data-no-translation-aria-label=\"\">\u0412 \u043a\u043e\u0440\u0437\u0438\u043d\u0443<\/a><\/div>\n\t\t\t<\/li><\/ul><\/div><\/div>\n<\/div>","protected":false},"excerpt":{"rendered":"","protected":false},"author":1,"featured_media":0,"parent":0,"menu_order":0,"comment_status":"closed","ping_status":"closed","template":"","meta":{"bwfblock_default_font":"","pagelayer_contact_templates":[],"_pagelayer_content":"","site-sidebar-layout":"default","site-content-layout":"","ast-site-content-layout":"default","site-content-style":"default","site-sidebar-style":"default","ast-global-header-display":"","ast-banner-title-visibility":"","ast-main-header-display":"","ast-hfb-above-header-display":"","ast-hfb-below-header-display":"","ast-hfb-mobile-header-display":"","site-post-title":"","ast-breadcrumbs-content":"","ast-featured-img":"","footer-sml-layout":"","ast-disable-related-posts":"","theme-transparent-header-meta":"","adv-header-id-meta":"","stick-header-meta":"","header-above-stick-meta":"","header-main-stick-meta":"","header-below-stick-meta":"","astra-migrate-meta-layouts":"default","ast-page-background-enabled":"default","ast-page-background-meta":{"desktop":{"background-color":"var(--ast-global-color-5)","background-image":"","background-repeat":"repeat","background-position":"center center","background-size":"auto","background-attachment":"scroll","background-type":"","background-media":"","overlay-type":"","overlay-color":"","overlay-opacity":"","overlay-gradient":""},"tablet":{"background-color":"","background-image":"","background-repeat":"repeat","background-position":"center center","background-size":"auto","background-attachment":"scroll","background-type":"","background-media":"","overlay-type":"","overlay-color":"","overlay-opacity":"","overlay-gradient":""},"mobile":{"background-color":"","background-image":"","background-repeat":"repeat","background-position":"center center","background-size":"auto","background-attachment":"scroll","background-type":"","background-media":"","overlay-type":"","overlay-color":"","overlay-opacity":"","overlay-gradient":""}},"ast-content-background-meta":{"desktop":{"background-color":"var(--ast-global-color-4)","background-image":"","background-repeat":"repeat","background-position":"center center","background-size":"auto","background-attachment":"scroll","background-type":"","background-media":"","overlay-type":"","overlay-color":"","overlay-opacity":"","overlay-gradient":""},"tablet":{"background-color":"var(--ast-global-color-4)","background-image":"","background-repeat":"repeat","background-position":"center center","background-size":"auto","background-attachment":"scroll","background-type":"","background-media":"","overlay-type":"","overlay-color":"","overlay-opacity":"","overlay-gradient":""},"mobile":{"background-color":"var(--ast-global-color-4)","background-image":"","background-repeat":"repeat","background-position":"center center","background-size":"auto","background-attachment":"scroll","background-type":"","background-media":"","overlay-type":"","overlay-color":"","overlay-opacity":"","overlay-gradient":""}},"footnotes":""},"class_list":["post-10","page","type-page","status-publish","hentry"],"jetpack_sharing_enabled":true,"_links":{"self":[{"href":"https:\/\/nvmotors.lv\/ru\/wp-json\/wp\/v2\/pages\/10","targetHints":{"allow":["GET"]}}],"collection":[{"href":"https:\/\/nvmotors.lv\/ru\/wp-json\/wp\/v2\/pages"}],"about":[{"href":"https:\/\/nvmotors.lv\/ru\/wp-json\/wp\/v2\/types\/page"}],"author":[{"embeddable":true,"href":"https:\/\/nvmotors.lv\/ru\/wp-json\/wp\/v2\/users\/1"}],"replies":[{"embeddable":true,"href":"https:\/\/nvmotors.lv\/ru\/wp-json\/wp\/v2\/comments?post=10"}],"version-history":[{"count":5,"href":"https:\/\/nvmotors.lv\/ru\/wp-json\/wp\/v2\/pages\/10\/revisions"}],"predecessor-version":[{"id":2346,"href":"https:\/\/nvmotors.lv\/ru\/wp-json\/wp\/v2\/pages\/10\/revisions\/2346"}],"wp:attachment":[{"href":"https:\/\/nvmotors.lv\/ru\/wp-json\/wp\/v2\/media?parent=10"}],"curies":[{"name":"wp","href":"https:\/\/api.w.org\/{rel}","templated":true}]}}