{"id":1918,"date":"2026-01-14T20:18:13","date_gmt":"2026-01-14T20:18:13","guid":{"rendered":"https:\/\/nvmotors.lv\/?page_id=1918"},"modified":"2026-03-05T09:23:01","modified_gmt":"2026-03-05T09:23:01","slug":"rules","status":"publish","type":"page","link":"https:\/\/nvmotors.lv\/ru\/rules\/","title":{"rendered":"\u041f\u0440\u0430\u0432\u0438\u043b\u0430 \u0438 \u0443\u0441\u043b\u043e\u0432\u0438\u044f"},"content":{"rendered":"<p><\/p>\n\n\n\n<h2 class=\"wp-block-heading has-background-color has-text-color has-link-color wp-elements-26dd13393c330e563b246b97a7dd5902\">\u041f\u0440\u0430\u0432\u0438\u043b\u0430 \u0438 \u0443\u0441\u043b\u043e\u0432\u0438\u044f<br><\/h2>\n\n\n\n<div style=\"height:22px\" aria-hidden=\"true\" class=\"wp-block-spacer\"><\/div>\n\n\n\n<p class=\"has-background-color has-text-color has-link-color wp-elements-b9643c70f66bc3a9ba1f4a74d5635b99\"><strong>Lieto\u0161anas noteikumi<\/strong><\/p>\n\n\n\n<p class=\"has-background-color has-text-color has-link-color wp-elements-990c487b794739925c1a7d39eed499ec\">Noteikumos izmantotie termini:<br>Interneta veikals \u2013 Sabiedr\u012bbas uztur\u0113ta t\u012bmek\u013ca vietne www.nvmotors.lv, kur\u0101 ir iesp\u0113jams ieg\u0101d\u0101ties Preces;<br>Noteikumi \u2013 \u0161ie interneta veikala noteikumi; Pirc\u0113js \u2013 juridiska persona vai pilngad\u012bga fiziska persona, kas v\u0113las ieg\u0101d\u0101ties vai ir ieg\u0101d\u0101jusies Preci(-es);<br>Preces \u2013 jebkuras preces, kas pied\u0101v\u0101tas interneta veikal\u0101 un kuras Pirc\u0113js var pas\u016bt\u012bt un ieg\u0101d\u0101ties;<br>Sabiedr\u012bba \u2013 SIA NV Motors, re\u0123. Nr. 40203546861, juridisk\u0101 adrese: Latgales iela 297-65, R\u012bga, LV-1063.<\/p>\n\n\n\n<p class=\"has-background-color has-text-color has-link-color wp-elements-b1201b164699a50b64b80a80dcc82fc8\"><strong>1. Visp\u0101r\u012bgie noteikumi<\/strong><\/p>\n\n\n\n<p>1.1. Noteikumi regul\u0113 juridisk\u0101s attiec\u012bbas starp Pirc\u0113ju un Sabiedr\u012bbu saist\u012bb\u0101 ar Prec\u0113m un to pieg\u0101di. Noteikumi ir ar\u012b distances l\u012bgums starp Pirc\u0113ju un Sabiedr\u012bbu, iz\u0146emot gad\u012bjumu, kas min\u0113ts Noteikumu sada\u013c\u0101 \u201ePre\u010du rezerv\u0113\u0161ana\u201d.<\/p>\n\n\n\n<p>1.2. Pirc\u0113ja re\u0123istr\u0101cija interneta veikal\u0101 un\/vai pirkumu veik\u0161ana apliecina Pirc\u0113ja piekri\u0161anu Noteikumiem.<\/p>\n\n\n\n<p>1.3. Pirc\u0113jam ir aizliegts izpaust tre\u0161aj\u0101m person\u0101m Pirc\u0113ja piek\u013cuves datus interneta veikalam. Pirc\u0113js ir inform\u0113ts un piekr\u012bt, ka visas darb\u012bbas, kas veiktas interneta veikal\u0101, izmantojot Pirc\u0113ja piek\u013cuves datus, ir saisto\u0161as Pirc\u0113jam un uzskat\u0101mas par veikt\u0101m Pirc\u0113ja.<\/p>\n\n\n\n<p>1.4. Pirc\u0113jam ir pien\u0101kums nor\u0101d\u012bt un ievad\u012bt savus patiesos un piln\u012bgos datus, kontaktinform\u0101ciju un maks\u0101\u0161anas l\u012bdzek\u013cus.<\/p>\n\n\n\n<p><strong>2. Pre\u010du pas\u016bt\u012b\u0161ana<\/strong><\/p>\n\n\n\n<p>2.1. Inform\u0101cija par Prec\u0113m un to cen\u0101m ir nor\u0101d\u012bta interneta veikal\u0101 pie attiec\u012bg\u0101s Preces. Pre\u010du un pieg\u0101des cena ir sp\u0113k\u0101 Preces pas\u016bt\u012b\u0161anas br\u012bd\u012b. Sabiedr\u012bbai ir ties\u012bbas jebkur\u0101 br\u012bd\u012b p\u0113c saviem ieskatiem main\u012bt interneta veikal\u0101 nor\u0101d\u012bt\u0101s Pre\u010du cenas, izmai\u0146as neattiecas uz jau veiktiem un apmaks\u0101tiem pas\u016bt\u012bjumiem.<\/p>\n\n\n\n<p>2.2. Cenas ir nor\u0101d\u012btas eiro (EUR) un ietver pievienot\u0101s v\u0113rt\u012bbas nodokli. Pieg\u0101des izmaksas ir nor\u0101d\u012btas atsevi\u0161\u0137i no Preces cenas.<\/p>\n\n\n\n<p>2.3. Pirc\u0113js vispirms veic Pre\u010du pas\u016bt\u012bjumu interneta veikal\u0101, kuras tiek ievietotas iepirkumu groz\u0101. Pirc\u0113jam ir ties\u012bbas turpin\u0101t izv\u0113l\u0113ties citas Preces l\u012bdz pas\u016bt\u012bjuma veik\u0161anai.<\/p>\n\n\n\n<p>2.4. Pas\u016bt\u012bjuma veik\u0161anas br\u012bd\u012b Pirc\u0113jam ir j\u0101izv\u0113las\/j\u0101nor\u0101da Pre\u010du sa\u0146em\u0161anas veids un adrese.<\/p>\n\n\n\n<p>2.5. Pirc\u0113jam ir j\u0101veic samaksa par Prec\u0113m un to pieg\u0101di, izmantojot vienu no interneta veikal\u0101 nor\u0101d\u012btajiem apmaksas veidiem.<\/p>\n\n\n\n<p>2.6. P\u0113c tam, kad Sabiedr\u012bba sa\u0146ems pilnu samaksu par Prec\u0113m un to pieg\u0101di, Sabiedr\u012bba pieg\u0101d\u0101s pas\u016bt\u012bt\u0101s Preces uz Pirc\u0113ja nor\u0101d\u012bto sa\u0146em\u0161anas vietu. Pirc\u0113jam ir saisto\u0161i Pre\u010du pieg\u0101d\u0101t\u0101ja izv\u0113l\u0113tie noteikumi (piem\u0113ram, darba laiks un laiks, kur\u0101 preces j\u0101izv\u0113las, utt.). No izv\u0113l\u0113t\u0101s pieg\u0101des vietas ir atkar\u012bga pieg\u0101des maksa un pieg\u0101des termi\u0146\u0161.<\/p>\n\n\n\n<p>2.7. Pre\u010du pas\u016bt\u012bjums tiek uzskat\u012bts par izpild\u012btu un k\u013c\u016bst saisto\u0161s Pirc\u0113jam un Sabiedr\u012bbai br\u012bd\u012b, kad Sabiedr\u012bba ir sa\u0146\u0113musi samaksu par Prec\u0113m un to pieg\u0101di.<\/p>\n\n\n\n<p>2.8. P\u0113c pas\u016bt\u012bjuma sa\u0146em\u0161anas Sabiedr\u012bba nos\u016bta pas\u016bt\u012bjuma apstiprin\u0101jumu uz Pirc\u0113ja nor\u0101d\u012bto e-pasta adresi.<\/p>\n\n\n\n<p>2.9. Pirc\u0113jam ir ties\u012bbas re\u0123istr\u0113t interneta veikal\u0101 savu maks\u0101jumu karti, kas ir der\u012bga pirkumiem internet\u0101, lai turpm\u0101kie pirkumi b\u016btu \u0113rt\u0101ki. Pirc\u0113js piekr\u012bt, ka Sabiedr\u012bbai ir ties\u012bbas no maks\u0101jumu kartes, ko Pirc\u0113js re\u0123istr\u0113jis interneta veikal\u0101, ietur\u0113t samaksu par Prec\u0113m un pieg\u0101di.<\/p>\n\n\n\n<p>2.10. Veicot maks\u0101jumus un\/vai re\u0123istr\u0113jot maks\u0101jumu karti, Pirc\u0113js apliecina, ka vi\u0146am ir ties\u012bbas izmantot attiec\u012bgo karti un veikt nor\u0113\u0137inus ar t\u0101s pal\u012bdz\u012bbu.<\/p>\n\n\n\n<p>3<strong>. Pre\u010du rezerv\u0113\u0161ana<\/strong><\/p>\n\n\n\n<p>3.1. Pirc\u0113jam ir ties\u012bbas rezerv\u0113t Preces interneta veikal\u0101. Rezerv\u0113jot Preces, Pirc\u0113js izv\u0113las Preci, rezerv\u0113 to, nor\u0101dot v\u0113lamo vietu, kur izv\u0113l\u0113ties Preci, un ievada inform\u0101ciju par sevi. Maks\u0101jums par rezerv\u0113to Preci tiek veikts veikal\u0101, sa\u0146emot Preci.<\/p>\n\n\n\n<p>3.2. Pre\u010du rezerv\u0113\u0161ana netiek uzskat\u012bta par Pu\u0161u vieno\u0161anos par Preces pirk\u0161anu, cenu utt.<\/p>\n\n\n\n<p>3.3. Pirc\u0113js var sa\u0146emt rezerv\u0113to Preci p\u0113c tam, kad ir sa\u0146emts apstiprin\u0101jums no Sabiedr\u012bbas (SMS zi\u0146ojums, e-pasts, telefona zvans).<\/p>\n\n\n\n<p>3.4. P\u0113c rezerv\u0101cijas apstiprin\u0101\u0161anas Prece b\u016bs pieejama Pirc\u0113ja izv\u0113l\u0113taj\u0101 veikal\u0101 rezerv\u0101cijas dien\u0101 un v\u0113l 2 (divas) darba dienas p\u0113c tam.<\/p>\n\n\n\n<p>3.5. Rezerv\u0101cijas gad\u012bjum\u0101 Pirc\u0113jam tiek rezerv\u0113tas izv\u0113l\u0113t\u0101s Preces, bet Pre\u010du cena netiek garant\u0113ta, jo t\u0101 ir atkar\u012bga no dienas, kad Pirc\u0113js rezerv\u0113t\u0101s Preces sa\u0146em. Par cenu izmai\u0146\u0101m Pirc\u0113js netiek inform\u0113ts atsevi\u0161\u0137i, un cena ir redzama veikal\u0101, kur Prece ir pieejama sa\u0146em\u0161anai.<\/p>\n\n\n\n<p>3.6. Rezerv\u0113jot Preces, nav iesp\u0113jams izmantot atteikuma ties\u012bbas, jo Preces pirkums tiek veikts veikal\u0101 un Pirc\u0113jam ir ties\u012bbas iepaz\u012bties ar izv\u0113l\u0113to Preci un t\u0101s \u012bpa\u0161\u012bb\u0101m uz vietas pirms pirkuma veik\u0161anas un maks\u0101juma veik\u0161anas.<\/p>\n\n\n\n<p>4<strong>. Pre\u010du kvalit\u0101te un garantija<\/strong><\/p>\n\n\n\n<p>4.1. Pre\u010du der\u012bguma termi\u0146\u0161 un ra\u017eot\u0101js ir nor\u0101d\u012bts uz Pre\u010du iepakojuma.<\/p>\n\n\n\n<p>4.2. P\u0113c Pre\u010du sa\u0146em\u0161anas Pirc\u0113js ir atbild\u012bgs par to kvalit\u0101tes un dro\u0161\u012bbas saglab\u0101\u0161anu.<\/p>\n\n\n\n<p>4.3. Pirc\u0113jam ir pien\u0101kums iepaz\u012bties ar Pre\u010du mar\u0137\u0113jumu un\/vai Pre\u010du iepakojum\u0101 nor\u0101d\u012bto inform\u0101ciju un\/vai lieto\u0161anas instrukciju pirms Pre\u010du lieto\u0161anas s\u0101k\u0161anas.<\/p>\n\n\n\n<p>4.4. Garantija attiecas tikai uz Pirc\u0113jiem, kuri ir pat\u0113r\u0113t\u0101ji (fiziskas personas, kas izsaka v\u0113lmi ieg\u0101d\u0101ties, ir ieg\u0101d\u0101ju\u0161ies vai var\u0113tu ieg\u0101d\u0101ties vai izmantot preci vai pakalpojumu m\u0113r\u0137iem, kas nav saist\u012bti ar to saimniecisko vai profesion\u0101lo darb\u012bbu).<\/p>\n\n\n\n<p>4.5. Ties\u012bbas atteikties no distances l\u012bguma tiek izmantotas saska\u0146\u0101 ar Latvijas Republikas normat\u012bvajiem aktiem un nav atkar\u012bgas no ra\u017eot\u0101ja nor\u0101d\u012bjumu iev\u0113ro\u0161anas. Ra\u017eot\u0101ja nor\u0101d\u012bjumu p\u0101rk\u0101puma vai Preces nepareizas lieto\u0161anas gad\u012bjum\u0101 pat\u0113r\u0113t\u0101js var zaud\u0113t ties\u012bbas iesniegt garantijas pras\u012bbu, ja tiek konstat\u0113ta c\u0113lo\u0146sakar\u012bba starp p\u0101rk\u0101pumu un Preces boj\u0101jumiem.<\/p>\n\n\n\n<p>4.6. Izvirzot pras\u012bbu ra\u017eot\u0101jam vai Sabiedr\u012bbai par Preces neatbilst\u012bbu l\u012bguma nosac\u012bjumiem, pat\u0113r\u0113t\u0101js pievieno pieteikumam kopiju dokumenta, kas apliecina dar\u012bjumu.<\/p>\n\n\n\n<p>4.7. Pat\u0113r\u0113t\u0101jam ir ties\u012bbas izvirz\u012bt Sabiedr\u012bbai pras\u012bbu par Preces neatbilst\u012bbu l\u012bguma nosac\u012bjumiem 2 (divu) gadu laik\u0101 no Preces ieg\u0101des dienas. Pat\u0113r\u0113t\u0101js iesniedz pieteikumu Sabiedr\u012bbai 2 (divu) m\u0113ne\u0161u laik\u0101 no dienas, kad tika konstat\u0113ta Preces neatbilst\u012bba l\u012bguma nosac\u012bjumiem. Par Preces ieg\u0101des dienu uzskata dienu, kad pat\u0113r\u0113t\u0101js sa\u0146\u0113ma attiec\u012bgo Preci.<\/p>\n\n\n\n<p>4.8. Garantija neattiecas, ja Preces boj\u0101jumi radu\u0161ies pa\u0161a pat\u0113r\u0113t\u0101ja vainas d\u0113\u013c un\/vai Precei ir dabiskais nolietojums, un\/vai Prece ir izmantota neatbilsto\u0161iem m\u0113r\u0137iem, un\/vai Prece ir boj\u0101ta \u0101r\u0113ju apst\u0101k\u013cu ietekm\u0113, un\/vai Prece ir glab\u0101ta neatbilsto\u0161i vai nepareizi.<\/p>\n\n\n\n<p>5<strong>. Nobeiguma noteikumi<\/strong><\/p>\n\n\n\n<p>5.1. Ja Pirc\u0113js neiev\u0113ro vai nepareizi iev\u0113ro Noteikumus, p\u0101rk\u0101pj normat\u012bvo aktu pras\u012bbas, rada zaud\u0113jumus vai kait\u0113jumu Sabiedr\u012bbai vai tre\u0161aj\u0101m person\u0101m, Sabiedr\u012bbai ir ties\u012bbas atteikt Pirc\u0113jam pakalpojumu snieg\u0161anu, Pre\u010du pieg\u0101di, atteikt piek\u013cuvi interneta veikalam, k\u0101 ar\u012b vienpus\u0113ji anul\u0113t pas\u016bt\u012bjumus.<\/p>\n\n\n\n<p>5.2. Visas intelektu\u0101l\u0101 \u012bpa\u0161uma ties\u012bbas attiec\u012bb\u0101 uz interneta veikalu un taj\u0101 ievietoto saturu pieder vien\u012bgi un ekskluz\u012bvi Sabiedr\u012bbai.<\/p>\n\n\n\n<p>5.3. Visi str\u012bdi starp Pirc\u0113ju un Sabiedr\u012bbu tiek risin\u0101ti sarunu ce\u013c\u0101. Ja vieno\u0161an\u0101s netiek pan\u0101kta, str\u012bds tiek izskat\u012bts saska\u0146\u0101 ar Latvijas Republikas likumiem. Pat\u0113r\u0113t\u0101jam ir ties\u012bbas v\u0113rsties ties\u0101 p\u0113c savas dz\u012bvesvietas likum\u0101 noteiktajos gad\u012bjumos.<\/p>\n\n\n\n<p>6. Ties\u012bbas atteikties no distances l\u012bguma<\/p>\n\n\n\n<p>6.1. Pirc\u0113jam, kur\u0161 ir pat\u0113r\u0113t\u0101js, ir ties\u012bbas atteikties no distances l\u012bguma 14 (\u010detrpadsmit) dienu laik\u0101, nenor\u0101dot iemeslu.<\/p>\n\n\n\n<p>6.2. Atteikuma ties\u012bbas beidzas 14 dienas p\u0113c Pre\u010du sa\u0146em\u0161anas dienas.<\/p>\n\n\n\n<p>6.3. Lai izmantotu atteikuma ties\u012bbas, Pirc\u0113jam j\u0101pazi\u0146o Sabiedr\u012bbai, nos\u016btot rakstisku pazi\u0146ojumu uz Sabiedr\u012bbas e-pasta adresi.<\/p>\n\n\n\n<p>6.4. Pirc\u0113jam ir pien\u0101kums atgriezt Preces Uz\u0146\u0113mumam bez nepamatotas kav\u0113\u0161an\u0101s, bet ne v\u0113l\u0101k k\u0101 14 dienu laik\u0101 no atteikuma pazi\u0146ojuma nos\u016bt\u012b\u0161anas dienas.<\/p>\n\n\n\n<p>6.5. Sabiedr\u012bba atmaks\u0101 no Pirc\u0113ja sa\u0146emtos l\u012bdzek\u013cus, ieskaitot standarta pieg\u0101des izmaksas, ne v\u0113l\u0101k k\u0101 14 dienu laik\u0101 no atteikuma pazi\u0146ojuma sa\u0146em\u0161anas dienas.<\/p>\n\n\n\n<p>6.6. Atmaksa tiek veikta, izmantojot to pa\u0161u maks\u0101juma veidu, ko izmantoja Pirc\u0113js, ja vien puses nav vienoju\u0161\u0101s cit\u0101di.<\/p>\n\n\n\n<p>6.7. Pirc\u0113js sedz tie\u0161\u0101s Pre\u010du atgrie\u0161anas izmaksas, ja vien likum\u0101 nav noteikts cit\u0101di.<\/p>\n\n\n\n<p>6.8. Atteikuma ties\u012bbas neattiecas uz gad\u012bjumiem, kas paredz\u0113ti Latvijas Republikas normat\u012bvajos aktos.<\/p>\n\n\n\n<p><\/p>","protected":false},"excerpt":{"rendered":"<p>Noteikumi un nosac\u012bjumi Lieto\u0161anas noteikumi Noteikumos izmantotie termini:Interneta veikals \u2013 Sabiedr\u012bbas uztur\u0113ta t\u012bmek\u013ca vietne www.nvmotors.lv, kur\u0101 ir iesp\u0113jams ieg\u0101d\u0101ties Preces;Noteikumi [&hellip;]<\/p>\n","protected":false},"author":1,"featured_media":0,"parent":0,"menu_order":0,"comment_status":"closed","ping_status":"closed","template":"","meta":{"bwfblock_default_font":"","pagelayer_contact_templates":[],"_pagelayer_content":"","site-sidebar-layout":"default","site-content-layout":"","ast-site-content-layout":"default","site-content-style":"default","site-sidebar-style":"default","ast-global-header-display":"","ast-banner-title-visibility":"","ast-main-header-display":"","ast-hfb-above-header-display":"","ast-hfb-below-header-display":"","ast-hfb-mobile-header-display":"","site-post-title":"disabled","ast-breadcrumbs-content":"","ast-featured-img":"","footer-sml-layout":"","ast-disable-related-posts":"","theme-transparent-header-meta":"","adv-header-id-meta":"","stick-header-meta":"","header-above-stick-meta":"","header-main-stick-meta":"","header-below-stick-meta":"","astra-migrate-meta-layouts":"default","ast-page-background-enabled":"default","ast-page-background-meta":{"desktop":{"background-color":"var(--ast-global-color-5)","background-image":"","background-repeat":"repeat","background-position":"center center","background-size":"auto","background-attachment":"scroll","background-type":"","background-media":"","overlay-type":"","overlay-color":"","overlay-opacity":"","overlay-gradient":""},"tablet":{"background-color":"","background-image":"","background-repeat":"repeat","background-position":"center center","background-size":"auto","background-attachment":"scroll","background-type":"","background-media":"","overlay-type":"","overlay-color":"","overlay-opacity":"","overlay-gradient":""},"mobile":{"background-color":"","background-image":"","background-repeat":"repeat","background-position":"center center","background-size":"auto","background-attachment":"scroll","background-type":"","background-media":"","overlay-type":"","overlay-color":"","overlay-opacity":"","overlay-gradient":""}},"ast-content-background-meta":{"desktop":{"background-color":"var(--ast-global-color-4)","background-image":"","background-repeat":"repeat","background-position":"center center","background-size":"auto","background-attachment":"scroll","background-type":"","background-media":"","overlay-type":"","overlay-color":"","overlay-opacity":"","overlay-gradient":""},"tablet":{"background-color":"var(--ast-global-color-4)","background-image":"","background-repeat":"repeat","background-position":"center center","background-size":"auto","background-attachment":"scroll","background-type":"","background-media":"","overlay-type":"","overlay-color":"","overlay-opacity":"","overlay-gradient":""},"mobile":{"background-color":"var(--ast-global-color-4)","background-image":"","background-repeat":"repeat","background-position":"center center","background-size":"auto","background-attachment":"scroll","background-type":"","background-media":"","overlay-type":"","overlay-color":"","overlay-opacity":"","overlay-gradient":""}},"footnotes":""},"class_list":["post-1918","page","type-page","status-publish","hentry"],"jetpack_sharing_enabled":true,"_links":{"self":[{"href":"https:\/\/nvmotors.lv\/ru\/wp-json\/wp\/v2\/pages\/1918","targetHints":{"allow":["GET"]}}],"collection":[{"href":"https:\/\/nvmotors.lv\/ru\/wp-json\/wp\/v2\/pages"}],"about":[{"href":"https:\/\/nvmotors.lv\/ru\/wp-json\/wp\/v2\/types\/page"}],"author":[{"embeddable":true,"href":"https:\/\/nvmotors.lv\/ru\/wp-json\/wp\/v2\/users\/1"}],"replies":[{"embeddable":true,"href":"https:\/\/nvmotors.lv\/ru\/wp-json\/wp\/v2\/comments?post=1918"}],"version-history":[{"count":12,"href":"https:\/\/nvmotors.lv\/ru\/wp-json\/wp\/v2\/pages\/1918\/revisions"}],"predecessor-version":[{"id":7158,"href":"https:\/\/nvmotors.lv\/ru\/wp-json\/wp\/v2\/pages\/1918\/revisions\/7158"}],"wp:attachment":[{"href":"https:\/\/nvmotors.lv\/ru\/wp-json\/wp\/v2\/media?parent=1918"}],"curies":[{"name":"wp","href":"https:\/\/api.w.org\/{rel}","templated":true}]}}