{"id":1924,"date":"2026-01-14T20:37:24","date_gmt":"2026-01-14T20:37:24","guid":{"rendered":"https:\/\/nvmotors.lv\/?page_id=1924"},"modified":"2026-02-24T00:05:41","modified_gmt":"2026-02-24T00:05:41","slug":"return","status":"publish","type":"page","link":"https:\/\/nvmotors.lv\/ru\/return\/","title":{"rendered":"\u0412\u043e\u0437\u0432\u0440\u0430\u0442 \u0442\u043e\u0432\u0430\u0440\u043e\u0432"},"content":{"rendered":"<h2 class=\"wp-block-heading has-background-color has-text-color has-link-color wp-elements-3a78da0c749ea47c5dab13abeedd1911\">\u0412\u043e\u0437\u0432\u0440\u0430\u0442 \u0442\u043e\u0432\u0430\u0440\u043e\u0432<br><\/h2>\n\n\n\n<div style=\"height:22px\" aria-hidden=\"true\" class=\"wp-block-spacer\"><\/div>\n\n\n\n<p class=\"has-background-color has-text-color has-link-color wp-elements-77d4bb666b61de52d4ff25198fbe6090\"><strong>1. Atteikuma ties\u012bbas<\/strong><\/p>\n\n\n\n<p class=\"has-background-color has-text-color has-link-color wp-elements-5195bf1c68069cee23cc44c7fb2239cf\">1.1. Atteikuma ties\u012bbas var izmantot tikai Pirc\u0113ji, kas ir pat\u0113r\u0113t\u0101ji (personas, kas izsaka v\u0113lmi ieg\u0101d\u0101ties, ir ieg\u0101d\u0101ju\u0161\u0101s vai var\u0113tu ieg\u0101d\u0101ties vai izmantot preci vai pakalpojumu m\u0113r\u0137iem, kas nav saist\u012bti ar vi\u0146u saimniecisko vai profesion\u0101lo darb\u012bbu). Pat\u0113r\u0113t\u0101jiem ir ties\u012bbas atteikties no l\u012bguma 14 (\u010detrpadsmit) dienu laik\u0101 no dienas, kad vi\u0146i vai pat\u0113r\u0113t\u0101ja nor\u0101d\u012bta tre\u0161\u0101 persona (iz\u0146emot p\u0101rvad\u0101t\u0101ju) ir sa\u0146\u0113musi Preci sav\u0101 vald\u012bjum\u0101. Lai izmantotu atteikuma ties\u012bbas, pat\u0113r\u0113t\u0101jiem ir j\u0101nos\u016bta Uz\u0146\u0113mumam nep\u0101rprotams atteikuma pazi\u0146ojums (piem\u0113ram, pa e-pastu).<\/p>\n\n\n\n<p class=\"has-background-color has-text-color has-link-color wp-elements-7e8aa326c1ddd1f1482b7b0a84373afe\">1.2. Lai izmantotu atteikuma ties\u012bbas, Prece var tikt izpakota un p\u0101rbaud\u012bta t\u0101d\u0101 apm\u0113r\u0101, lai noteiktu t\u0101s b\u016bt\u012bbu, \u012bpa\u0161\u012bbas un funkcionalit\u0101ti. Pat\u0113r\u0113t\u0101js ir atbild\u012bgs par jebk\u0101du Preces v\u0113rt\u012bbas samazin\u0101\u0161anos, ja t\u0101 tiek izmantota vair\u0101k nek\u0101 nepiecie\u0161ams \u0161\u0101dai p\u0101rbaudei.<\/p>\n\n\n\n<p class=\"has-background-color has-text-color has-link-color wp-elements-2955a9c2e89b7ba1a64c15386e0735ae\">1.3. Pat\u0113r\u0113t\u0101jam ir ties\u012bbas p\u0101rbaud\u012bt Preces \u012bpa\u0161\u012bbas un darb\u012bbu t\u0101d\u0101 apm\u0113r\u0101, k\u0101d\u0101 tas nepiecie\u0161ams, lai noteiktu t\u0101s b\u016bt\u012bbu, raksturlielumus un funkcionalit\u0101ti. Ja Prece tiek izmantota vair\u0101k nek\u0101 nepiecie\u0161ams \u0161\u0101dai p\u0101rbaudei, pat\u0113r\u0113t\u0101js ir atbild\u012bgs par jebk\u0101du Preces v\u0113rt\u012bbas samazin\u0101\u0161anos.<\/p>\n\n\n\n<p class=\"has-background-color has-text-color has-link-color wp-elements-71fd95ca5150b03003e5e5f8c1e2ee45\">1.4. Atteikuma ties\u012bbas neizmanto gad\u012bjumos, kad to paredz normat\u012bvie akti, tostarp, bet ne tikai, ja Prece \u0101tri boj\u0101jas vai ar\u012b t\u0101s der\u012bguma termi\u0146\u0161 tuvojas beig\u0101m (piem\u0113ram, bar\u012bba vai papildbar\u012bba); pat\u0113r\u0113t\u0101js ir atv\u0113ris Preces iepakojumu, kuru vesel\u012bbas un higi\u0113nas apsv\u0113rumu d\u0113\u013c nevar atgriezt (piem\u0113ram, bar\u012bba, papildbar\u012bba, \u0161amp\u016bni, ziedes, \u0161\u0137idrumi, aerosoli, tabletes).<\/p>\n\n\n\n<p class=\"has-background-color has-text-color has-link-color wp-elements-0fb08d7f9a3c9f5ecdec734c364181d1\">1.5. Ja pat\u0113r\u0113t\u0101js v\u0113las izmantot atteikuma ties\u012bbas, vi\u0146am j\u0101nos\u016bta Uz\u0146\u0113mumam aizpild\u012bta atteikuma veidlapa vai e-pasts uz adresi shop@nvmotors.lv, nor\u0101dot savu v\u0101rdu, uzv\u0101rdu, kontaktinform\u0101ciju, pas\u016bt\u012bjuma numuru vai citu pirkuma identifikatoru, ieg\u0101d\u0101t\u0101s Preces nosaukumu, pirkuma cenu, pieg\u0101des izmaksas, bankas konta numuru atmaksai un pazi\u0146ojumu par atteik\u0161anos no l\u012bguma.<\/p>\n\n\n\n<p class=\"has-background-color has-text-color has-link-color wp-elements-33bfb9c917695c5f3d151592d1264264\">1.6. Pat\u0113r\u0113t\u0101jam ir pien\u0101kums atgriezt Preci Uz\u0146\u0113mumam 14 dienu laik\u0101 p\u0113c rakstiska atteikuma nos\u016bt\u012b\u0161anas (ja pat\u0113r\u0113t\u0101js ir sa\u0146\u0113mis Preci). Uz\u0146\u0113mums patur ties\u012bbas neatmaks\u0101t pat\u0113r\u0113t\u0101ja samaks\u0101to summu par Preci, kam\u0113r pat\u0113r\u0113t\u0101js nav atgriezis Preci Uz\u0146\u0113mumam. Ja pat\u0113r\u0113t\u0101js bez pamatota iemesla neatgrie\u017e Preci noteiktaj\u0101 termi\u0146\u0101, Uz\u0146\u0113mums patur ties\u012bbas aiztur\u0113t atmaksu, l\u012bdz Prece ir sa\u0146emta vai ir iesniegts apliecin\u0101jums par t\u0101s nos\u016bt\u012b\u0161anu.<\/p>\n\n\n\n<p class=\"has-background-color has-text-color has-link-color wp-elements-72cc7de2e245f7256b4796e71d3c6966\">1.7. Preci v\u0113lams atgriezt kop\u0101 ar visu iepakojumu (nesaboj\u0101tu). Preces atgrie\u0161ana j\u0101veic, izmantojot pasta s\u016bt\u012bjumu vai pieg\u0101di uz nor\u0101d\u012bto Sabiedr\u012bbas adresi, preces s\u016bt\u012b\u0161anas izmaksas sedz pat\u0113r\u0113t\u0101js.<\/p>\n\n\n\n<p class=\"has-background-color has-text-color has-link-color wp-elements-795ed205431dc4427a05492916d589f1\">1.8. Atteikuma gad\u012bjum\u0101 Uz\u0146\u0113mums atmaks\u0101s no pat\u0113r\u0113t\u0101ja sa\u0146emtos l\u012bdzek\u013cus ne v\u0113l\u0101k k\u0101 14 dienu laik\u0101 no dienas, kad sa\u0146emts pazi\u0146ojums par atteikuma ties\u012bbu izmanto\u0161anu. Uz\u0146\u0113mums patur ties\u012bbas aiztur\u0113t atmaksu, l\u012bdz preces ir sa\u0146emtas vai pat\u0113r\u0113t\u0101js iesniedz apliecin\u0101jumu par to nos\u016bt\u012b\u0161anu.<\/p>\n\n\n\n<p class=\"has-background-color has-text-color has-link-color wp-elements-20c97193e93a8b99c8fcd0d42f020819\">Str\u012bdu iz\u0161\u0137ir\u0161ana \u2014 L\u016bdzu, nos\u016btiet savu s\u016bdz\u012bbu par pakalpojumiem elektroniski uz e-pasta adresi \u2014 info@nvmotors.lv vai uz pasta adresi Latgales iela 297-65, R\u012bga, LV-1063.<\/p>\n\n\n\n<p class=\"has-background-color has-text-color has-link-color wp-elements-b0f1b7659d22cc987190bf01fa6727f9\">Pieteikuma izskat\u012b\u0161anas termi\u0146\u0161 ir 7 darba dienas no t\u0101 sa\u0146em\u0161anas dienas, atbilde tiks nos\u016bt\u012bta uz pieteikum\u0101 nor\u0101d\u012bto adresi.<\/p>\n\n\n\n<p class=\"has-background-color has-text-color has-link-color wp-elements-a077bdcb35f5e8fb21c7de5199d8af63\">Ja s\u016bdz\u012bba tiek atz\u012bta par nepamatotu un j\u016bs nepiekr\u012btat l\u0113mumam vai uzskat\u0101t atbildi par nepamatotu, jums ir ties\u012bbas izmantot alternat\u012bvus str\u012bdu risin\u0101\u0161anas variantus, kas paredz\u0113ti normat\u012bvajos aktos, iesniedzot pakalpojumu sniedz\u0113jam rakstisku pieteikumu par str\u012bda \u0101rpustiesas risin\u0101\u0161anu, nor\u0101dot:<\/p>\n\n\n\n<p class=\"has-background-color has-text-color has-link-color wp-elements-7a6e94c810d7b909df7f656090a3df4a\">\u2014 v\u0101rdu, uzv\u0101rdu, kontaktinform\u0101ciju;<\/p>\n\n\n\n<p class=\"has-background-color has-text-color has-link-color wp-elements-8364cb020da3aa7c8ba94e7f696e20e9\">\u2014 pieteikuma iesnieg\u0161anas datumu;<\/p>\n\n\n\n<p class=\"has-background-color has-text-color has-link-color wp-elements-0efc32e759275325d29365dc58865349\">\u2014 str\u012bda raksturu, pras\u012bbas veidu un iemeslus, uz kuriem tas balst\u0101s.<\/p>\n\n\n\n<p class=\"has-background-color has-text-color has-link-color wp-elements-28d598edb80bb47b4a58ca96575a4910\">Inform\u0101cija par \u0101rpustiesas str\u012bdu iz\u0161\u0137ir\u0161anu:<\/p>\n\n\n\n<p class=\"has-background-color has-text-color has-link-color wp-elements-edc6dd4e8966a5135e3e9bb1544c894b\">http:\/\/www.ptac.gov.lv\/lv\/content\/stridu-risinasanas-process<\/p>\n\n\n\n<p class=\"has-background-color has-text-color has-link-color wp-elements-67bc907bb533c68e3a74373b44c1bdda\">http:\/\/www.ptac.gov.lv\/lv\/content\/arpustiesas-pateretaju-stridu-risinataju-datubaze<\/p>\n\n\n\n<p class=\"has-background-color has-text-color has-link-color wp-elements-699eb3b4862288f26fa07ac692e023b5\">Saska\u0146\u0101 ar Regulu Nr. 524\/2013 tika izveidota tie\u0161saistes str\u012bdu risin\u0101\u0161anas platforma, ko J\u016bs varat izmantot, lai risin\u0101tu domstarp\u012bbas ar uz\u0146\u0113mumu SIA NV Motors \u2014 https:\/\/ec.europa.eu\/consumers\/odr\/main\/index.cfm?event=main.home.chooseLanguage.<\/p>","protected":false},"excerpt":{"rendered":"<p>Pre\u010du atgrie\u0161ana 1. Atteikuma ties\u012bbas 1.1. Atteikuma ties\u012bbas var izmantot tikai Pirc\u0113ji, kas ir pat\u0113r\u0113t\u0101ji (personas, kas izsaka v\u0113lmi ieg\u0101d\u0101ties, [&hellip;]<\/p>\n","protected":false},"author":1,"featured_media":0,"parent":0,"menu_order":0,"comment_status":"closed","ping_status":"closed","template":"","meta":{"bwfblock_default_font":"","pagelayer_contact_templates":[],"_pagelayer_content":"","site-sidebar-layout":"default","site-content-layout":"","ast-site-content-layout":"default","site-content-style":"default","site-sidebar-style":"default","ast-global-header-display":"","ast-banner-title-visibility":"","ast-main-header-display":"","ast-hfb-above-header-display":"","ast-hfb-below-header-display":"","ast-hfb-mobile-header-display":"","site-post-title":"disabled","ast-breadcrumbs-content":"","ast-featured-img":"","footer-sml-layout":"","ast-disable-related-posts":"","theme-transparent-header-meta":"","adv-header-id-meta":"","stick-header-meta":"","header-above-stick-meta":"","header-main-stick-meta":"","header-below-stick-meta":"","astra-migrate-meta-layouts":"default","ast-page-background-enabled":"default","ast-page-background-meta":{"desktop":{"background-color":"var(--ast-global-color-5)","background-image":"","background-repeat":"repeat","background-position":"center center","background-size":"auto","background-attachment":"scroll","background-type":"","background-media":"","overlay-type":"","overlay-color":"","overlay-opacity":"","overlay-gradient":""},"tablet":{"background-color":"","background-image":"","background-repeat":"repeat","background-position":"center center","background-size":"auto","background-attachment":"scroll","background-type":"","background-media":"","overlay-type":"","overlay-color":"","overlay-opacity":"","overlay-gradient":""},"mobile":{"background-color":"","background-image":"","background-repeat":"repeat","background-position":"center center","background-size":"auto","background-attachment":"scroll","background-type":"","background-media":"","overlay-type":"","overlay-color":"","overlay-opacity":"","overlay-gradient":""}},"ast-content-background-meta":{"desktop":{"background-color":"var(--ast-global-color-4)","background-image":"","background-repeat":"repeat","background-position":"center center","background-size":"auto","background-attachment":"scroll","background-type":"","background-media":"","overlay-type":"","overlay-color":"","overlay-opacity":"","overlay-gradient":""},"tablet":{"background-color":"var(--ast-global-color-4)","background-image":"","background-repeat":"repeat","background-position":"center center","background-size":"auto","background-attachment":"scroll","background-type":"","background-media":"","overlay-type":"","overlay-color":"","overlay-opacity":"","overlay-gradient":""},"mobile":{"background-color":"var(--ast-global-color-4)","background-image":"","background-repeat":"repeat","background-position":"center center","background-size":"auto","background-attachment":"scroll","background-type":"","background-media":"","overlay-type":"","overlay-color":"","overlay-opacity":"","overlay-gradient":""}},"footnotes":""},"class_list":["post-1924","page","type-page","status-publish","hentry"],"jetpack_sharing_enabled":true,"_links":{"self":[{"href":"https:\/\/nvmotors.lv\/ru\/wp-json\/wp\/v2\/pages\/1924","targetHints":{"allow":["GET"]}}],"collection":[{"href":"https:\/\/nvmotors.lv\/ru\/wp-json\/wp\/v2\/pages"}],"about":[{"href":"https:\/\/nvmotors.lv\/ru\/wp-json\/wp\/v2\/types\/page"}],"author":[{"embeddable":true,"href":"https:\/\/nvmotors.lv\/ru\/wp-json\/wp\/v2\/users\/1"}],"replies":[{"embeddable":true,"href":"https:\/\/nvmotors.lv\/ru\/wp-json\/wp\/v2\/comments?post=1924"}],"version-history":[{"count":8,"href":"https:\/\/nvmotors.lv\/ru\/wp-json\/wp\/v2\/pages\/1924\/revisions"}],"predecessor-version":[{"id":4395,"href":"https:\/\/nvmotors.lv\/ru\/wp-json\/wp\/v2\/pages\/1924\/revisions\/4395"}],"wp:attachment":[{"href":"https:\/\/nvmotors.lv\/ru\/wp-json\/wp\/v2\/media?parent=1924"}],"curies":[{"name":"wp","href":"https:\/\/api.w.org\/{rel}","templated":true}]}}