{"id":1932,"date":"2026-01-14T20:55:55","date_gmt":"2026-01-14T20:55:55","guid":{"rendered":"https:\/\/nvmotors.lv\/?page_id=1932"},"modified":"2026-03-05T08:58:01","modified_gmt":"2026-03-05T08:58:01","slug":"usloviedostavki","status":"publish","type":"page","link":"https:\/\/nvmotors.lv\/ru\/usloviedostavki\/","title":{"rendered":"\u0423\u0441\u043b\u043e\u0432\u0438\u044f \u0434\u043e\u0441\u0442\u0430\u0432\u043a\u0438"},"content":{"rendered":"<h2 class=\"wp-block-heading has-background-color has-text-color has-link-color wp-elements-096a30313af3fa7f5b2f1f16db60fc04\">\u0423\u0441\u043b\u043e\u0432\u0438\u044f \u0434\u043e\u0441\u0442\u0430\u0432\u043a\u0438<br><\/h2>\n\n\n\n<div style=\"height:22px\" aria-hidden=\"true\" class=\"wp-block-spacer\"><\/div>\n\n\n\n<p class=\"has-background-color has-text-color has-link-color wp-elements-3ca37dc77de21eb85430e28415050d3f\">Pieg\u0101de<\/p>\n\n\n\n<p>1.1. Pre\u010du pieg\u0101dei var tikt piem\u0113rota pieg\u0101des maksa, kuras apm\u0113rs ir atkar\u012bgs no izv\u0113l\u0113t\u0101s pieg\u0101des metodes un sa\u0146em\u0161anas vietas. Pieg\u0101des izmaksas, ja t\u0101das ir, tiek nor\u0101d\u012btas, veicot pas\u016bt\u012bjumu (p\u0113c pieg\u0101des vietas izv\u0113les).<\/p>\n\n\n\n<p>1.2. Pre\u010du pieg\u0101de notiks tikai p\u0113c piln\u012bgas apmaksas un pieg\u0101des.<\/p>\n\n\n\n<p>1.3. Izv\u0113loties pieg\u0101di uz Omniva vai Venipak pakom\u0101tiem, Pirc\u0113jam ir j\u0101izv\u0113las v\u0113lam\u0101 pakom\u0101ta adrese pas\u016bt\u012bjuma sa\u0146em\u0161anai. Da\u017eos gad\u012bjumos, ja prece ir p\u0101r\u0101k smaga vai p\u0101r\u0101k liela, lai to pieg\u0101d\u0101tu pakom\u0101t\u0101, var tikt izmantota kurjera pieg\u0101de no SIA NV motors (turpmak NV pieg\u0101de), ja \u0161\u0101ds pakalpojums pa\u0161laik ir pieejams. \u0160\u0101dos gad\u012bjumos Pirc\u0113jam ir pien\u0101kums sniegt prec\u012bzu un piln\u012bgu inform\u0101ciju par pieg\u0101des vietu, lai nodro\u0161in\u0101tu veiksm\u012bgu pieg\u0101di. P\u0101rdev\u0113js un kurjers nav atbild\u012bgi par pieg\u0101des neveiksm\u0113m vai kav\u0113jumiem, kas radu\u0161ies Pirc\u0113ja sniegt\u0101s nepiln\u012bg\u0101s vai neprec\u012bz\u0101s inform\u0101cijas d\u0113\u013c.<\/p>\n\n\n\n<p>1.4. Izv\u0113loties NV pieg\u0101des metodi, Pirc\u0113js var main\u012bt pieg\u0101des adresi, iepriek\u0161 vienojoties ar P\u0101rdev\u0113ju, ja pas\u016bt\u012bjums jau ir apstiprin\u0101ts.<\/p>\n\n\n\n<p>1.5. Pirc\u0113jam ir pien\u0101kums pirms preces sa\u0146em\u0161anas p\u0101rbaud\u012bt, vai nav boj\u0101ts preces iepakojums. Ja tiek atkl\u0101ti iepakojuma boj\u0101jumi vai citas neatbilst\u012bbas, Pirc\u0113jam ir pien\u0101kums to atz\u012bm\u0113t pavadz\u012bm\u0113 un pazi\u0146ot Uz\u0146\u0113mumam.<\/p>\n\n\n\n<p>1.6. Ja Uz\u0146\u0113mums nevar pieg\u0101d\u0101t Pirc\u0113jam pas\u016bt\u012bto Preci, Uz\u0146\u0113mumam ir ties\u012bbas ar Pirc\u0113ja piekri\u0161anu pieg\u0101d\u0101t Pirc\u0113jam citu Preci par l\u012bdzv\u0113rt\u012bgu cenu; pret\u0113j\u0101 gad\u012bjum\u0101 Pirc\u0113jam tiks atmaks\u0101ta par nepieg\u0101d\u0101to Preci samaks\u0101t\u0101 nauda.<\/p>\n\n\n\n<p>1.7. Uz\u0146\u0113mumam ir ties\u012bbas nepieg\u0101d\u0101t Preci, ja Pirc\u0113js nav piln\u012bb\u0101 apmaks\u0101jis Preci un\/vai t\u0101s pieg\u0101di. Preces pieg\u0101de pirms apmaksas neatbr\u012bvo Pirc\u0113ju no pien\u0101kuma veikt maks\u0101jumu.<\/p>\n\n\n\n<p>1.8. Ja ar Pirc\u0113ju nav iesp\u0113jams sazin\u0101ties nor\u0101d\u012btaj\u0101 adres\u0113 vai laik\u0101, vai ja Pirc\u0113js neiz\u0146em preci nor\u0101d\u012btaj\u0101 laik\u0101 un\/vai viet\u0101, Uz\u0146\u0113mums un kurjers nav atbild\u012bgi par preces nesa\u0146em\u0161anu un\/vai t\u0101s sa\u0146em\u0161anas kav\u0113\u0161anos. \u0160\u0101d\u0101 gad\u012bjum\u0101 Pirc\u0113js nesa\u0146ems preces un pieg\u0101des izmaksu atmaksu. Ja Pirc\u0113js pieprasa atk\u0101rtotu pieg\u0101di, t\u0101 tiks nodro\u0161in\u0101ta par papildu samaksu saska\u0146\u0101 ar interneta veikal\u0101 nor\u0101d\u012bto cenu.<\/p>\n\n\n\n<p class=\"has-background-color has-text-color has-link-color wp-elements-ee9f789b324aa698955ac6f02c8dc5df\">1.9. Uz\u0146\u0113mums neatbild par kav\u0113jumiem un\/vai neprecizit\u0101t\u0113m, kas saist\u012btas ar Pirc\u0113ja izv\u0113l\u0113t\u0101 kurjera sniegtajiem pieg\u0101des pakalpojumiem.<\/p>\n\n\n\n<p class=\"has-heading-color-color has-text-color has-link-color wp-elements-2ae898b0c9647dcb2ea20c3e00bd72bf\"><\/p>","protected":false},"excerpt":{"rendered":"<p>Pieg\u0101des nosac\u012bjumi Pieg\u0101de 1.1. Pre\u010du pieg\u0101dei var tikt piem\u0113rota pieg\u0101des maksa, kuras apm\u0113rs ir atkar\u012bgs no izv\u0113l\u0113t\u0101s pieg\u0101des metodes un [&hellip;]<\/p>\n","protected":false},"author":1,"featured_media":0,"parent":0,"menu_order":0,"comment_status":"closed","ping_status":"closed","template":"","meta":{"bwfblock_default_font":"","pagelayer_contact_templates":[],"_pagelayer_content":"","site-sidebar-layout":"default","site-content-layout":"","ast-site-content-layout":"default","site-content-style":"default","site-sidebar-style":"default","ast-global-header-display":"","ast-banner-title-visibility":"","ast-main-header-display":"","ast-hfb-above-header-display":"","ast-hfb-below-header-display":"","ast-hfb-mobile-header-display":"","site-post-title":"disabled","ast-breadcrumbs-content":"","ast-featured-img":"","footer-sml-layout":"","ast-disable-related-posts":"","theme-transparent-header-meta":"","adv-header-id-meta":"","stick-header-meta":"","header-above-stick-meta":"","header-main-stick-meta":"","header-below-stick-meta":"","astra-migrate-meta-layouts":"default","ast-page-background-enabled":"default","ast-page-background-meta":{"desktop":{"background-color":"var(--ast-global-color-5)","background-image":"","background-repeat":"repeat","background-position":"center center","background-size":"auto","background-attachment":"scroll","background-type":"","background-media":"","overlay-type":"","overlay-color":"","overlay-opacity":"","overlay-gradient":""},"tablet":{"background-color":"","background-image":"","background-repeat":"repeat","background-position":"center center","background-size":"auto","background-attachment":"scroll","background-type":"","background-media":"","overlay-type":"","overlay-color":"","overlay-opacity":"","overlay-gradient":""},"mobile":{"background-color":"","background-image":"","background-repeat":"repeat","background-position":"center center","background-size":"auto","background-attachment":"scroll","background-type":"","background-media":"","overlay-type":"","overlay-color":"","overlay-opacity":"","overlay-gradient":""}},"ast-content-background-meta":{"desktop":{"background-color":"var(--ast-global-color-4)","background-image":"","background-repeat":"repeat","background-position":"center center","background-size":"auto","background-attachment":"scroll","background-type":"","background-media":"","overlay-type":"","overlay-color":"","overlay-opacity":"","overlay-gradient":""},"tablet":{"background-color":"var(--ast-global-color-4)","background-image":"","background-repeat":"repeat","background-position":"center center","background-size":"auto","background-attachment":"scroll","background-type":"","background-media":"","overlay-type":"","overlay-color":"","overlay-opacity":"","overlay-gradient":""},"mobile":{"background-color":"var(--ast-global-color-4)","background-image":"","background-repeat":"repeat","background-position":"center center","background-size":"auto","background-attachment":"scroll","background-type":"","background-media":"","overlay-type":"","overlay-color":"","overlay-opacity":"","overlay-gradient":""}},"footnotes":""},"class_list":["post-1932","page","type-page","status-publish","hentry"],"jetpack_sharing_enabled":true,"_links":{"self":[{"href":"https:\/\/nvmotors.lv\/ru\/wp-json\/wp\/v2\/pages\/1932","targetHints":{"allow":["GET"]}}],"collection":[{"href":"https:\/\/nvmotors.lv\/ru\/wp-json\/wp\/v2\/pages"}],"about":[{"href":"https:\/\/nvmotors.lv\/ru\/wp-json\/wp\/v2\/types\/page"}],"author":[{"embeddable":true,"href":"https:\/\/nvmotors.lv\/ru\/wp-json\/wp\/v2\/users\/1"}],"replies":[{"embeddable":true,"href":"https:\/\/nvmotors.lv\/ru\/wp-json\/wp\/v2\/comments?post=1932"}],"version-history":[{"count":8,"href":"https:\/\/nvmotors.lv\/ru\/wp-json\/wp\/v2\/pages\/1932\/revisions"}],"predecessor-version":[{"id":7153,"href":"https:\/\/nvmotors.lv\/ru\/wp-json\/wp\/v2\/pages\/1932\/revisions\/7153"}],"wp:attachment":[{"href":"https:\/\/nvmotors.lv\/ru\/wp-json\/wp\/v2\/media?parent=1932"}],"curies":[{"name":"wp","href":"https:\/\/api.w.org\/{rel}","templated":true}]}}