{"id":1964,"date":"2026-01-14T22:17:07","date_gmt":"2026-01-14T22:17:07","guid":{"rendered":"https:\/\/nvmotors.lv\/?page_id=1964"},"modified":"2026-03-08T01:50:54","modified_gmt":"2026-03-08T01:50:54","slug":"form2","status":"publish","type":"page","link":"https:\/\/nvmotors.lv\/ru\/form2\/","title":{"rendered":"\u0423\u0437\u043d\u0430\u0439\u0442\u0435 \u0441\u0442\u043e\u0438\u043c\u043e\u0441\u0442\u044c \u0437\u0430\u043c\u0435\u043d\u044b \u0441\u0442\u0435\u043a\u043b\u0430 (\u043f\u043e \u043d\u043e\u043c\u0435\u0440\u0443 LV \u0438\u043b\u0438 VIN)."},"content":{"rendered":"<style id=\"wpforms-css-vars-1678-block-5e701480-d3b1-4c34-8696-f6b161ed0c26\">\n\t\t\t\t#wpforms-1678.wpforms-block-5e701480-d3b1-4c34-8696-f6b161ed0c26 {\n\t\t\t\t--wpforms-label-color: #52a300;\n--wpforms-label-sublabel-color: rgba(0, 0, 0, 0.55);\n--wpforms-field-border-color: rgba(0, 0, 0, 0.25);\n--wpforms-field-border-color-spare: rgba(0, 0, 0, 0.25);\n--wpforms-field-text-color: #000000;\n--wpforms-field-size-input-height: 31px;\n--wpforms-field-size-input-spacing: 10px;\n--wpforms-field-size-font-size: 14px;\n--wpforms-field-size-line-height: 17px;\n--wpforms-field-size-padding-h: 9px;\n--wpforms-field-size-checkbox-size: 14px;\n--wpforms-field-size-sublabel-spacing: 5px;\n--wpforms-field-size-icon-size: 0.75;\n\t\t\t}\n\t\t\t<\/style><div class=\"wpforms-container wpforms-container-full wpforms-block wpforms-block-5e701480-d3b1-4c34-8696-f6b161ed0c26 wpforms-render-modern\" id=\"wpforms-1678\"><form id=\"wpforms-form-1678\" class=\"wpforms-validate wpforms-form wpforms-ajax-form\" data-formid=\"1678\" method=\"post\" enctype=\"multipart\/form-data\" action=\"\/ru\/wp-json\/wp\/v2\/pages\/1964\" data-token=\"5ecd346e791dc92b1ae1070864334524\" data-token-time=\"1777566852\"><noscript class=\"wpforms-error-noscript\">\u0414\u043b\u044f \u0437\u0430\u043f\u043e\u043b\u043d\u0435\u043d\u0438\u044f \u0434\u0430\u043d\u043d\u043e\u0439 \u0444\u043e\u0440\u043c\u044b \u0432\u043a\u043b\u044e\u0447\u0438\u0442\u0435 JavaScript \u0432 \u0431\u0440\u0430\u0443\u0437\u0435\u0440\u0435.<\/noscript><div id=\"wpforms-error-noscript\" style=\"display: none;\">\u0414\u043b\u044f \u0437\u0430\u043f\u043e\u043b\u043d\u0435\u043d\u0438\u044f \u0434\u0430\u043d\u043d\u043e\u0439 \u0444\u043e\u0440\u043c\u044b \u0432\u043a\u043b\u044e\u0447\u0438\u0442\u0435 JavaScript \u0432 \u0431\u0440\u0430\u0443\u0437\u0435\u0440\u0435.<\/div><div class=\"wpforms-field-container\"><div id=\"wpforms-1678-field_14-container\" class=\"wpforms-field wpforms-field-select wpforms-field-select-style-classic\" data-field-id=\"14\"><label class=\"wpforms-field-label\" for=\"wpforms-1678-field_14\">Stikla veids<\/label><select id=\"wpforms-1678-field_14\" class=\"wpforms-field-medium\" name=\"wpforms[fields][14]\"><option value=\"V\u0113jstikls\"  class=\"choice-1 depth-1\"  >V\u0113jstikls<\/option><option value=\"Aizmugur\u0113jais stikls\"  class=\"choice-2 depth-1\"  >Aizmugur\u0113jais stikls<\/option><option value=\"Cits, nor\u0101diet koment\u0101ros\"  class=\"choice-3 depth-1\"  >Cits, nor\u0101diet koment\u0101ros<\/option><\/select><\/div>\t\t<div id=\"wpforms-1678-field_1-container\"\n\t\t\tclass=\"wpforms-field wpforms-field-text\"\n\t\t\tdata-field-type=\"text\"\n\t\t\tdata-field-id=\"1\"\n\t\t\t>\n\t\t\t<label class=\"wpforms-field-label\" for=\"wpforms-1678-field_1\" >Stikla E-pasta T\u0101lrunis<\/label>\n\t\t\t<input type=\"text\" id=\"wpforms-1678-field_1\" class=\"wpforms-field-medium\" name=\"wpforms[fields][1]\" >\n\t\t<\/div>\n\t\t<div id=\"wpforms-1678-field_5-container\" class=\"wpforms-field wpforms-field-text\" data-field-id=\"5\"><label class=\"wpforms-field-label\" for=\"wpforms-1678-field_5\">Valsts numurs<\/label><input type=\"text\" id=\"wpforms-1678-field_5\" class=\"wpforms-field-medium wpforms-limit-characters-enabled\" data-form-id=\"1678\" data-field-id=\"5\" data-text-limit=\"15\" name=\"wpforms[fields][5]\" placeholder=\"AA0000\" aria-errormessage=\"wpforms-1678-field_5-error\" maxlength=\"15\" ><\/div><div id=\"wpforms-1678-field_6-container\" class=\"wpforms-field wpforms-field-text\" data-field-id=\"6\"><label class=\"wpforms-field-label\" for=\"wpforms-1678-field_6\">VIN<\/label><input type=\"text\" id=\"wpforms-1678-field_6\" class=\"wpforms-field-medium wpforms-limit-characters-enabled\" data-form-id=\"1678\" data-field-id=\"6\" data-text-limit=\"17\" name=\"wpforms[fields][6]\" placeholder=\"XXXXXXXXXXXXXXXXX\" aria-errormessage=\"wpforms-1678-field_6-error\" maxlength=\"17\" ><\/div><div id=\"wpforms-1678-field_8-container\" class=\"wpforms-field wpforms-field-text\" data-field-id=\"8\"><label class=\"wpforms-field-label\" for=\"wpforms-1678-field_8\">T\u0101lrunis <span class=\"wpforms-required-label\" aria-hidden=\"true\">*<\/span><\/label><input type=\"text\" id=\"wpforms-1678-field_8\" class=\"wpforms-field-medium wpforms-field-required wpforms-limit-characters-enabled\" data-form-id=\"1678\" data-field-id=\"8\" data-text-limit=\"8\" name=\"wpforms[fields][8]\" placeholder=\"1234567\" aria-errormessage=\"wpforms-1678-field_8-error\" maxlength=\"8\" required><\/div><div id=\"wpforms-1678-field_19-container\" class=\"wpforms-field wpforms-field-email\" data-field-id=\"19\"><label class=\"wpforms-field-label\" for=\"wpforms-1678-field_19\">E-pasta<\/label><input type=\"email\" id=\"wpforms-1678-field_19\" class=\"wpforms-field-medium\" name=\"wpforms[fields][19]\" spellcheck=\"false\" aria-errormessage=\"wpforms-1678-field_19-error\" ><\/div><div id=\"wpforms-1678-field_7-container\" class=\"wpforms-field wpforms-field-textarea\" data-field-id=\"7\"><label class=\"wpforms-field-label\" for=\"wpforms-1678-field_7\">Papildinform\u0101cija&#8230;<\/label><textarea id=\"wpforms-1678-field_7\" class=\"wpforms-field-medium wpforms-limit-characters-enabled\" data-form-id=\"1678\" data-field-id=\"7\" data-text-limit=\"1000\" name=\"wpforms[fields][7]\" placeholder=\"V\u0113jstikls, aizmugur\u0113jais, durvju stikls utt. K\u0101das opcijas ir (sensors, apsilde, kamera...)\" aria-errormessage=\"wpforms-1678-field_7-error\" maxlength=\"1000\" ><\/textarea><\/div><script>\n\t\t\t\t( function() {\n\t\t\t\t\tconst style = document.createElement( 'style' );\n\t\t\t\t\tstyle.appendChild( document.createTextNode( '#wpforms-1678-field_1-container { position: absolute !important; overflow: hidden !important; display: inline !important; height: 1px !important; width: 1px !important; z-index: -1000 !important; padding: 0 !important; } #wpforms-1678-field_1-container input { visibility: hidden; } #wpforms-conversational-form-page #wpforms-1678-field_1-container label { counter-increment: none; }' ) );\n\t\t\t\t\tdocument.head.appendChild( style );\n\t\t\t\t\tdocument.currentScript?.remove();\n\t\t\t\t} )();\n\t\t\t<\/script><\/div><!-- .wpforms-field-container --><div class=\"wpforms-submit-container\" ><input type=\"hidden\" name=\"wpforms[id]\" value=\"1678\"><input type=\"hidden\" name=\"page_title\" value=\"\"><input type=\"hidden\" name=\"page_url\" value=\"https:\/\/nvmotors.lv\/ru\/wp-json\/wp\/v2\/pages\/1964\"><input type=\"hidden\" name=\"url_referer\" value=\"\"><button type=\"submit\" name=\"wpforms[submit]\" id=\"wpforms-submit-1678\" class=\"wpforms-submit\" data-alt-text=\"S\u016bt\u012b\u0161ana...\" data-submit-text=\"S\u016bt\u012bt piepras\u012bjumu...\" aria-live=\"assertive\" value=\"wpforms-submit\">S\u016bt\u012bt piepras\u012bjumu&#8230;<\/button><img loading=\"lazy\" decoding=\"async\" src=\"https:\/\/nvmotors.lv\/wp-content\/plugins\/wpforms-lite\/assets\/images\/submit-spin.svg\" class=\"wpforms-submit-spinner\" style=\"display: none;\" width=\"26\" height=\"26\" alt=\"\u0417\u0430\u0433\u0440\u0443\u0437\u043a\u0430\"><\/div><\/form><\/div>  <!-- .wpforms-container -->","protected":false},"excerpt":{"rendered":"","protected":false},"author":1,"featured_media":0,"parent":0,"menu_order":0,"comment_status":"closed","ping_status":"closed","template":"","meta":{"bwfblock_default_font":"","pagelayer_contact_templates":[],"_pagelayer_content":"","site-sidebar-layout":"default","site-content-layout":"","ast-site-content-layout":"default","site-content-style":"default","site-sidebar-style":"default","ast-global-header-display":"","ast-banner-title-visibility":"","ast-main-header-display":"","ast-hfb-above-header-display":"","ast-hfb-below-header-display":"","ast-hfb-mobile-header-display":"","site-post-title":"","ast-breadcrumbs-content":"","ast-featured-img":"","footer-sml-layout":"","ast-disable-related-posts":"","theme-transparent-header-meta":"","adv-header-id-meta":"","stick-header-meta":"","header-above-stick-meta":"","header-main-stick-meta":"","header-below-stick-meta":"","astra-migrate-meta-layouts":"default","ast-page-background-enabled":"default","ast-page-background-meta":{"desktop":{"background-color":"var(--ast-global-color-5)","background-image":"","background-repeat":"repeat","background-position":"center center","background-size":"auto","background-attachment":"scroll","background-type":"","background-media":"","overlay-type":"","overlay-color":"","overlay-opacity":"","overlay-gradient":""},"tablet":{"background-color":"","background-image":"","background-repeat":"repeat","background-position":"center center","background-size":"auto","background-attachment":"scroll","background-type":"","background-media":"","overlay-type":"","overlay-color":"","overlay-opacity":"","overlay-gradient":""},"mobile":{"background-color":"","background-image":"","background-repeat":"repeat","background-position":"center center","background-size":"auto","background-attachment":"scroll","background-type":"","background-media":"","overlay-type":"","overlay-color":"","overlay-opacity":"","overlay-gradient":""}},"ast-content-background-meta":{"desktop":{"background-color":"var(--ast-global-color-4)","background-image":"","background-repeat":"repeat","background-position":"center center","background-size":"auto","background-attachment":"scroll","background-type":"","background-media":"","overlay-type":"","overlay-color":"","overlay-opacity":"","overlay-gradient":""},"tablet":{"background-color":"var(--ast-global-color-4)","background-image":"","background-repeat":"repeat","background-position":"center center","background-size":"auto","background-attachment":"scroll","background-type":"","background-media":"","overlay-type":"","overlay-color":"","overlay-opacity":"","overlay-gradient":""},"mobile":{"background-color":"var(--ast-global-color-4)","background-image":"","background-repeat":"repeat","background-position":"center center","background-size":"auto","background-attachment":"scroll","background-type":"","background-media":"","overlay-type":"","overlay-color":"","overlay-opacity":"","overlay-gradient":""}},"footnotes":""},"class_list":["post-1964","page","type-page","status-publish","hentry"],"jetpack_sharing_enabled":true,"_links":{"self":[{"href":"https:\/\/nvmotors.lv\/ru\/wp-json\/wp\/v2\/pages\/1964","targetHints":{"allow":["GET"]}}],"collection":[{"href":"https:\/\/nvmotors.lv\/ru\/wp-json\/wp\/v2\/pages"}],"about":[{"href":"https:\/\/nvmotors.lv\/ru\/wp-json\/wp\/v2\/types\/page"}],"author":[{"embeddable":true,"href":"https:\/\/nvmotors.lv\/ru\/wp-json\/wp\/v2\/users\/1"}],"replies":[{"embeddable":true,"href":"https:\/\/nvmotors.lv\/ru\/wp-json\/wp\/v2\/comments?post=1964"}],"version-history":[{"count":11,"href":"https:\/\/nvmotors.lv\/ru\/wp-json\/wp\/v2\/pages\/1964\/revisions"}],"predecessor-version":[{"id":7238,"href":"https:\/\/nvmotors.lv\/ru\/wp-json\/wp\/v2\/pages\/1964\/revisions\/7238"}],"wp:attachment":[{"href":"https:\/\/nvmotors.lv\/ru\/wp-json\/wp\/v2\/media?parent=1964"}],"curies":[{"name":"wp","href":"https:\/\/api.w.org\/{rel}","templated":true}]}}