{"id":1998,"date":"2026-01-14T23:15:19","date_gmt":"2026-01-14T23:15:19","guid":{"rendered":"https:\/\/nvmotors.lv\/?page_id=1998"},"modified":"2026-02-24T00:01:01","modified_gmt":"2026-02-24T00:01:01","slug":"about","status":"publish","type":"page","link":"https:\/\/nvmotors.lv\/ru\/about\/","title":{"rendered":"\u041e \u043d\u0430\u0441"},"content":{"rendered":"<h2 class=\"wp-block-heading has-background-color has-text-color has-link-color wp-elements-f139b21b9b7a1168b8594939cffb80b3\">\u041e \u043d\u0430\u0441<br><\/h2>\n\n\n\n<div style=\"height:22px\" aria-hidden=\"true\" class=\"wp-block-spacer\"><\/div>\n\n\n\n<p><\/p>\n\n\n\n<p class=\"has-background-color has-text-color has-link-color wp-elements-ab316c3277ecfaa3e0d12ecb373b6adf\">\u041c\u044b \u0441\u043f\u0435\u0446\u0438\u0430\u043b\u0438\u0437\u0438\u0440\u0443\u0435\u043c\u0441\u044f \u043d\u0430 \u043f\u0440\u043e\u0434\u0430\u0436\u0435 \u0438 \u043f\u0440\u043e\u0444\u0435\u0441\u0441\u0438\u043e\u043d\u0430\u043b\u044c\u043d\u043e\u0439 \u0443\u0441\u0442\u0430\u043d\u043e\u0432\u043a\u0435 \u0430\u0432\u0442\u043e\u043c\u043e\u0431\u0438\u043b\u044c\u043d\u044b\u0445  \u0441\u0442\u0435\u043a\u043e\u043b. \u0412 \u043e\u0441\u043d\u043e\u0432\u0435 \u043d\u0430\u0448\u0435\u0439 \u0440\u0430\u0431\u043e\u0442\u044b \u043b\u0435\u0436\u0430\u0442 \u043e\u043f\u044b\u0442, \u0438\u0441\u043f\u043e\u043b\u044c\u0437\u043e\u0432\u0430\u043d\u0438\u0435 \u0441\u043e\u0432\u0440\u0435\u043c\u0435\u043d\u043d\u044b\u0445 \u0442\u0435\u0445\u043d\u043e\u043b\u043e\u0433\u0438\u0439 \u0438 \u0431\u0435\u0440\u0435\u0436\u043d\u044b\u0439 \u043f\u043e\u0434\u0445\u043e\u0434 \u043a \u043a\u0430\u0436\u0434\u043e\u043c\u0443 \u0430\u0432\u0442\u043e\u043c\u043e\u0431\u0438\u043b\u044e.<\/p>\n\n\n\n<p class=\"has-background-color has-text-color has-link-color wp-elements-65b812f510b580c05e91e559e542ca5c\">\u0417\u0430 \u0433\u043e\u0434\u044b \u0440\u0430\u0431\u043e\u0442\u044b \u043c\u044b \u0440\u0430\u0437\u0440\u0430\u0431\u043e\u0442\u0430\u043b\u0438 \u043f\u043e\u043d\u044f\u0442\u043d\u044b\u0439 \u0438 \u043d\u0430\u0434\u0435\u0436\u043d\u044b\u0439 \u043f\u0440\u043e\u0446\u0435\u0441\u0441 \u2014 \u043e\u0442 \u043f\u0435\u0440\u0432\u043e\u043d\u0430\u0447\u0430\u043b\u044c\u043d\u043e\u0439 \u043a\u043e\u043d\u0441\u0443\u043b\u044c\u0442\u0430\u0446\u0438\u0438 \u0438 \u0432\u044b\u0431\u043e\u0440\u0430 \u0441\u0442\u0435\u043a\u043b\u0430 \u0434\u043e \u0432\u044b\u0441\u043e\u043a\u043e\u043a\u0430\u0447\u0435\u0441\u0442\u0432\u0435\u043d\u043d\u043e\u0439 \u0443\u0441\u0442\u0430\u043d\u043e\u0432\u043a\u0438. \u041c\u044b \u043f\u043e\u043d\u0438\u043c\u0430\u0435\u043c, \u0447\u0442\u043e \u0437\u0430\u043c\u0435\u043d\u0430 \u0430\u0432\u0442\u043e\u043c\u043e\u0431\u0438\u043b\u044c\u043d\u043e\u0433\u043e \u0441\u0442\u0435\u043a\u043b\u0430 \u2014 \u044d\u0442\u043e \u043d\u0435 \u0442\u043e\u043b\u044c\u043a\u043e \u0432\u043e\u043f\u0440\u043e\u0441 \u0432\u043d\u0435\u0448\u043d\u0435\u0433\u043e \u0432\u0438\u0434\u0430, \u043d\u043e \u0438 \u0431\u0435\u0437\u043e\u043f\u0430\u0441\u043d\u043e\u0441\u0442\u0438 \u0432\u043e\u0434\u0438\u0442\u0435\u043b\u044f \u0438 \u043f\u0430\u0441\u0441\u0430\u0436\u0438\u0440\u043e\u0432, \u043f\u043e\u044d\u0442\u043e\u043c\u0443 \u043c\u044b \u0438\u0441\u043f\u043e\u043b\u044c\u0437\u0443\u0435\u043c \u043f\u0440\u043e\u0432\u0435\u0440\u0435\u043d\u043d\u044b\u0435 \u043c\u0430\u0442\u0435\u0440\u0438\u0430\u043b\u044b \u0438 \u0441\u043e\u0431\u043b\u044e\u0434\u0430\u0435\u043c \u0432\u0441\u0435 \u0442\u0435\u0445\u043d\u0438\u0447\u0435\u0441\u043a\u0438\u0435 \u0442\u0440\u0435\u0431\u043e\u0432\u0430\u043d\u0438\u044f.<\/p>\n\n\n\n<p class=\"has-background-color has-text-color has-link-color wp-elements-85bc0a2fa39cbb2259d0553184502d04\">\u041c\u044b \u043f\u043e\u0434\u0431\u0438\u0440\u0430\u0435\u043c \u043e\u043f\u0442\u0438\u043c\u0430\u043b\u044c\u043d\u043e\u0435 \u0441\u0442\u0435\u043a\u043b\u043e \u0434\u043b\u044f \u043a\u043e\u043d\u043a\u0440\u0435\u0442\u043d\u043e\u0433\u043e \u0430\u0432\u0442\u043e\u043c\u043e\u0431\u0438\u043b\u044f, \u0443\u0447\u0438\u0442\u044b\u0432\u0430\u044f \u0435\u0433\u043e \u0445\u0430\u0440\u0430\u043a\u0442\u0435\u0440\u0438\u0441\u0442\u0438\u043a\u0438 \u0438 \u043a\u043e\u043c\u043f\u043b\u0435\u043a\u0442\u0430\u0446\u0438\u044e. \u0410\u0441\u0441\u043e\u0440\u0442\u0438\u043c\u0435\u043d\u0442 \u0432\u043a\u043b\u044e\u0447\u0430\u0435\u0442 \u0440\u0435\u0448\u0435\u043d\u0438\u044f \u043e\u0442 \u0431\u044e\u0434\u0436\u0435\u0442\u043d\u043e\u0433\u043e \u0434\u043e \u043f\u0440\u0435\u043c\u0438\u0443\u043c-\u043a\u043b\u0430\u0441\u0441\u0430 \u2014 \u0431\u043e\u043b\u0435\u0435 5000 \u043d\u0430\u0438\u043c\u0435\u043d\u043e\u0432\u0430\u043d\u0438\u0439 \u0430\u0432\u0442\u043e\u043c\u043e\u0431\u0438\u043b\u044c\u043d\u044b\u0445 \u0441\u0442\u0435\u043a\u043e\u043b \u0434\u043b\u044f \u0440\u0430\u0437\u043b\u0438\u0447\u043d\u044b\u0445 \u043c\u0430\u0440\u043e\u043a \u0438 \u043c\u043e\u0434\u0435\u043b\u0435\u0439.<\/p>\n\n\n\n<p class=\"has-background-color has-text-color has-link-color wp-elements-01516a7d89ce09e10ff008b0f4e6cb5d\">\u0412\u0441\u0435 \u0440\u0430\u0431\u043e\u0442\u044b \u0432\u044b\u043f\u043e\u043b\u043d\u044f\u044e\u0442\u0441\u044f \u0432 \u0441\u043e\u0433\u043b\u0430\u0441\u043e\u0432\u0430\u043d\u043d\u044b\u0435 \u0441\u0440\u043e\u043a\u0438, \u0431\u0435\u0437 \u0441\u043f\u0435\u0448\u043a\u0438 \u0438 \u0443\u0449\u0435\u0440\u0431\u0430 \u043a\u0430\u0447\u0435\u0441\u0442\u0432\u0443. \u041c\u044b \u0446\u0435\u043d\u0438\u043c \u0434\u043e\u0432\u0435\u0440\u0438\u0435 \u043d\u0430\u0448\u0438\u0445 \u043a\u043b\u0438\u0435\u043d\u0442\u043e\u0432, \u043f\u043e\u044d\u0442\u043e\u043c\u0443 \u043f\u0440\u0435\u0434\u043e\u0441\u0442\u0430\u0432\u043b\u044f\u0435\u043c \u0433\u0430\u0440\u0430\u043d\u0442\u0438\u044e \u043d\u0430 \u0432\u044b\u043f\u043e\u043b\u043d\u0435\u043d\u043d\u044b\u0435 \u0440\u0430\u0431\u043e\u0442\u044b \u0438 \u0432\u044b\u0434\u0430\u0435\u043c \u043a\u0432\u0438\u0442\u0430\u043d\u0446\u0438\u044e.<\/p>\n\n\n\n<p class=\"has-background-color has-text-color has-link-color wp-elements-ddf55af3660abafe287bbbb6698e23ef\">\u041d\u0430\u0448\u0430 \u0446\u0435\u043b\u044c \u2014 \u043e\u0431\u0435\u0441\u043f\u0435\u0447\u0438\u0442\u044c \u0432\u044b\u0441\u043e\u043a\u043e\u043a\u0430\u0447\u0435\u0441\u0442\u0432\u0435\u043d\u043d\u0443\u044e \u0438 \u0431\u0435\u0437\u043e\u043f\u0430\u0441\u043d\u0443\u044e \u0437\u0430\u043c\u0435\u043d\u0443 \u0430\u0432\u0442\u043e\u043c\u043e\u0431\u0438\u043b\u044c\u043d\u044b\u0445 \u0441\u0442\u0435\u043a\u043e\u043b, \u0447\u0442\u043e\u0431\u044b \u043a\u043b\u0438\u0435\u043d\u0442 \u0431\u044b\u043b \u0443\u0432\u0435\u0440\u0435\u043d \u0432 \u0440\u0435\u0437\u0443\u043b\u044c\u0442\u0430\u0442\u0435.<\/p>\n\n\n\n<p><strong>\u041e\u0444\u0438\u0446\u0438\u0430\u043b\u044c\u043d\u044b\u0439 \u043f\u0440\u0435\u0434\u0441\u0442\u0430\u0432\u0438\u0442\u0435\u043b\u044c \u0438\u043d\u0441\u0442\u0440\u0443\u043c\u0435\u043d\u0442\u0430 \u00ab\u0410\u0432\u0442\u043e\u0414\u0435\u043b\u043e\u00bb.<\/strong><\/p>\n\n\n\n<p>\u041c\u044b \u044f\u0432\u043b\u044f\u0435\u043c\u0441\u044f \u043e\u0444\u0438\u0446\u0438\u0430\u043b\u044c\u043d\u044b\u043c\u0438 \u043f\u0440\u0435\u0434\u0441\u0442\u0430\u0432\u0438\u0442\u0435\u043b\u044f\u043c\u0438 \u0431\u0440\u0435\u043d\u0434\u0430 \u0432 \u043a\u0430\u0442\u0435\u0433\u043e\u0440\u0438\u0438 \u0438\u043d\u0441\u0442\u0440\u0443\u043c\u0435\u043d\u0442\u043e\u0432.&nbsp;<strong>AutoDelo<\/strong>. Tas \u013cauj mums pied\u0101v\u0101t profesion\u0101lus komplektus, uzgrie\u017e\u0146u atsl\u0113gas un speci\u0101los komplektus tie\u0161i no m\u016bsu noliktavas par vislab\u0101kaj\u0101m cen\u0101m. Visi instrumenti ir sertific\u0113ti un piem\u0113roti gan person\u012bgai, gan profesion\u0101lai lieto\u0161anai.<\/p>\n\n\n\n<p><\/p>","protected":false},"excerpt":{"rendered":"<p>Par mums M\u0113s specializ\u0113jamies vieglo un komerci\u0101lo automobi\u013cu autostiklu tirdzniec\u012bb\u0101 un profesion\u0101l\u0101 uzst\u0101d\u012b\u0161an\u0101. M\u016bsu darbs balst\u0101s uz pieredzi, tehnolo\u0123iju iev\u0113ro\u0161anu [&hellip;]<\/p>\n","protected":false},"author":1,"featured_media":0,"parent":0,"menu_order":0,"comment_status":"closed","ping_status":"closed","template":"","meta":{"bwfblock_default_font":"","pagelayer_contact_templates":[],"_pagelayer_content":"","site-sidebar-layout":"default","site-content-layout":"","ast-site-content-layout":"default","site-content-style":"default","site-sidebar-style":"default","ast-global-header-display":"","ast-banner-title-visibility":"","ast-main-header-display":"","ast-hfb-above-header-display":"","ast-hfb-below-header-display":"","ast-hfb-mobile-header-display":"","site-post-title":"disabled","ast-breadcrumbs-content":"","ast-featured-img":"","footer-sml-layout":"","ast-disable-related-posts":"","theme-transparent-header-meta":"","adv-header-id-meta":"","stick-header-meta":"","header-above-stick-meta":"","header-main-stick-meta":"","header-below-stick-meta":"","astra-migrate-meta-layouts":"default","ast-page-background-enabled":"default","ast-page-background-meta":{"desktop":{"background-color":"var(--ast-global-color-5)","background-image":"","background-repeat":"repeat","background-position":"center center","background-size":"auto","background-attachment":"scroll","background-type":"","background-media":"","overlay-type":"","overlay-color":"","overlay-opacity":"","overlay-gradient":""},"tablet":{"background-color":"","background-image":"","background-repeat":"repeat","background-position":"center center","background-size":"auto","background-attachment":"scroll","background-type":"","background-media":"","overlay-type":"","overlay-color":"","overlay-opacity":"","overlay-gradient":""},"mobile":{"background-color":"","background-image":"","background-repeat":"repeat","background-position":"center center","background-size":"auto","background-attachment":"scroll","background-type":"","background-media":"","overlay-type":"","overlay-color":"","overlay-opacity":"","overlay-gradient":""}},"ast-content-background-meta":{"desktop":{"background-color":"var(--ast-global-color-4)","background-image":"","background-repeat":"repeat","background-position":"center center","background-size":"auto","background-attachment":"scroll","background-type":"","background-media":"","overlay-type":"","overlay-color":"","overlay-opacity":"","overlay-gradient":""},"tablet":{"background-color":"var(--ast-global-color-4)","background-image":"","background-repeat":"repeat","background-position":"center center","background-size":"auto","background-attachment":"scroll","background-type":"","background-media":"","overlay-type":"","overlay-color":"","overlay-opacity":"","overlay-gradient":""},"mobile":{"background-color":"var(--ast-global-color-4)","background-image":"","background-repeat":"repeat","background-position":"center center","background-size":"auto","background-attachment":"scroll","background-type":"","background-media":"","overlay-type":"","overlay-color":"","overlay-opacity":"","overlay-gradient":""}},"footnotes":""},"class_list":["post-1998","page","type-page","status-publish","hentry"],"jetpack_sharing_enabled":true,"_links":{"self":[{"href":"https:\/\/nvmotors.lv\/ru\/wp-json\/wp\/v2\/pages\/1998","targetHints":{"allow":["GET"]}}],"collection":[{"href":"https:\/\/nvmotors.lv\/ru\/wp-json\/wp\/v2\/pages"}],"about":[{"href":"https:\/\/nvmotors.lv\/ru\/wp-json\/wp\/v2\/types\/page"}],"author":[{"embeddable":true,"href":"https:\/\/nvmotors.lv\/ru\/wp-json\/wp\/v2\/users\/1"}],"replies":[{"embeddable":true,"href":"https:\/\/nvmotors.lv\/ru\/wp-json\/wp\/v2\/comments?post=1998"}],"version-history":[{"count":13,"href":"https:\/\/nvmotors.lv\/ru\/wp-json\/wp\/v2\/pages\/1998\/revisions"}],"predecessor-version":[{"id":4391,"href":"https:\/\/nvmotors.lv\/ru\/wp-json\/wp\/v2\/pages\/1998\/revisions\/4391"}],"wp:attachment":[{"href":"https:\/\/nvmotors.lv\/ru\/wp-json\/wp\/v2\/media?parent=1998"}],"curies":[{"name":"wp","href":"https:\/\/api.w.org\/{rel}","templated":true}]}}