{"id":3121,"date":"2026-02-12T11:18:33","date_gmt":"2026-02-12T11:18:33","guid":{"rendered":"https:\/\/nvmotors.lv\/?page_id=3121"},"modified":"2026-04-25T16:24:05","modified_gmt":"2026-04-25T16:24:05","slug":"index","status":"publish","type":"page","link":"https:\/\/nvmotors.lv\/ru\/","title":{"rendered":"\u0417\u0430\u043c\u0435\u043d\u0430 \u0430\u0432\u0442\u043e\u043c\u043e\u0431\u0438\u043b\u044c\u043d\u044b\u0445 \u0441\u0442\u0435\u043a\u043e\u043b \u0432 \u0420\u0438\u0433\u0435"},"content":{"rendered":"<h1 class=\"wp-block-heading has-text-align-center metal-shine\">STIKLUSERVISS <strong>R\u012aGA<\/strong><\/h1>\n\n\n\n\n\n<div class=\"wp-block-columns is-layout-flex wp-container-core-columns-is-layout-28f84493 wp-block-columns-is-layout-flex\">\n<div class=\"wp-block-column is-layout-flow wp-block-column-is-layout-flow\" style=\"flex-basis:100%\">\n<h5 class=\"wp-block-heading has-text-align-center has-medium-font-size\" style=\"margin-top:0;margin-right:0;margin-bottom:0;margin-left:0\">\u041f\u0440\u043e\u0444\u0435\u0441\u0441\u0438\u043e\u043d\u0430\u043b\u044c\u043d\u0430\u044f \u0437\u0430\u043c\u0435\u043d\u0430 \u0430\u0432\u0442\u043e\u043c\u043e\u0431\u0438\u043b\u044c\u043d\u044b\u0445 \u0441\u0442\u0435\u043a\u043e\u043b. \u0412\u0435\u0442\u0440\u043e\u0432\u044b\u0435, \u0437\u0430\u0434\u043d\u0435\u0435, \u0434\u0432\u0435\u0440\u043d\u044b\u0435 \u0441\u0442\u0435\u043a\u043b\u0430 \u0438 \u0434\u0440\u0443\u0433\u0438\u0435. \u0417\u0430\u043c\u0435\u043d\u0430 \u043c\u0435\u0445\u0430\u043d\u0438\u0437\u043c\u043e\u0432 \u0441\u0442\u0435\u043a\u043b\u043e\u043f\u043e\u0434\u044a\u0435\u043c\u043d\u0438\u043a\u043e\u0432.<\/h5>\n<\/div>\n<\/div>\n\n\n<div class=\"bwf-section-wrap bwf-section-e3a6deb\"><div class=\"bwf-col\">\n<div class=\"bwf-inner-col bwf-inner-col-f34a8c6\">\n\n<figure class=\"wp-block-image size-large\"><img decoding=\"async\" src=\"https:\/\/docs.inbank.eu\/assets\/hire-purchase-banner-gardening-lv-1237x350.21d660ea129a9a07cc608e5deee6cb88c1947554dc3e33d9e34e0a1a92c5ffe5.6454ff9a.png\" alt=\"\"\/><\/figure>\n\n<\/div>\n<\/div><\/div>\n\n\n<div style=\"height:100px\" aria-hidden=\"true\" class=\"wp-block-spacer\"><\/div>\n\n\n\n<h2 class=\"wp-block-heading has-text-align-center\">\u0423\u0437\u043d\u0430\u0439\u0442\u0435 \u0441\u0442\u043e\u0438\u043c\u043e\u0441\u0442\u044c \u0437\u0430\u043c\u0435\u043d\u044b \u0430\u0432\u0442\u043e\u043c\u043e\u0431\u0438\u043b\u044c\u043d\u043e\u0433\u043e \u0441\u0442\u0435\u043a\u043b\u0430:<\/h2>\n\n\n\n<div class=\"wp-block-columns is-layout-flex wp-container-core-columns-is-layout-28f84493 wp-block-columns-is-layout-flex\">\n<div class=\"wp-block-column is-layout-flow wp-block-column-is-layout-flow\">\n<div class=\"wp-block-buttons is-content-justification-center is-layout-flex wp-container-core-buttons-is-layout-a89b3969 wp-block-buttons-is-layout-flex\">\n<div class=\"wp-block-button has-custom-width wp-block-button__width-75\"><a class=\"wp-block-button__link wp-element-button\" href=\"\/ru\/form2\/\" style=\"border-style:none;border-width:0px;border-top-left-radius:33px;border-top-right-radius:33px;border-bottom-left-radius:33px;border-bottom-right-radius:33px;padding-top:var(--wp--preset--spacing--50);padding-bottom:var(--wp--preset--spacing--50)\">VIN \u0438\u043b\u0438 LV \u043d\u043e\u043c\u0435\u0440<\/a><\/div>\n<\/div>\n<\/div>\n<\/div>\n\n\n\n<div style=\"height:29px\" aria-hidden=\"true\" class=\"wp-block-spacer\"><\/div>\n\n\n\n<div class=\"wp-block-columns is-layout-flex wp-container-core-columns-is-layout-28f84493 wp-block-columns-is-layout-flex\">\n<div class=\"wp-block-column is-layout-flow wp-block-column-is-layout-flow\">\n<h5 class=\"wp-block-heading\">\u041d\u043e\u0432\u044b\u0435 \u0438 \u0431\u044b\u0432\u0448\u0438\u0435 \u0432 \u0443\u043f\u043e\u0442\u0440\u0435\u0431\u043b\u0435\u043d\u0438\u0438 \u0441\u0442\u0435\u043a\u043b\u0430 \u0434\u043b\u044f \u0432\u0441\u0435\u0445 \u043c\u043e\u0434\u0435\u043b\u0435\u0439 \u043b\u0435\u0433\u043a\u043e\u0432\u044b\u0445 \u0438 \u043a\u043e\u043c\u043c\u0435\u0440\u0447\u0435\u0441\u043a\u0438\u0445 \u0442\u0440\u0430\u043d\u0441\u043f\u043e\u0440\u0442\u043d\u044b\u0445 \u0441\u0440\u0435\u0434\u0441\u0442\u0432. \u041c\u043e\u043b\u0434\u0438\u043d\u0433\u0438, \u0441\u0438\u043b\u0438\u043a\u043e\u043d\u043e\u0432\u044b\u0435 \u0443\u043f\u043b\u043e\u0442\u043d\u0438\u0442\u0435\u043b\u0438 \u0434\u043b\u044f \u0434\u0430\u0442\u0447\u0438\u043a\u043e\u0432 \u0434\u043e\u0436\u0434\u044f \u0438 \u0441\u0432\u0435\u0442\u0430. \u041f\u0440\u043e\u0444\u0435\u0441\u0441\u0438\u043e\u043d\u0430\u043b\u044c\u043d\u044b\u0435 \u0445\u0438\u043c\u0438\u0438 \u0434\u043b\u044f \u0437\u0430\u043c\u0435\u043d\u044b \u0441\u0442\u0435\u043a\u043e\u043b. \u041a\u043e\u043c\u043f\u043b\u0435\u043a\u0442\u044b \u0438 \u0438\u043d\u0441\u0442\u0440\u0443\u043c\u0435\u043d\u0442\u044b \u0434\u043b\u044f \u0437\u0430\u043c\u0435\u043d\u044b \u0441\u0442\u0435\u043a\u043e\u043b \u0434\u043b\u044f \u043f\u0440\u043e\u0444\u0435\u0441\u0441\u0438\u043e\u043d\u0430\u043b\u043e\u0432 \u0438 \u044d\u043d\u0442\u0443\u0437\u0438\u0430\u0441\u0442\u043e\u0432 \"\u0441\u0434\u0435\u043b\u0430\u0439 \u0441\u0430\u043c\".<\/h5>\n\n\n\n<h5 class=\"wp-block-heading\">\u0412 \u043d\u0430\u0448\u0435\u043c \u0438\u043d\u0442\u0435\u0440\u043d\u0435\u0442-\u043c\u0430\u0433\u0430\u0437\u0438\u043d\u0435 \u0432\u044b \u043c\u043e\u0436\u0435\u0442\u0435 \u043f\u0440\u0438\u043e\u0431\u0440\u0435\u0441\u0442\u0438 \u0438\u043b\u0438 \u0437\u0430\u043a\u0430\u0437\u0430\u0442\u044c \u0430\u0432\u0442\u043e\u043c\u043e\u0431\u0438\u043b\u044c\u043d\u044b\u0435 \u0441\u0442\u0435\u043a\u043b\u0430, \u043c\u043e\u043b\u0434\u0438\u043d\u0433\u0438, \u0449\u0435\u0442\u043a\u0438 \u0441\u0442\u0435\u043a\u043b\u043e\u043e\u0447\u0438\u0441\u0442\u0438\u0442\u0435\u043b\u0435\u0439, \u0438\u043d\u0441\u0442\u0440\u0443\u043c\u0435\u043d\u0442\u044b, \u043e\u0431\u043e\u0440\u0443\u0434\u043e\u0432\u0430\u043d\u0438\u0435, \u0440\u0430\u0441\u0445\u043e\u0434\u043d\u044b\u0435 \u043c\u0430\u0442\u0435\u0440\u0438\u0430\u043b\u044b \u0434\u043b\u044f \u0440\u0435\u043c\u043e\u043d\u0442\u0430 \u0430\u0432\u0442\u043e\u043c\u043e\u0431\u0438\u043b\u0435\u0439 \u0441 \u0434\u043e\u0441\u0442\u0430\u0432\u043a\u043e\u0439 \u043f\u043e \u0432\u0441\u0435\u0439 \u0420\u0438\u0433\u0435 \u0438 \u041b\u0430\u0442\u0432\u0438\u0438.<\/h5>\n\n\n\n<div class=\"wp-block-buttons is-layout-flex wp-block-buttons-is-layout-flex\">\n<div class=\"wp-block-button\"><a class=\"wp-block-button__link wp-element-button\" href=\"\/ru\/shop\/\">\u0415-\u043c\u0430\u0433\u0430\u0437\u0438\u043d<\/a><\/div>\n<\/div>\n<\/div>\n\n\n\n<div class=\"wp-block-column is-layout-flow wp-block-column-is-layout-flow\">\n<figure class=\"wp-block-image size-large has-custom-border\"><img loading=\"lazy\" decoding=\"async\" width=\"1024\" height=\"768\" src=\"https:\/\/nvmotors.lv\/wp-content\/uploads\/2026\/01\/03-1024x768.webp\" alt=\"\u0412\u0435\u0442\u0440\u043e\u0432\u043e\u0435 \u0441\u0442\u0435\u043a\u043b\u043e\" class=\"wp-image-1457\" style=\"border-top-left-radius:10px;border-top-right-radius:10px;border-bottom-left-radius:10px;border-bottom-right-radius:10px\" srcset=\"https:\/\/nvmotors.lv\/wp-content\/uploads\/2026\/01\/03-1024x768.webp 1024w, https:\/\/nvmotors.lv\/wp-content\/uploads\/2026\/01\/03-300x225.webp 300w, https:\/\/nvmotors.lv\/wp-content\/uploads\/2026\/01\/03-600x450.webp 600w, https:\/\/nvmotors.lv\/wp-content\/uploads\/2026\/01\/03-768x576.webp 768w, https:\/\/nvmotors.lv\/wp-content\/uploads\/2026\/01\/03.webp 1280w\" sizes=\"auto, (max-width: 1024px) 100vw, 1024px\" \/><\/figure>\n<\/div>\n<\/div>\n\n\n\n<div style=\"height:49px\" aria-hidden=\"true\" class=\"wp-block-spacer\"><\/div>\n\n\n\n<section class=\"home-map-section\" style=\"margin-top: 40px; border-top: 2px solid #eee;\">\n    <div style=\"padding: 20px; text-align: center;\">\n        <h2 style=\"font-family: Arial, sans-serif; color: #333;\">\u041c\u044b \u043d\u0430\u0445\u043e\u0434\u0438\u043c\u0441\u044f: Bru\u0146inieku iela 108, R\u012bga<\/h2>\n        <p style=\"color: #666;\">R\u012bgas centrs | \u0420\u0430\u0431\u043e\u0442\u0430\u0435\u043c 09:00 \u2013 22:00<\/p>\n\n        <div style=\"margin-top:15px; display:flex; justify-content:center; gap:10px; flex-wrap:wrap;\">\n            <!-- Google Maps -->\n            <a href=\"https:\/\/www.google.com\/maps\/dir\/?api=1&#038;destination=56.947233,24.148730\" \n               target=\"_blank\"\n               style=\"display:flex; align-items:center; gap:8px; padding:12px 20px; background:#1a73e8; color:#fff; font-weight:600; text-decoration:none; border-radius:8px; font-family:Arial;\">\n                <!-- SVG \u0438\u043a\u043e\u043d\u043a\u0430 Google Maps -->\n                <svg xmlns=\"http:\/\/www.w3.org\/2000\/svg\" viewbox=\"0 0 24 24\" width=\"20\" height=\"20\" fill=\"white\">\n                    <path d=\"M12 2C8.13 2 5 5.13 5 9c0 5.25 7 13 7 13s7-7.75 7-13c0-3.87-3.13-7-7-7zm0 9.5c-1.38 0-2.5-1.12-2.5-2.5S10.62 6.5 12 6.5s2.5 1.12 2.5 2.5S13.38 11.5 12 11.5z\"\/>\n                <\/svg>\n                Google Maps\n            <\/a>\n\n            <!-- Waze -->\n            <a href=\"https:\/\/waze.com\/ul?ll=56.947233,24.148730&#038;navigate=yes\" \n               target=\"_blank\"\n               style=\"display:flex; align-items:center; gap:8px; padding:12px 20px; background:#33cc33; color:#fff; font-weight:600; text-decoration:none; border-radius:8px; font-family:Arial;\">\n                <!-- SVG \u0438\u043a\u043e\u043d\u043a\u0430 Waze -->\n                <svg xmlns=\"http:\/\/www.w3.org\/2000\/svg\" viewbox=\"0 0 24 24\" width=\"20\" height=\"20\" fill=\"white\">\n                    <circle cx=\"12\" cy=\"12\" r=\"10\"\/>\n                <\/svg>\n                Waze\n            <\/a>\n\n            <!-- Apple Maps -->\n            <a href=\"https:\/\/maps.apple.com\/?daddr=56.947233,24.148730\" \n               target=\"_blank\"\n               style=\"display:flex; align-items:center; gap:8px; padding:12px 20px; background:#000; color:#fff; font-weight:600; text-decoration:none; border-radius:8px; font-family:Arial;\">\n                <!-- SVG \u0438\u043a\u043e\u043d\u043a\u0430 Apple -->\n                <svg xmlns=\"http:\/\/www.w3.org\/2000\/svg\" viewbox=\"0 0 24 24\" width=\"20\" height=\"20\" fill=\"white\">\n                    <path d=\"M16.365 1.43c0 1.138-.458 2.145-1.196 2.883-.688.688-1.647 1.142-2.692 1.142-.094-.002-.187-.004-.28-.008-.03-.002-.06-.002-.09-.004-.093 0-.187-.004-.28-.006-.075 0-.148 0-.223.002-.096.004-.192.006-.288.01-.023 0-.047 0-.07.002-.096.002-.193.002-.288.004-.027 0-.053 0-.08.002-.1.002-.2.002-.3.004C7.7 5.45 6.79 4.296 6.79 3.006c0-.002 0-.004 0-.006C6.79 1.243 7.715.144 8.953.03c.042 0 .084-.002.125-.002.002 0 .003 0 .005 0 .008 0 .017 0 .025 0 .023 0 .046.002.07.004.02 0 .04.002.06.002.07 0 .143.004.213.008C10.376.29 11.79 1.385 11.79 2.83c0 .002 0 .004 0 .006.002.013 0 .027.002.04.002.003.002.006.002.01.002.004.002.008.004.012.002.002.002.003.002.004.002.002.002.004.004.006.002.002.002.003.002.004.002.002.002.004.004.006C12.43 2.998 13.73 1.33 16.365 1.43z\"\/>\n                <\/svg>\n                Apple Maps\n            <\/a>\n        <\/div>\n    <\/div>\n\n    <div class=\"map-wrapper\" style=\"width: 100%; height: 400px; filter: grayscale(0.2); transition: 0.3s; margin-top:15px;\">\n        <iframe \n            src=\"https:\/\/maps.google.com\/maps?q=56.947233,24.148730&#038;z=17&#038;output=embed\"\n            width=\"100%\" \n            height=\"100%\" \n            style=\"border:0;\" \n            allowfullscreen=\"\" \n            loading=\"lazy\">\n        <\/iframe>\n    <\/div>\n<\/section>\n\n\n\n<div style=\"height:100px\" aria-hidden=\"true\" class=\"wp-block-spacer\"><\/div>","protected":false},"excerpt":{"rendered":"<p>STIKLUSERVISS R\u012aGA Profesion\u0101la automa\u0161\u012bnu stiklu nomai\u0146a. V\u0113jstikls, aizmugur\u0113jais, durvju stikls un citi. Logu pacel\u0161anas meh\u0101nismu mai\u0146a. Uzziniet stikla nomai\u0146as izmaksas [&hellip;]<\/p>\n","protected":false},"author":1,"featured_media":0,"parent":0,"menu_order":0,"comment_status":"closed","ping_status":"closed","template":"","meta":{"bwfblock_default_font":"","pagelayer_contact_templates":[],"_pagelayer_content":"","site-sidebar-layout":"default","site-content-layout":"","ast-site-content-layout":"default","site-content-style":"default","site-sidebar-style":"default","ast-global-header-display":"","ast-banner-title-visibility":"","ast-main-header-display":"","ast-hfb-above-header-display":"","ast-hfb-below-header-display":"","ast-hfb-mobile-header-display":"","site-post-title":"disabled","ast-breadcrumbs-content":"","ast-featured-img":"","footer-sml-layout":"","ast-disable-related-posts":"","theme-transparent-header-meta":"","adv-header-id-meta":"","stick-header-meta":"","header-above-stick-meta":"","header-main-stick-meta":"","header-below-stick-meta":"","astra-migrate-meta-layouts":"default","ast-page-background-enabled":"default","ast-page-background-meta":{"desktop":{"background-color":"var(--ast-global-color-5)","background-image":"","background-repeat":"repeat","background-position":"center center","background-size":"auto","background-attachment":"scroll","background-type":"","background-media":"","overlay-type":"","overlay-color":"","overlay-opacity":"","overlay-gradient":""},"tablet":{"background-color":"","background-image":"","background-repeat":"repeat","background-position":"center center","background-size":"auto","background-attachment":"scroll","background-type":"","background-media":"","overlay-type":"","overlay-color":"","overlay-opacity":"","overlay-gradient":""},"mobile":{"background-color":"","background-image":"","background-repeat":"repeat","background-position":"center center","background-size":"auto","background-attachment":"scroll","background-type":"","background-media":"","overlay-type":"","overlay-color":"","overlay-opacity":"","overlay-gradient":""}},"ast-content-background-meta":{"desktop":{"background-color":"var(--ast-global-color-4)","background-image":"","background-repeat":"repeat","background-position":"center center","background-size":"auto","background-attachment":"scroll","background-type":"","background-media":"","overlay-type":"","overlay-color":"","overlay-opacity":"","overlay-gradient":""},"tablet":{"background-color":"var(--ast-global-color-4)","background-image":"","background-repeat":"repeat","background-position":"center center","background-size":"auto","background-attachment":"scroll","background-type":"","background-media":"","overlay-type":"","overlay-color":"","overlay-opacity":"","overlay-gradient":""},"mobile":{"background-color":"var(--ast-global-color-4)","background-image":"","background-repeat":"repeat","background-position":"center center","background-size":"auto","background-attachment":"scroll","background-type":"","background-media":"","overlay-type":"","overlay-color":"","overlay-opacity":"","overlay-gradient":""}},"footnotes":""},"class_list":["post-3121","page","type-page","status-publish","hentry"],"jetpack_sharing_enabled":true,"_links":{"self":[{"href":"https:\/\/nvmotors.lv\/ru\/wp-json\/wp\/v2\/pages\/3121","targetHints":{"allow":["GET"]}}],"collection":[{"href":"https:\/\/nvmotors.lv\/ru\/wp-json\/wp\/v2\/pages"}],"about":[{"href":"https:\/\/nvmotors.lv\/ru\/wp-json\/wp\/v2\/types\/page"}],"author":[{"embeddable":true,"href":"https:\/\/nvmotors.lv\/ru\/wp-json\/wp\/v2\/users\/1"}],"replies":[{"embeddable":true,"href":"https:\/\/nvmotors.lv\/ru\/wp-json\/wp\/v2\/comments?post=3121"}],"version-history":[{"count":105,"href":"https:\/\/nvmotors.lv\/ru\/wp-json\/wp\/v2\/pages\/3121\/revisions"}],"predecessor-version":[{"id":7341,"href":"https:\/\/nvmotors.lv\/ru\/wp-json\/wp\/v2\/pages\/3121\/revisions\/7341"}],"wp:attachment":[{"href":"https:\/\/nvmotors.lv\/ru\/wp-json\/wp\/v2\/media?parent=3121"}],"curies":[{"name":"wp","href":"https:\/\/api.w.org\/{rel}","templated":true}]}}