{"id":3829,"date":"2026-02-15T21:07:07","date_gmt":"2026-02-15T21:07:07","guid":{"rendered":"https:\/\/nvmotors.lv\/?post_type=product&#038;p=3829"},"modified":"2026-02-24T11:53:46","modified_gmt":"2026-02-24T11:53:46","slug":"3829","status":"publish","type":"product","link":"https:\/\/nvmotors.lv\/ru\/shop\/3829\/","title":{"rendered":"Logu t\u012br\u012bt\u0101ja sloti\u0146as BOSCH Aerotwin A072S 3397007072"},"content":{"rendered":"<p>Logu t\u012br\u012bt\u0101ja sloti\u0146a<br \/>\n3 397 007 072<br \/>\nBOSCH<\/p>\n<p>Bosch Aerotwin A072S \u043f\u043e\u0434\u0445\u043e\u0434\u0438\u0442 \u043a \u043c\u0430\u0448\u0438\u043d\u0430\u043c<\/p>\n<p>BMW 3 serie (E90) 03.2005-08.2009<\/p>\n<p>3 serie Touring (E91) 09.2005-08.2009<\/p>\n<p>Aerotwin Retro<br \/>\nGarums 1 [mm]: 600<br \/>\nGarums 2 [mm]: 475<br \/>\nM\u0113rvien\u012bba: Komplekts<br \/>\nNoform\u0113jums: Ar spoileri<\/p>\n","protected":false},"excerpt":{"rendered":"<p>M\u0113rvien\u012bba &#8211; Komplekts<br \/>\nNoform\u0113jums &#8211; ar spoileri<br \/>\nGarums 1 [mm] &#8211; 600<br \/>\nGarums 2 [mm] &#8211; 475<\/p>\n","protected":false},"featured_media":3832,"template":"","meta":{"bwfblock_default_font":"","pagelayer_contact_templates":[],"_pagelayer_content":"","site-sidebar-layout":"default","site-content-layout":"","ast-site-content-layout":"default","site-content-style":"default","site-sidebar-style":"default","ast-global-header-display":"","ast-banner-title-visibility":"","ast-main-header-display":"","ast-hfb-above-header-display":"","ast-hfb-below-header-display":"","ast-hfb-mobile-header-display":"","site-post-title":"","ast-breadcrumbs-content":"","ast-featured-img":"","footer-sml-layout":"","ast-disable-related-posts":"","theme-transparent-header-meta":"default","adv-header-id-meta":"","stick-header-meta":"","header-above-stick-meta":"","header-main-stick-meta":"","header-below-stick-meta":"","astra-migrate-meta-layouts":"set","ast-page-background-enabled":"default","ast-page-background-meta":{"desktop":{"background-color":"var(--ast-global-color-5)","background-image":"","background-repeat":"repeat","background-position":"center center","background-size":"auto","background-attachment":"scroll","background-type":"","background-media":"","overlay-type":"","overlay-color":"","overlay-opacity":"","overlay-gradient":""},"tablet":{"background-color":"","background-image":"","background-repeat":"repeat","background-position":"center center","background-size":"auto","background-attachment":"scroll","background-type":"","background-media":"","overlay-type":"","overlay-color":"","overlay-opacity":"","overlay-gradient":""},"mobile":{"background-color":"","background-image":"","background-repeat":"repeat","background-position":"center center","background-size":"auto","background-attachment":"scroll","background-type":"","background-media":"","overlay-type":"","overlay-color":"","overlay-opacity":"","overlay-gradient":""}},"ast-content-background-meta":{"desktop":{"background-color":"var(--ast-global-color-4)","background-image":"","background-repeat":"repeat","background-position":"center center","background-size":"auto","background-attachment":"scroll","background-type":"","background-media":"","overlay-type":"","overlay-color":"","overlay-opacity":"","overlay-gradient":""},"tablet":{"background-color":"var(--ast-global-color-4)","background-image":"","background-repeat":"repeat","background-position":"center center","background-size":"auto","background-attachment":"scroll","background-type":"","background-media":"","overlay-type":"","overlay-color":"","overlay-opacity":"","overlay-gradient":""},"mobile":{"background-color":"var(--ast-global-color-4)","background-image":"","background-repeat":"repeat","background-position":"center center","background-size":"auto","background-attachment":"scroll","background-type":"","background-media":"","overlay-type":"","overlay-color":"","overlay-opacity":"","overlay-gradient":""}}},"pwb-brand":[],"product_brand":[109],"product_cat":[95],"product_tag":[107,103,108,96,104,97,102,101,99,98,100,106,105],"class_list":{"0":"post-3829","1":"product","2":"type-product","3":"status-publish","4":"has-post-thumbnail","6":"product_brand-bosch","7":"product_cat-bosch","8":"product_tag-107","9":"product_tag-103","10":"product_tag-108","11":"product_tag-96","12":"product_tag-104","13":"product_tag-a072s","14":"product_tag-df-124","15":"product_tag-df124","16":"product_tag-kf60b","17":"product_tag-kf60b-c02","18":"product_tag-kf60bc02","19":"product_tag-vf321","20":"product_tag-vm321","21":"product_shipping_class-50","22":"desktop-align-left","23":"tablet-align-left","24":"mobile-align-left","26":"first","27":"instock","28":"taxable","29":"shipping-taxable","30":"purchasable","31":"product-type-simple"},"jetpack_sharing_enabled":true,"brands":[],"_links":{"self":[{"href":"https:\/\/nvmotors.lv\/ru\/wp-json\/wp\/v2\/product\/3829","targetHints":{"allow":["GET"]}}],"collection":[{"href":"https:\/\/nvmotors.lv\/ru\/wp-json\/wp\/v2\/product"}],"about":[{"href":"https:\/\/nvmotors.lv\/ru\/wp-json\/wp\/v2\/types\/product"}],"wp:featuredmedia":[{"embeddable":true,"href":"https:\/\/nvmotors.lv\/ru\/wp-json\/wp\/v2\/media\/3832"}],"wp:attachment":[{"href":"https:\/\/nvmotors.lv\/ru\/wp-json\/wp\/v2\/media?parent=3829"}],"wp:term":[{"taxonomy":"pwb-brand","embeddable":true,"href":"https:\/\/nvmotors.lv\/ru\/wp-json\/wp\/v2\/pwb-brand?post=3829"},{"taxonomy":"product_brand","embeddable":true,"href":"https:\/\/nvmotors.lv\/ru\/wp-json\/wp\/v2\/product_brand?post=3829"},{"taxonomy":"product_cat","embeddable":true,"href":"https:\/\/nvmotors.lv\/ru\/wp-json\/wp\/v2\/product_cat?post=3829"},{"taxonomy":"product_tag","embeddable":true,"href":"https:\/\/nvmotors.lv\/ru\/wp-json\/wp\/v2\/product_tag?post=3829"}],"curies":[{"name":"wp","href":"https:\/\/api.w.org\/{rel}","templated":true}]}}