{"id":6577,"date":"2026-02-26T11:49:41","date_gmt":"2026-02-26T11:49:41","guid":{"rendered":"https:\/\/nvmotors.lv\/shop\/profesionalais-instrumenta-komplekts-90-pr-1-4dr-1-2dr\/"},"modified":"2026-04-26T09:42:47","modified_gmt":"2026-04-26T09:42:47","slug":"profesionalais-instrumenta-komplekts-90-pr-1-4dr-1-2dr","status":"publish","type":"product","link":"https:\/\/nvmotors.lv\/ru\/shop\/profesionalais-instrumenta-komplekts-90-pr-1-4dr-1-2dr\/","title":{"rendered":"Profesion\u0101lais instrumenta komplekts 90 pr. 1\/4&#8243;DR 1\/2&#8243;DR"},"content":{"rendered":"<p>Komplekta komplekt\u0101cija ir optimiz\u0113ta izmanto\u0161anai automa\u0161\u012bn\u0101. M\u016b\u017ea<br \/>\ngarantija (l\u012bdz piln\u012bgam fiziskam nolietojumam). Komplekts ir komplekt\u0113ts<br \/>\nar gala galvi\u0146\u0101m un atsl\u0113g\u0101m ar pievienojamu kvadr\u0101ru 1\/4&#8243; un 1\/2&#8243;. Muc\u012b\u0146as<br \/>\nar 6-kan\u0161u darba profilu. Komplekta komplekt\u0101cij\u0101 izmantotas paaugstin\u0101t\u0101s<br \/>\nprecizit\u0101tes kombin\u0113t\u0101s atsl\u0113gas, kas ir izgatavotas p\u0113c aukstas<br \/>\n\u0161tanc\u0113\u0161anas metodes. Instruments ir r\u016bd\u012bts l\u012bdz ciet\u012bbai ne maz\u0101k par 39<br \/>\nHRC, dilumiztur\u012bgs, der\u012bgs ilglaic\u012bgai izmanto\u0161anai pie maksim\u0101l\u0101m slodz\u0113m.<br \/>\nIepakojums \u2014 pastiprin\u0101ts met\u0101la keiss ar met\u0101la sl\u0113dzen\u0113m un e\u0146\u0123\u0113m ar<br \/>\nmet\u0101la ass.<\/p>","protected":false},"excerpt":{"rendered":"<p>Komplekta komplekt\u0101cija ir optimiz\u0113ta izmanto\u0161anai automa\u0161\u012bn\u0101. M\u016b\u017ea garantija (l\u012bdz piln\u012bgam fiziskam nolietojumam). Komplekts ir komplekt\u0113ts ar gala galvi\u0146\u0101m un atsl\u0113g\u0101m [&hellip;]<\/p>\n","protected":false},"featured_media":6834,"template":"","meta":{"bwfblock_default_font":"","pagelayer_contact_templates":[],"_pagelayer_content":"","site-sidebar-layout":"default","site-content-layout":"","ast-site-content-layout":"default","site-content-style":"default","site-sidebar-style":"default","ast-global-header-display":"","ast-banner-title-visibility":"","ast-main-header-display":"","ast-hfb-above-header-display":"","ast-hfb-below-header-display":"","ast-hfb-mobile-header-display":"","site-post-title":"","ast-breadcrumbs-content":"","ast-featured-img":"","footer-sml-layout":"","ast-disable-related-posts":"","theme-transparent-header-meta":"","adv-header-id-meta":"","stick-header-meta":"","header-above-stick-meta":"","header-main-stick-meta":"","header-below-stick-meta":"","astra-migrate-meta-layouts":"default","ast-page-background-enabled":"default","ast-page-background-meta":{"desktop":{"background-color":"var(--ast-global-color-5)","background-image":"","background-repeat":"repeat","background-position":"center center","background-size":"auto","background-attachment":"scroll","background-type":"","background-media":"","overlay-type":"","overlay-color":"","overlay-opacity":"","overlay-gradient":""},"tablet":{"background-color":"","background-image":"","background-repeat":"repeat","background-position":"center center","background-size":"auto","background-attachment":"scroll","background-type":"","background-media":"","overlay-type":"","overlay-color":"","overlay-opacity":"","overlay-gradient":""},"mobile":{"background-color":"","background-image":"","background-repeat":"repeat","background-position":"center center","background-size":"auto","background-attachment":"scroll","background-type":"","background-media":"","overlay-type":"","overlay-color":"","overlay-opacity":"","overlay-gradient":""}},"ast-content-background-meta":{"desktop":{"background-color":"var(--ast-global-color-4)","background-image":"","background-repeat":"repeat","background-position":"center center","background-size":"auto","background-attachment":"scroll","background-type":"","background-media":"","overlay-type":"","overlay-color":"","overlay-opacity":"","overlay-gradient":""},"tablet":{"background-color":"var(--ast-global-color-4)","background-image":"","background-repeat":"repeat","background-position":"center center","background-size":"auto","background-attachment":"scroll","background-type":"","background-media":"","overlay-type":"","overlay-color":"","overlay-opacity":"","overlay-gradient":""},"mobile":{"background-color":"var(--ast-global-color-4)","background-image":"","background-repeat":"repeat","background-position":"center center","background-size":"auto","background-attachment":"scroll","background-type":"","background-media":"","overlay-type":"","overlay-color":"","overlay-opacity":"","overlay-gradient":""}}},"pwb-brand":[137],"product_brand":[132],"product_cat":[134],"product_tag":[],"class_list":{"0":"post-6577","1":"product","2":"type-product","3":"status-publish","4":"has-post-thumbnail","6":"pwb-brand-avtodelo","7":"product_brand-avtodelo","8":"product_cat-instrumentu-komplekti","9":"product_shipping_class-50","10":"desktop-align-left","11":"tablet-align-left","12":"mobile-align-left","14":"first","15":"instock","16":"taxable","17":"shipping-taxable","18":"purchasable","19":"product-type-simple"},"jetpack_sharing_enabled":true,"brands":[{"id":137,"name":"Autodelo","slug":"avtodelo"}],"_links":{"self":[{"href":"https:\/\/nvmotors.lv\/ru\/wp-json\/wp\/v2\/product\/6577","targetHints":{"allow":["GET"]}}],"collection":[{"href":"https:\/\/nvmotors.lv\/ru\/wp-json\/wp\/v2\/product"}],"about":[{"href":"https:\/\/nvmotors.lv\/ru\/wp-json\/wp\/v2\/types\/product"}],"wp:featuredmedia":[{"embeddable":true,"href":"https:\/\/nvmotors.lv\/ru\/wp-json\/wp\/v2\/media\/6834"}],"wp:attachment":[{"href":"https:\/\/nvmotors.lv\/ru\/wp-json\/wp\/v2\/media?parent=6577"}],"wp:term":[{"taxonomy":"pwb-brand","embeddable":true,"href":"https:\/\/nvmotors.lv\/ru\/wp-json\/wp\/v2\/pwb-brand?post=6577"},{"taxonomy":"product_brand","embeddable":true,"href":"https:\/\/nvmotors.lv\/ru\/wp-json\/wp\/v2\/product_brand?post=6577"},{"taxonomy":"product_cat","embeddable":true,"href":"https:\/\/nvmotors.lv\/ru\/wp-json\/wp\/v2\/product_cat?post=6577"},{"taxonomy":"product_tag","embeddable":true,"href":"https:\/\/nvmotors.lv\/ru\/wp-json\/wp\/v2\/product_tag?post=6577"}],"curies":[{"name":"wp","href":"https:\/\/api.w.org\/{rel}","templated":true}]}}