{"id":6589,"date":"2026-02-26T11:49:49","date_gmt":"2026-02-26T11:49:49","guid":{"rendered":"https:\/\/nvmotors.lv\/shop\/automasinu-instrumentu-komplekts-33-pr-1-2dr\/"},"modified":"2026-03-13T21:34:48","modified_gmt":"2026-03-13T21:34:48","slug":"automasinu-instrumentu-komplekts-33-pr-1-2dr","status":"publish","type":"product","link":"https:\/\/nvmotors.lv\/ru\/shop\/automasinu-instrumentu-komplekts-33-pr-1-2dr\/","title":{"rendered":"\u041d\u0430\u0431\u043e\u0440 \u0430\u0432\u0442\u043e\u043c\u043e\u0431\u0438\u043b\u044c\u043d\u044b\u0445 \u0438\u043d\u0441\u0442\u0440\u0443\u043c\u0435\u043d\u0442\u043e\u0432 33 \u043f\u0440. 1\/2\u2033DR"},"content":{"rendered":"<p>Univers\u0101la komplekta iek\u0101rta ir optimiz\u0113ta lieto\u0161anai automa\u0161\u012bn\u0101. Komplekts<br \/>\nsatur instrumentu minimumu, kur\u0161 ir nepiecie\u0161ams, lai \u012bstenotu automa\u0161\u012bnu<br \/>\nvienk\u0101r\u0161o remontu un nov\u0113rstu bie\u017e\u0101k\u0101s probl\u0113mas, kuras neprasa<br \/>\nprofesion\u0101l\u0101 atsl\u0113dznieka iejauk\u0161anos. Komplekts ir komplekt\u0113ts ar<br \/>\natsl\u0113dznieku instrumentu un instrumentu ar pievienojamu kvadr\u0101tu 1\/2&#8243;.<br \/>\nInstruments ir r\u016bd\u012bts l\u012bdz ciet\u012bbai ne maz\u0101k par 39 HRC un aizsarg\u0101ts pret<br \/>\nkoroziju ar hrom\u0113\u0161anu ar mat\u0113t\u0101s virsmas efektu. Iepakojums \u2013 plastik\u0101ta<br \/>\nk\u0101rba.<\/p>","protected":false},"excerpt":{"rendered":"<p>Univers\u0101la komplekta iek\u0101rta ir optimiz\u0113ta lieto\u0161anai automa\u0161\u012bn\u0101. Komplekts satur instrumentu minimumu, kur\u0161 ir nepiecie\u0161ams, lai \u012bstenotu automa\u0161\u012bnu vienk\u0101r\u0161o remontu un [&hellip;]<\/p>\n","protected":false},"featured_media":6862,"template":"","meta":{"bwfblock_default_font":"","pagelayer_contact_templates":[],"_pagelayer_content":"","site-sidebar-layout":"default","site-content-layout":"","ast-site-content-layout":"default","site-content-style":"default","site-sidebar-style":"default","ast-global-header-display":"","ast-banner-title-visibility":"","ast-main-header-display":"","ast-hfb-above-header-display":"","ast-hfb-below-header-display":"","ast-hfb-mobile-header-display":"","site-post-title":"","ast-breadcrumbs-content":"","ast-featured-img":"","footer-sml-layout":"","ast-disable-related-posts":"","theme-transparent-header-meta":"","adv-header-id-meta":"","stick-header-meta":"","header-above-stick-meta":"","header-main-stick-meta":"","header-below-stick-meta":"","astra-migrate-meta-layouts":"default","ast-page-background-enabled":"default","ast-page-background-meta":{"desktop":{"background-color":"var(--ast-global-color-5)","background-image":"","background-repeat":"repeat","background-position":"center center","background-size":"auto","background-attachment":"scroll","background-type":"","background-media":"","overlay-type":"","overlay-color":"","overlay-opacity":"","overlay-gradient":""},"tablet":{"background-color":"","background-image":"","background-repeat":"repeat","background-position":"center center","background-size":"auto","background-attachment":"scroll","background-type":"","background-media":"","overlay-type":"","overlay-color":"","overlay-opacity":"","overlay-gradient":""},"mobile":{"background-color":"","background-image":"","background-repeat":"repeat","background-position":"center center","background-size":"auto","background-attachment":"scroll","background-type":"","background-media":"","overlay-type":"","overlay-color":"","overlay-opacity":"","overlay-gradient":""}},"ast-content-background-meta":{"desktop":{"background-color":"var(--ast-global-color-4)","background-image":"","background-repeat":"repeat","background-position":"center center","background-size":"auto","background-attachment":"scroll","background-type":"","background-media":"","overlay-type":"","overlay-color":"","overlay-opacity":"","overlay-gradient":""},"tablet":{"background-color":"var(--ast-global-color-4)","background-image":"","background-repeat":"repeat","background-position":"center center","background-size":"auto","background-attachment":"scroll","background-type":"","background-media":"","overlay-type":"","overlay-color":"","overlay-opacity":"","overlay-gradient":""},"mobile":{"background-color":"var(--ast-global-color-4)","background-image":"","background-repeat":"repeat","background-position":"center center","background-size":"auto","background-attachment":"scroll","background-type":"","background-media":"","overlay-type":"","overlay-color":"","overlay-opacity":"","overlay-gradient":""}}},"pwb-brand":[137],"product_brand":[132],"product_cat":[134],"product_tag":[],"class_list":{"0":"post-6589","1":"product","2":"type-product","3":"status-publish","4":"has-post-thumbnail","6":"pwb-brand-avtodelo","7":"product_brand-avtodelo","8":"product_cat-instrumentu-komplekti","9":"product_shipping_class-50","10":"desktop-align-left","11":"tablet-align-left","12":"mobile-align-left","14":"first","15":"instock","16":"taxable","17":"shipping-taxable","18":"purchasable","19":"product-type-simple"},"jetpack_sharing_enabled":true,"brands":[{"id":137,"name":"Autodelo","slug":"avtodelo"}],"_links":{"self":[{"href":"https:\/\/nvmotors.lv\/ru\/wp-json\/wp\/v2\/product\/6589","targetHints":{"allow":["GET"]}}],"collection":[{"href":"https:\/\/nvmotors.lv\/ru\/wp-json\/wp\/v2\/product"}],"about":[{"href":"https:\/\/nvmotors.lv\/ru\/wp-json\/wp\/v2\/types\/product"}],"wp:featuredmedia":[{"embeddable":true,"href":"https:\/\/nvmotors.lv\/ru\/wp-json\/wp\/v2\/media\/6862"}],"wp:attachment":[{"href":"https:\/\/nvmotors.lv\/ru\/wp-json\/wp\/v2\/media?parent=6589"}],"wp:term":[{"taxonomy":"pwb-brand","embeddable":true,"href":"https:\/\/nvmotors.lv\/ru\/wp-json\/wp\/v2\/pwb-brand?post=6589"},{"taxonomy":"product_brand","embeddable":true,"href":"https:\/\/nvmotors.lv\/ru\/wp-json\/wp\/v2\/product_brand?post=6589"},{"taxonomy":"product_cat","embeddable":true,"href":"https:\/\/nvmotors.lv\/ru\/wp-json\/wp\/v2\/product_cat?post=6589"},{"taxonomy":"product_tag","embeddable":true,"href":"https:\/\/nvmotors.lv\/ru\/wp-json\/wp\/v2\/product_tag?post=6589"}],"curies":[{"name":"wp","href":"https:\/\/api.w.org\/{rel}","templated":true}]}}