{"id":6609,"date":"2026-02-26T11:50:13","date_gmt":"2026-02-26T11:50:13","guid":{"rendered":"https:\/\/nvmotors.lv\/shop\/automasinu-instrumentu-komplekts-101-pr-1-4dr-1-2dr\/"},"modified":"2026-03-13T21:40:08","modified_gmt":"2026-03-13T21:40:08","slug":"automasinu-instrumentu-komplekts-101-pr-1-4dr-1-2dr","status":"publish","type":"product","link":"https:\/\/nvmotors.lv\/ru\/shop\/automasinu-instrumentu-komplekts-101-pr-1-4dr-1-2dr\/","title":{"rendered":"\u041d\u0430\u0431\u043e\u0440 \u0430\u0432\u0442\u043e\u043c\u043e\u0431\u0438\u043b\u044c\u043d\u044b\u0445 \u0438\u043d\u0441\u0442\u0440\u0443\u043c\u0435\u043d\u0442\u043e\u0432 101 \u043f\u0440. 1\/4\u2033DR 1\/2\u2033DR"},"content":{"rendered":"<p>Univers\u0101la komplekta komplekt\u0101cija ir optimiz\u0113ta izmanto\u0161anai automa\u0161\u012bn\u0101<br \/>\nvai gar\u0101\u017e\u0101. Komplekts ir komplekt\u0113ts ar gala galvi\u0146\u0101m un atsl\u0113g\u0101m ar<br \/>\npievienojamu kvadr\u0101ru 1\/4&#8243;, 1\/2&#8243;. Muci\u0146as ir izgatavotas p\u0113c aukstas<br \/>\n\u0161tanc\u0113\u0161anas metodes, ir standarts se\u0161kan\u0161u darba profils. Instruments ir<br \/>\nizgatavoti no hroma-van\u0101dija instrument\u0101la t\u0113rauda, r\u016bd\u012bti l\u012bdz 39 HRC<br \/>\nciet\u012bbai un pasarg\u0101ti no korozijas ar hrom\u0113\u0161anu ar mat\u0113t\u0101s virsmas efektu.<br \/>\nIepakojums \u2013 plastik\u0101ta k\u0101rba.<\/p>","protected":false},"excerpt":{"rendered":"<p>Univers\u0101la komplekta komplekt\u0101cija ir optimiz\u0113ta izmanto\u0161anai automa\u0161\u012bn\u0101 vai gar\u0101\u017e\u0101. Komplekts ir komplekt\u0113ts ar gala galvi\u0146\u0101m un atsl\u0113g\u0101m ar pievienojamu kvadr\u0101ru [&hellip;]<\/p>\n","protected":false},"featured_media":6901,"template":"","meta":{"bwfblock_default_font":"","pagelayer_contact_templates":[],"_pagelayer_content":"","site-sidebar-layout":"default","site-content-layout":"","ast-site-content-layout":"default","site-content-style":"default","site-sidebar-style":"default","ast-global-header-display":"","ast-banner-title-visibility":"","ast-main-header-display":"","ast-hfb-above-header-display":"","ast-hfb-below-header-display":"","ast-hfb-mobile-header-display":"","site-post-title":"","ast-breadcrumbs-content":"","ast-featured-img":"","footer-sml-layout":"","ast-disable-related-posts":"","theme-transparent-header-meta":"","adv-header-id-meta":"","stick-header-meta":"","header-above-stick-meta":"","header-main-stick-meta":"","header-below-stick-meta":"","astra-migrate-meta-layouts":"default","ast-page-background-enabled":"default","ast-page-background-meta":{"desktop":{"background-color":"var(--ast-global-color-5)","background-image":"","background-repeat":"repeat","background-position":"center center","background-size":"auto","background-attachment":"scroll","background-type":"","background-media":"","overlay-type":"","overlay-color":"","overlay-opacity":"","overlay-gradient":""},"tablet":{"background-color":"","background-image":"","background-repeat":"repeat","background-position":"center center","background-size":"auto","background-attachment":"scroll","background-type":"","background-media":"","overlay-type":"","overlay-color":"","overlay-opacity":"","overlay-gradient":""},"mobile":{"background-color":"","background-image":"","background-repeat":"repeat","background-position":"center center","background-size":"auto","background-attachment":"scroll","background-type":"","background-media":"","overlay-type":"","overlay-color":"","overlay-opacity":"","overlay-gradient":""}},"ast-content-background-meta":{"desktop":{"background-color":"var(--ast-global-color-4)","background-image":"","background-repeat":"repeat","background-position":"center center","background-size":"auto","background-attachment":"scroll","background-type":"","background-media":"","overlay-type":"","overlay-color":"","overlay-opacity":"","overlay-gradient":""},"tablet":{"background-color":"var(--ast-global-color-4)","background-image":"","background-repeat":"repeat","background-position":"center center","background-size":"auto","background-attachment":"scroll","background-type":"","background-media":"","overlay-type":"","overlay-color":"","overlay-opacity":"","overlay-gradient":""},"mobile":{"background-color":"var(--ast-global-color-4)","background-image":"","background-repeat":"repeat","background-position":"center center","background-size":"auto","background-attachment":"scroll","background-type":"","background-media":"","overlay-type":"","overlay-color":"","overlay-opacity":"","overlay-gradient":""}}},"pwb-brand":[137],"product_brand":[132],"product_cat":[134],"product_tag":[],"class_list":{"0":"post-6609","1":"product","2":"type-product","3":"status-publish","4":"has-post-thumbnail","6":"pwb-brand-avtodelo","7":"product_brand-avtodelo","8":"product_cat-instrumentu-komplekti","9":"product_shipping_class-50","10":"desktop-align-left","11":"tablet-align-left","12":"mobile-align-left","14":"first","15":"instock","16":"taxable","17":"shipping-taxable","18":"purchasable","19":"product-type-simple"},"jetpack_sharing_enabled":true,"brands":[{"id":137,"name":"Autodelo","slug":"avtodelo"}],"_links":{"self":[{"href":"https:\/\/nvmotors.lv\/ru\/wp-json\/wp\/v2\/product\/6609","targetHints":{"allow":["GET"]}}],"collection":[{"href":"https:\/\/nvmotors.lv\/ru\/wp-json\/wp\/v2\/product"}],"about":[{"href":"https:\/\/nvmotors.lv\/ru\/wp-json\/wp\/v2\/types\/product"}],"wp:featuredmedia":[{"embeddable":true,"href":"https:\/\/nvmotors.lv\/ru\/wp-json\/wp\/v2\/media\/6901"}],"wp:attachment":[{"href":"https:\/\/nvmotors.lv\/ru\/wp-json\/wp\/v2\/media?parent=6609"}],"wp:term":[{"taxonomy":"pwb-brand","embeddable":true,"href":"https:\/\/nvmotors.lv\/ru\/wp-json\/wp\/v2\/pwb-brand?post=6609"},{"taxonomy":"product_brand","embeddable":true,"href":"https:\/\/nvmotors.lv\/ru\/wp-json\/wp\/v2\/product_brand?post=6609"},{"taxonomy":"product_cat","embeddable":true,"href":"https:\/\/nvmotors.lv\/ru\/wp-json\/wp\/v2\/product_cat?post=6609"},{"taxonomy":"product_tag","embeddable":true,"href":"https:\/\/nvmotors.lv\/ru\/wp-json\/wp\/v2\/product_tag?post=6609"}],"curies":[{"name":"wp","href":"https:\/\/api.w.org\/{rel}","templated":true}]}}