{"id":6629,"date":"2026-02-26T11:50:28","date_gmt":"2026-02-26T11:50:28","guid":{"rendered":"https:\/\/nvmotors.lv\/shop\/mucinu-komplekts-torx-1-41-2\/"},"modified":"2026-04-26T09:42:02","modified_gmt":"2026-04-26T09:42:02","slug":"mucinu-komplekts-torx-1-41-2","status":"publish","type":"product","link":"https:\/\/nvmotors.lv\/ru\/shop\/mucinu-komplekts-torx-1-41-2\/","title":{"rendered":"\u041d\u0430\u0431\u043e\u0440 \u0433\u043e\u043b\u043e\u0432\u043e\u043a Torx\u00ae 1\/4\u2033 \u0438 1\/2\u2033"},"content":{"rendered":"<p>Komplekt\u0101 ietilpst gala muci\u0146as ar piesl\u0113g\u0161anas kvadr\u0101tu 1\/4&#8243; un 1\/2&#8243;.<br \/>\nGalvi\u0146as ir izgatavotas no hromvan\u0101dija instrument\u0101l\u0101 t\u0113rauda, r\u016bd\u012bti l\u012bdz<br \/>\nciet\u012bbai ne maz\u0101k par 39 HRC un aizarg\u0101tas pret koroziju ar hrom\u0113\u0161anu ar<br \/>\nmat\u0113tas virsmas efektu. Ielikt\u0146i ir izgatavoti no instrument\u0101l\u0101 t\u0113rauda S2,<br \/>\nr\u016bd\u012bti l\u012bdz ciet\u012bbai 55-60 HRC un aizsarg\u0101ti pret koroziju ar fosfat\u0113\u0161anu.<br \/>\nInstruments ir nodilumiztur\u012bgs, der\u012bgs ilglaic\u012bgai izmanto\u0161anai pie<br \/>\nmaksim\u0101l\u0101m slodz\u0113m. Iepakojums \u2013 met\u0101la keiss.<\/p>","protected":false},"excerpt":{"rendered":"<p>Komplekt\u0101 ietilpst gala muci\u0146as ar piesl\u0113g\u0161anas kvadr\u0101tu 1\/4&#8243; un 1\/2&#8243;. Galvi\u0146as ir izgatavotas no hromvan\u0101dija instrument\u0101l\u0101 t\u0113rauda, r\u016bd\u012bti l\u012bdz ciet\u012bbai [&hellip;]<\/p>\n","protected":false},"featured_media":6948,"template":"","meta":{"bwfblock_default_font":"","pagelayer_contact_templates":[],"_pagelayer_content":"","site-sidebar-layout":"default","site-content-layout":"","ast-site-content-layout":"default","site-content-style":"default","site-sidebar-style":"default","ast-global-header-display":"","ast-banner-title-visibility":"","ast-main-header-display":"","ast-hfb-above-header-display":"","ast-hfb-below-header-display":"","ast-hfb-mobile-header-display":"","site-post-title":"","ast-breadcrumbs-content":"","ast-featured-img":"","footer-sml-layout":"","ast-disable-related-posts":"","theme-transparent-header-meta":"","adv-header-id-meta":"","stick-header-meta":"","header-above-stick-meta":"","header-main-stick-meta":"","header-below-stick-meta":"","astra-migrate-meta-layouts":"default","ast-page-background-enabled":"default","ast-page-background-meta":{"desktop":{"background-color":"var(--ast-global-color-5)","background-image":"","background-repeat":"repeat","background-position":"center center","background-size":"auto","background-attachment":"scroll","background-type":"","background-media":"","overlay-type":"","overlay-color":"","overlay-opacity":"","overlay-gradient":""},"tablet":{"background-color":"","background-image":"","background-repeat":"repeat","background-position":"center center","background-size":"auto","background-attachment":"scroll","background-type":"","background-media":"","overlay-type":"","overlay-color":"","overlay-opacity":"","overlay-gradient":""},"mobile":{"background-color":"","background-image":"","background-repeat":"repeat","background-position":"center center","background-size":"auto","background-attachment":"scroll","background-type":"","background-media":"","overlay-type":"","overlay-color":"","overlay-opacity":"","overlay-gradient":""}},"ast-content-background-meta":{"desktop":{"background-color":"var(--ast-global-color-4)","background-image":"","background-repeat":"repeat","background-position":"center center","background-size":"auto","background-attachment":"scroll","background-type":"","background-media":"","overlay-type":"","overlay-color":"","overlay-opacity":"","overlay-gradient":""},"tablet":{"background-color":"var(--ast-global-color-4)","background-image":"","background-repeat":"repeat","background-position":"center center","background-size":"auto","background-attachment":"scroll","background-type":"","background-media":"","overlay-type":"","overlay-color":"","overlay-opacity":"","overlay-gradient":""},"mobile":{"background-color":"var(--ast-global-color-4)","background-image":"","background-repeat":"repeat","background-position":"center center","background-size":"auto","background-attachment":"scroll","background-type":"","background-media":"","overlay-type":"","overlay-color":"","overlay-opacity":"","overlay-gradient":""}}},"pwb-brand":[137],"product_brand":[132],"product_cat":[134],"product_tag":[],"class_list":{"0":"post-6629","1":"product","2":"type-product","3":"status-publish","4":"has-post-thumbnail","6":"pwb-brand-avtodelo","7":"product_brand-avtodelo","8":"product_cat-instrumentu-komplekti","9":"product_shipping_class-50","10":"desktop-align-left","11":"tablet-align-left","12":"mobile-align-left","14":"first","15":"instock","16":"taxable","17":"shipping-taxable","18":"purchasable","19":"product-type-simple"},"jetpack_sharing_enabled":true,"brands":[{"id":137,"name":"Autodelo","slug":"avtodelo"}],"_links":{"self":[{"href":"https:\/\/nvmotors.lv\/ru\/wp-json\/wp\/v2\/product\/6629","targetHints":{"allow":["GET"]}}],"collection":[{"href":"https:\/\/nvmotors.lv\/ru\/wp-json\/wp\/v2\/product"}],"about":[{"href":"https:\/\/nvmotors.lv\/ru\/wp-json\/wp\/v2\/types\/product"}],"wp:featuredmedia":[{"embeddable":true,"href":"https:\/\/nvmotors.lv\/ru\/wp-json\/wp\/v2\/media\/6948"}],"wp:attachment":[{"href":"https:\/\/nvmotors.lv\/ru\/wp-json\/wp\/v2\/media?parent=6629"}],"wp:term":[{"taxonomy":"pwb-brand","embeddable":true,"href":"https:\/\/nvmotors.lv\/ru\/wp-json\/wp\/v2\/pwb-brand?post=6629"},{"taxonomy":"product_brand","embeddable":true,"href":"https:\/\/nvmotors.lv\/ru\/wp-json\/wp\/v2\/product_brand?post=6629"},{"taxonomy":"product_cat","embeddable":true,"href":"https:\/\/nvmotors.lv\/ru\/wp-json\/wp\/v2\/product_cat?post=6629"},{"taxonomy":"product_tag","embeddable":true,"href":"https:\/\/nvmotors.lv\/ru\/wp-json\/wp\/v2\/product_tag?post=6629"}],"curies":[{"name":"wp","href":"https:\/\/api.w.org\/{rel}","templated":true}]}}