{"id":6704,"date":"2026-02-26T15:48:36","date_gmt":"2026-02-26T15:48:36","guid":{"rendered":"https:\/\/nvmotors.lv\/shop\/varstu-universals-sviras-izkliedetajs-40369\/"},"modified":"2026-03-18T15:10:32","modified_gmt":"2026-03-18T15:10:32","slug":"varstu-universals-sviras-izkliedetajs-40369","status":"publish","type":"product","link":"https:\/\/nvmotors.lv\/ru\/shop\/varstu-universals-sviras-izkliedetajs-40369\/","title":{"rendered":"\u0423\u043d\u0438\u0432\u0435\u0440\u0441\u0430\u043b\u044c\u043d\u044b\u0439 \u0440\u0430\u0441\u0441\u0443\u0445\u0430\u0440\u0438\u0432\u0430\u0442\u0435\u043b\u044c \u043a\u043b\u0430\u043f\u0430\u043d\u043e\u0432 (40369)"},"content":{"rendered":"<p>Paredz\u0113ts no\u0146emt benz\u012bna un d\u012bze\u013ca dzin\u0113ju g\u0101zes sadales sist\u0113mas v\u0101rstu<br \/>\nfiksatorus ar aug\u0161\u0113jo sadales v\u0101rpstas st\u0101vokli. Neprasa dzin\u0113ja cilindru<br \/>\nbloka galvi\u0146as demont\u0101\u017eu darbu veik\u0161anas laik\u0101. Regul\u0113jam\u0101 sviras<br \/>\nkonstrukcija \u013cauj pielietot izklied\u0113t\u0101ju vair\u0101kuma m\u016bsdienu vieglo<br \/>\nautoma\u0161\u012bnu remontam. Komplekt\u0113ts ar pieciem main\u0101miem uzga\u013ciem darbam ar<br \/>\nda\u017e\u0101da izm\u0113ra v\u0101rstiem. Piem\u0113rojams da\u017e\u0101du marku automa\u0161\u012bn\u0101m: Opel, BMW,<br \/>\nSeat, VW, Audi, Hyundai, Toyota, Ford 16V, Renault 19 un Clio. Apr\u012bkots ar<br \/>\ndarba roktura gumijas p\u0101rkl\u0101jumu \u0113rtai pielieto\u0161anai. Pieg\u0101d\u0101ts individu\u0101l\u0101<br \/>\nplastmasas k\u0101rb\u0101.<\/p>","protected":false},"excerpt":{"rendered":"<p>Paredz\u0113ts no\u0146emt benz\u012bna un d\u012bze\u013ca dzin\u0113ju g\u0101zes sadales sist\u0113mas v\u0101rstu fiksatorus ar aug\u0161\u0113jo sadales v\u0101rpstas st\u0101vokli. Neprasa dzin\u0113ja cilindru bloka [&hellip;]<\/p>\n","protected":false},"featured_media":6743,"template":"","meta":{"bwfblock_default_font":"","pagelayer_contact_templates":[],"_pagelayer_content":"","site-sidebar-layout":"default","site-content-layout":"","ast-site-content-layout":"default","site-content-style":"default","site-sidebar-style":"default","ast-global-header-display":"","ast-banner-title-visibility":"","ast-main-header-display":"","ast-hfb-above-header-display":"","ast-hfb-below-header-display":"","ast-hfb-mobile-header-display":"","site-post-title":"","ast-breadcrumbs-content":"","ast-featured-img":"","footer-sml-layout":"","ast-disable-related-posts":"","theme-transparent-header-meta":"","adv-header-id-meta":"","stick-header-meta":"","header-above-stick-meta":"","header-main-stick-meta":"","header-below-stick-meta":"","astra-migrate-meta-layouts":"default","ast-page-background-enabled":"default","ast-page-background-meta":{"desktop":{"background-color":"var(--ast-global-color-5)","background-image":"","background-repeat":"repeat","background-position":"center center","background-size":"auto","background-attachment":"scroll","background-type":"","background-media":"","overlay-type":"","overlay-color":"","overlay-opacity":"","overlay-gradient":""},"tablet":{"background-color":"","background-image":"","background-repeat":"repeat","background-position":"center center","background-size":"auto","background-attachment":"scroll","background-type":"","background-media":"","overlay-type":"","overlay-color":"","overlay-opacity":"","overlay-gradient":""},"mobile":{"background-color":"","background-image":"","background-repeat":"repeat","background-position":"center center","background-size":"auto","background-attachment":"scroll","background-type":"","background-media":"","overlay-type":"","overlay-color":"","overlay-opacity":"","overlay-gradient":""}},"ast-content-background-meta":{"desktop":{"background-color":"var(--ast-global-color-4)","background-image":"","background-repeat":"repeat","background-position":"center center","background-size":"auto","background-attachment":"scroll","background-type":"","background-media":"","overlay-type":"","overlay-color":"","overlay-opacity":"","overlay-gradient":""},"tablet":{"background-color":"var(--ast-global-color-4)","background-image":"","background-repeat":"repeat","background-position":"center center","background-size":"auto","background-attachment":"scroll","background-type":"","background-media":"","overlay-type":"","overlay-color":"","overlay-opacity":"","overlay-gradient":""},"mobile":{"background-color":"var(--ast-global-color-4)","background-image":"","background-repeat":"repeat","background-position":"center center","background-size":"auto","background-attachment":"scroll","background-type":"","background-media":"","overlay-type":"","overlay-color":"","overlay-opacity":"","overlay-gradient":""}}},"pwb-brand":[137],"product_brand":[132],"product_cat":[159],"product_tag":[],"class_list":{"0":"post-6704","1":"product","2":"type-product","3":"status-publish","4":"has-post-thumbnail","6":"pwb-brand-avtodelo","7":"product_brand-avtodelo","8":"product_cat-dzinejainstruments","9":"product_shipping_class-50","10":"desktop-align-left","11":"tablet-align-left","12":"mobile-align-left","14":"first","15":"outofstock","16":"taxable","17":"shipping-taxable","18":"purchasable","19":"product-type-simple"},"jetpack_sharing_enabled":true,"brands":[{"id":137,"name":"Autodelo","slug":"avtodelo"}],"_links":{"self":[{"href":"https:\/\/nvmotors.lv\/ru\/wp-json\/wp\/v2\/product\/6704","targetHints":{"allow":["GET"]}}],"collection":[{"href":"https:\/\/nvmotors.lv\/ru\/wp-json\/wp\/v2\/product"}],"about":[{"href":"https:\/\/nvmotors.lv\/ru\/wp-json\/wp\/v2\/types\/product"}],"wp:featuredmedia":[{"embeddable":true,"href":"https:\/\/nvmotors.lv\/ru\/wp-json\/wp\/v2\/media\/6743"}],"wp:attachment":[{"href":"https:\/\/nvmotors.lv\/ru\/wp-json\/wp\/v2\/media?parent=6704"}],"wp:term":[{"taxonomy":"pwb-brand","embeddable":true,"href":"https:\/\/nvmotors.lv\/ru\/wp-json\/wp\/v2\/pwb-brand?post=6704"},{"taxonomy":"product_brand","embeddable":true,"href":"https:\/\/nvmotors.lv\/ru\/wp-json\/wp\/v2\/product_brand?post=6704"},{"taxonomy":"product_cat","embeddable":true,"href":"https:\/\/nvmotors.lv\/ru\/wp-json\/wp\/v2\/product_cat?post=6704"},{"taxonomy":"product_tag","embeddable":true,"href":"https:\/\/nvmotors.lv\/ru\/wp-json\/wp\/v2\/product_tag?post=6704"}],"curies":[{"name":"wp","href":"https:\/\/api.w.org\/{rel}","templated":true}]}}