{"id":6707,"date":"2026-02-26T15:48:36","date_gmt":"2026-02-26T15:48:36","guid":{"rendered":"https:\/\/nvmotors.lv\/shop\/universals-varstu-izkliedetajs-740374\/"},"modified":"2026-03-13T21:19:59","modified_gmt":"2026-03-13T21:19:59","slug":"universals-varstu-izkliedetajs-740374","status":"publish","type":"product","link":"https:\/\/nvmotors.lv\/ru\/shop\/universals-varstu-izkliedetajs-740374\/","title":{"rendered":"\u0423\u043d\u0438\u0432\u0435\u0440\u0441\u0430\u043b\u044c\u043d\u044b\u0439 \u0440\u0430\u0441\u0441\u0443\u0445\u0430\u0440\u0438\u0432\u0430\u0442\u0435\u043b\u044c \u043a\u043b\u0430\u043f\u0430\u043d\u043e\u0432 7(40374)"},"content":{"rendered":"<p>Paredz\u0113ts iek\u0161dedzes dzin\u0113ju g\u0101zes sadales sist\u0113mas v\u0101rstu fiksatorus. Tiek<br \/>\npielietots pla\u0161am benz\u012bna un d\u012bze\u013ca iek\u0161dedzes dzin\u0113ju kl\u0101stam ar aug\u0161\u0113jo<br \/>\nsadales v\u0101rpstas izvietojumu. Neprasa dzin\u0113ja bloka galvi\u0146as no\u0146em\u0161anu<br \/>\ndarbu veik\u0161anas laik\u0101. Atbalsta gredzena diametrs &#8211; 20 mm. Univers\u0101la<br \/>\nregul\u0113jam\u0101 konstrukcija \u013cauj uzst\u0101d\u012bt izklied\u0113t\u0101ju uz da\u017e\u0101du dzin\u0113ju<br \/>\nstandarta stiprin\u0101\u0161anas elementiem. Ar ergonomisku gumijas rokturi \u0113rtai<br \/>\nizmanto\u0161anai. Komplekt\u0113ts ar bultskr\u016bvju komplektu ar izm\u0113ru \u041c6, \u041c7 un \u041c8<br \/>\nbalsta kron\u0161teinu fiks\u0101cijai. Izmantojot izklied\u0113t\u0101ju, tiek pras\u012bta<br \/>\nsaspiest\u0101 gaisa pievade dzin\u0113ja cilindr\u0101. Komplekt\u0101 ietilpst divi adapteri<br \/>\nbenz\u012bna un d\u012bze\u013ca dzin\u0113jiem, caur kuriem cilindr\u0101 tiek ies\u016bkn\u0113ts saspiests<br \/>\ngaiss, kas notur v\u0101rstu uz vietas un nov\u0113r\u0161 v\u0101rsta kritienu cilindr\u0101.<br \/>\nAizsarg\u0101ts pret koroziju ar fosfat\u0113\u0161anas metodi. Pieg\u0101d\u0101ts individu\u0101l\u0101<br \/>\nplastmasas k\u0101rb\u0101.<\/p>","protected":false},"excerpt":{"rendered":"<p>Paredz\u0113ts iek\u0161dedzes dzin\u0113ju g\u0101zes sadales sist\u0113mas v\u0101rstu fiksatorus. Tiek pielietots pla\u0161am benz\u012bna un d\u012bze\u013ca iek\u0161dedzes dzin\u0113ju kl\u0101stam ar aug\u0161\u0113jo sadales [&hellip;]<\/p>\n","protected":false},"featured_media":6752,"template":"","meta":{"bwfblock_default_font":"","pagelayer_contact_templates":[],"_pagelayer_content":"","site-sidebar-layout":"default","site-content-layout":"","ast-site-content-layout":"default","site-content-style":"default","site-sidebar-style":"default","ast-global-header-display":"","ast-banner-title-visibility":"","ast-main-header-display":"","ast-hfb-above-header-display":"","ast-hfb-below-header-display":"","ast-hfb-mobile-header-display":"","site-post-title":"","ast-breadcrumbs-content":"","ast-featured-img":"","footer-sml-layout":"","ast-disable-related-posts":"","theme-transparent-header-meta":"","adv-header-id-meta":"","stick-header-meta":"","header-above-stick-meta":"","header-main-stick-meta":"","header-below-stick-meta":"","astra-migrate-meta-layouts":"default","ast-page-background-enabled":"default","ast-page-background-meta":{"desktop":{"background-color":"var(--ast-global-color-5)","background-image":"","background-repeat":"repeat","background-position":"center center","background-size":"auto","background-attachment":"scroll","background-type":"","background-media":"","overlay-type":"","overlay-color":"","overlay-opacity":"","overlay-gradient":""},"tablet":{"background-color":"","background-image":"","background-repeat":"repeat","background-position":"center center","background-size":"auto","background-attachment":"scroll","background-type":"","background-media":"","overlay-type":"","overlay-color":"","overlay-opacity":"","overlay-gradient":""},"mobile":{"background-color":"","background-image":"","background-repeat":"repeat","background-position":"center center","background-size":"auto","background-attachment":"scroll","background-type":"","background-media":"","overlay-type":"","overlay-color":"","overlay-opacity":"","overlay-gradient":""}},"ast-content-background-meta":{"desktop":{"background-color":"var(--ast-global-color-4)","background-image":"","background-repeat":"repeat","background-position":"center center","background-size":"auto","background-attachment":"scroll","background-type":"","background-media":"","overlay-type":"","overlay-color":"","overlay-opacity":"","overlay-gradient":""},"tablet":{"background-color":"var(--ast-global-color-4)","background-image":"","background-repeat":"repeat","background-position":"center center","background-size":"auto","background-attachment":"scroll","background-type":"","background-media":"","overlay-type":"","overlay-color":"","overlay-opacity":"","overlay-gradient":""},"mobile":{"background-color":"var(--ast-global-color-4)","background-image":"","background-repeat":"repeat","background-position":"center center","background-size":"auto","background-attachment":"scroll","background-type":"","background-media":"","overlay-type":"","overlay-color":"","overlay-opacity":"","overlay-gradient":""}}},"pwb-brand":[137],"product_brand":[132],"product_cat":[159],"product_tag":[],"class_list":{"0":"post-6707","1":"product","2":"type-product","3":"status-publish","4":"has-post-thumbnail","6":"pwb-brand-avtodelo","7":"product_brand-avtodelo","8":"product_cat-dzinejainstruments","9":"product_shipping_class-50","10":"desktop-align-left","11":"tablet-align-left","12":"mobile-align-left","14":"first","15":"instock","16":"taxable","17":"shipping-taxable","18":"purchasable","19":"product-type-simple"},"jetpack_sharing_enabled":true,"brands":[{"id":137,"name":"Autodelo","slug":"avtodelo"}],"_links":{"self":[{"href":"https:\/\/nvmotors.lv\/ru\/wp-json\/wp\/v2\/product\/6707","targetHints":{"allow":["GET"]}}],"collection":[{"href":"https:\/\/nvmotors.lv\/ru\/wp-json\/wp\/v2\/product"}],"about":[{"href":"https:\/\/nvmotors.lv\/ru\/wp-json\/wp\/v2\/types\/product"}],"wp:featuredmedia":[{"embeddable":true,"href":"https:\/\/nvmotors.lv\/ru\/wp-json\/wp\/v2\/media\/6752"}],"wp:attachment":[{"href":"https:\/\/nvmotors.lv\/ru\/wp-json\/wp\/v2\/media?parent=6707"}],"wp:term":[{"taxonomy":"pwb-brand","embeddable":true,"href":"https:\/\/nvmotors.lv\/ru\/wp-json\/wp\/v2\/pwb-brand?post=6707"},{"taxonomy":"product_brand","embeddable":true,"href":"https:\/\/nvmotors.lv\/ru\/wp-json\/wp\/v2\/product_brand?post=6707"},{"taxonomy":"product_cat","embeddable":true,"href":"https:\/\/nvmotors.lv\/ru\/wp-json\/wp\/v2\/product_cat?post=6707"},{"taxonomy":"product_tag","embeddable":true,"href":"https:\/\/nvmotors.lv\/ru\/wp-json\/wp\/v2\/product_tag?post=6707"}],"curies":[{"name":"wp","href":"https:\/\/api.w.org\/{rel}","templated":true}]}}