{"id":6709,"date":"2026-02-26T15:48:37","date_gmt":"2026-02-26T15:48:37","guid":{"rendered":"https:\/\/nvmotors.lv\/shop\/varstu-izkliedetajs-55-17540376\/"},"modified":"2026-03-13T21:15:34","modified_gmt":"2026-03-13T21:15:34","slug":"varstu-izkliedetajs-55-17540376","status":"publish","type":"product","link":"https:\/\/nvmotors.lv\/ru\/shop\/varstu-izkliedetajs-55-17540376\/","title":{"rendered":"\u0420\u0430\u0441\u0441\u0443\u0445\u0430\u0440\u0438\u0430\u0442\u0435\u043b\u044c \u043a\u043b\u0430\u043f\u0430\u043d\u043e\u0432 55-175(40376)"},"content":{"rendered":"<p>Pielietots v\u0101rstu fiksatoru no\u0146em\u0161anai veicot bloka galvas remontu un e\u013c\u013cas<br \/>\nno\u0146em\u0161anas uzb\u0101\u017e\u0146u aizst\u0101\u0161anu. Piem\u0113rojams pla\u0161am iek\u0161dedzes dzin\u0113ju<br \/>\nkl\u0101stam ar aug\u0161\u0113jo sadales v\u0101rpstas izvietojumu un dzi\u013c\u0101m v\u0101rstu atver\u0113m.<br \/>\nAr divpus\u012bgu autom\u0101tisku fiks\u0101ciju un p\u0101rvietojamu adaptera konstrukciju.<br \/>\nIzmanto\u0161ana ir iesp\u0113jama, tikai ja ir piln\u012bb\u0101 demont\u0113ta dzin\u0113ja bloka<br \/>\ngalvi\u0146a. Ar regul\u0113jamu darba atveri ar izm\u0113ru no 55 l\u012bdz 175 mm. C-veida<br \/>\nskavas dzi\u013cums \u2013 165 mm. Pieg\u0101d\u0101ts atsevi\u0161\u0137\u0101 kartona kast\u0113.<\/p>","protected":false},"excerpt":{"rendered":"<p>Pielietots v\u0101rstu fiksatoru no\u0146em\u0161anai veicot bloka galvas remontu un e\u013c\u013cas no\u0146em\u0161anas uzb\u0101\u017e\u0146u aizst\u0101\u0161anu. Piem\u0113rojams pla\u0161am iek\u0161dedzes dzin\u0113ju kl\u0101stam ar aug\u0161\u0113jo [&hellip;]<\/p>\n","protected":false},"featured_media":6757,"template":"","meta":{"bwfblock_default_font":"","pagelayer_contact_templates":[],"_pagelayer_content":"","site-sidebar-layout":"default","site-content-layout":"","ast-site-content-layout":"default","site-content-style":"default","site-sidebar-style":"default","ast-global-header-display":"","ast-banner-title-visibility":"","ast-main-header-display":"","ast-hfb-above-header-display":"","ast-hfb-below-header-display":"","ast-hfb-mobile-header-display":"","site-post-title":"","ast-breadcrumbs-content":"","ast-featured-img":"","footer-sml-layout":"","ast-disable-related-posts":"","theme-transparent-header-meta":"","adv-header-id-meta":"","stick-header-meta":"","header-above-stick-meta":"","header-main-stick-meta":"","header-below-stick-meta":"","astra-migrate-meta-layouts":"default","ast-page-background-enabled":"default","ast-page-background-meta":{"desktop":{"background-color":"var(--ast-global-color-5)","background-image":"","background-repeat":"repeat","background-position":"center center","background-size":"auto","background-attachment":"scroll","background-type":"","background-media":"","overlay-type":"","overlay-color":"","overlay-opacity":"","overlay-gradient":""},"tablet":{"background-color":"","background-image":"","background-repeat":"repeat","background-position":"center center","background-size":"auto","background-attachment":"scroll","background-type":"","background-media":"","overlay-type":"","overlay-color":"","overlay-opacity":"","overlay-gradient":""},"mobile":{"background-color":"","background-image":"","background-repeat":"repeat","background-position":"center center","background-size":"auto","background-attachment":"scroll","background-type":"","background-media":"","overlay-type":"","overlay-color":"","overlay-opacity":"","overlay-gradient":""}},"ast-content-background-meta":{"desktop":{"background-color":"var(--ast-global-color-4)","background-image":"","background-repeat":"repeat","background-position":"center center","background-size":"auto","background-attachment":"scroll","background-type":"","background-media":"","overlay-type":"","overlay-color":"","overlay-opacity":"","overlay-gradient":""},"tablet":{"background-color":"var(--ast-global-color-4)","background-image":"","background-repeat":"repeat","background-position":"center center","background-size":"auto","background-attachment":"scroll","background-type":"","background-media":"","overlay-type":"","overlay-color":"","overlay-opacity":"","overlay-gradient":""},"mobile":{"background-color":"var(--ast-global-color-4)","background-image":"","background-repeat":"repeat","background-position":"center center","background-size":"auto","background-attachment":"scroll","background-type":"","background-media":"","overlay-type":"","overlay-color":"","overlay-opacity":"","overlay-gradient":""}}},"pwb-brand":[137],"product_brand":[132],"product_cat":[159],"product_tag":[],"class_list":{"0":"post-6709","1":"product","2":"type-product","3":"status-publish","4":"has-post-thumbnail","6":"pwb-brand-avtodelo","7":"product_brand-avtodelo","8":"product_cat-dzinejainstruments","9":"product_shipping_class-50","10":"desktop-align-left","11":"tablet-align-left","12":"mobile-align-left","14":"first","15":"instock","16":"taxable","17":"shipping-taxable","18":"purchasable","19":"product-type-simple"},"jetpack_sharing_enabled":true,"brands":[{"id":137,"name":"Autodelo","slug":"avtodelo"}],"_links":{"self":[{"href":"https:\/\/nvmotors.lv\/ru\/wp-json\/wp\/v2\/product\/6709","targetHints":{"allow":["GET"]}}],"collection":[{"href":"https:\/\/nvmotors.lv\/ru\/wp-json\/wp\/v2\/product"}],"about":[{"href":"https:\/\/nvmotors.lv\/ru\/wp-json\/wp\/v2\/types\/product"}],"wp:featuredmedia":[{"embeddable":true,"href":"https:\/\/nvmotors.lv\/ru\/wp-json\/wp\/v2\/media\/6757"}],"wp:attachment":[{"href":"https:\/\/nvmotors.lv\/ru\/wp-json\/wp\/v2\/media?parent=6709"}],"wp:term":[{"taxonomy":"pwb-brand","embeddable":true,"href":"https:\/\/nvmotors.lv\/ru\/wp-json\/wp\/v2\/pwb-brand?post=6709"},{"taxonomy":"product_brand","embeddable":true,"href":"https:\/\/nvmotors.lv\/ru\/wp-json\/wp\/v2\/product_brand?post=6709"},{"taxonomy":"product_cat","embeddable":true,"href":"https:\/\/nvmotors.lv\/ru\/wp-json\/wp\/v2\/product_cat?post=6709"},{"taxonomy":"product_tag","embeddable":true,"href":"https:\/\/nvmotors.lv\/ru\/wp-json\/wp\/v2\/product_tag?post=6709"}],"curies":[{"name":"wp","href":"https:\/\/api.w.org\/{rel}","templated":true}]}}