{"id":6711,"date":"2026-02-26T15:48:37","date_gmt":"2026-02-26T15:48:37","guid":{"rendered":"https:\/\/nvmotors.lv\/shop\/komplekts-ellas-vacinu-un-virzoso-varsta-ieliktnu-nomainai-1140380\/"},"modified":"2026-03-13T21:16:20","modified_gmt":"2026-03-13T21:16:20","slug":"komplekts-ellas-vacinu-un-virzoso-varsta-ieliktnu-nomainai-1140380","status":"publish","type":"product","link":"https:\/\/nvmotors.lv\/ru\/shop\/komplekts-ellas-vacinu-un-virzoso-varsta-ieliktnu-nomainai-1140380\/","title":{"rendered":"\u041a\u043e\u043c\u043f\u043b\u0435\u043a\u0442 \u0434\u043b\u044f \u0437\u0430\u043c\u0435\u043d\u044b \u043c\u0430\u0441\u043b\u044f\u043d\u044b\u0445 \u043a\u043e\u043b\u043f\u0430\u0447\u043a\u043e\u0432 \u0438 \u043d\u0430\u043f\u0440\u0430\u0432\u043b\u044f\u044e\u0449\u0438\u0445 \u0432\u0442\u0443\u043b\u043e\u043a \u043a\u043b\u0430\u043f\u0430\u043d\u043e\u0432 11(40380)"},"content":{"rendered":"<p>Tiek pielietots e\u013c\u013cas no\u0146em\u0161anas uzb\u0101\u017e\u0146u un dzin\u0113ju g\u0101zes sadales sist\u0113mas<br \/>\nv\u0101rstu vad\u012bklu demont\u0101\u017eai un uzst\u0101d\u012b\u0161anai. Komplekt\u0113ts ar tap\u0146iem v\u0101rstu<br \/>\nvadrumbu uzst\u0101d\u012b\u0161anai \u2013 5, 5,5, 6, 6,5, 7, 8, 9 mm, e\u013c\u013cas izlie\u0161anas<br \/>\nuzb\u0101\u017e\u0146u noc\u0113l\u0101ju 270 mm, tap\u0146iem e\u013c\u013cas izlie\u0161anas uzb\u0101\u017e\u0146u uzst\u0101d\u012b\u0161anai \u2013<br \/>\n12,8 un 15 mm, k\u0101 ar\u012b uzst\u0101d\u012b\u0161anas rokturi. Pieg\u0101d\u0101ts individu\u0101l\u0101<br \/>\nplastmasas k\u0101rb\u0101.<\/p>","protected":false},"excerpt":{"rendered":"<p>Tiek pielietots e\u013c\u013cas no\u0146em\u0161anas uzb\u0101\u017e\u0146u un dzin\u0113ju g\u0101zes sadales sist\u0113mas v\u0101rstu vad\u012bklu demont\u0101\u017eai un uzst\u0101d\u012b\u0161anai. Komplekt\u0113ts ar tap\u0146iem v\u0101rstu vadrumbu [&hellip;]<\/p>\n","protected":false},"featured_media":6761,"template":"","meta":{"bwfblock_default_font":"","pagelayer_contact_templates":[],"_pagelayer_content":"","site-sidebar-layout":"default","site-content-layout":"","ast-site-content-layout":"default","site-content-style":"default","site-sidebar-style":"default","ast-global-header-display":"","ast-banner-title-visibility":"","ast-main-header-display":"","ast-hfb-above-header-display":"","ast-hfb-below-header-display":"","ast-hfb-mobile-header-display":"","site-post-title":"","ast-breadcrumbs-content":"","ast-featured-img":"","footer-sml-layout":"","ast-disable-related-posts":"","theme-transparent-header-meta":"","adv-header-id-meta":"","stick-header-meta":"","header-above-stick-meta":"","header-main-stick-meta":"","header-below-stick-meta":"","astra-migrate-meta-layouts":"default","ast-page-background-enabled":"default","ast-page-background-meta":{"desktop":{"background-color":"var(--ast-global-color-5)","background-image":"","background-repeat":"repeat","background-position":"center center","background-size":"auto","background-attachment":"scroll","background-type":"","background-media":"","overlay-type":"","overlay-color":"","overlay-opacity":"","overlay-gradient":""},"tablet":{"background-color":"","background-image":"","background-repeat":"repeat","background-position":"center center","background-size":"auto","background-attachment":"scroll","background-type":"","background-media":"","overlay-type":"","overlay-color":"","overlay-opacity":"","overlay-gradient":""},"mobile":{"background-color":"","background-image":"","background-repeat":"repeat","background-position":"center center","background-size":"auto","background-attachment":"scroll","background-type":"","background-media":"","overlay-type":"","overlay-color":"","overlay-opacity":"","overlay-gradient":""}},"ast-content-background-meta":{"desktop":{"background-color":"var(--ast-global-color-4)","background-image":"","background-repeat":"repeat","background-position":"center center","background-size":"auto","background-attachment":"scroll","background-type":"","background-media":"","overlay-type":"","overlay-color":"","overlay-opacity":"","overlay-gradient":""},"tablet":{"background-color":"var(--ast-global-color-4)","background-image":"","background-repeat":"repeat","background-position":"center center","background-size":"auto","background-attachment":"scroll","background-type":"","background-media":"","overlay-type":"","overlay-color":"","overlay-opacity":"","overlay-gradient":""},"mobile":{"background-color":"var(--ast-global-color-4)","background-image":"","background-repeat":"repeat","background-position":"center center","background-size":"auto","background-attachment":"scroll","background-type":"","background-media":"","overlay-type":"","overlay-color":"","overlay-opacity":"","overlay-gradient":""}}},"pwb-brand":[137],"product_brand":[132],"product_cat":[159],"product_tag":[],"class_list":{"0":"post-6711","1":"product","2":"type-product","3":"status-publish","4":"has-post-thumbnail","6":"pwb-brand-avtodelo","7":"product_brand-avtodelo","8":"product_cat-dzinejainstruments","9":"product_shipping_class-50","10":"desktop-align-left","11":"tablet-align-left","12":"mobile-align-left","14":"first","15":"instock","16":"taxable","17":"shipping-taxable","18":"purchasable","19":"product-type-simple"},"jetpack_sharing_enabled":true,"brands":[{"id":137,"name":"Autodelo","slug":"avtodelo"}],"_links":{"self":[{"href":"https:\/\/nvmotors.lv\/ru\/wp-json\/wp\/v2\/product\/6711","targetHints":{"allow":["GET"]}}],"collection":[{"href":"https:\/\/nvmotors.lv\/ru\/wp-json\/wp\/v2\/product"}],"about":[{"href":"https:\/\/nvmotors.lv\/ru\/wp-json\/wp\/v2\/types\/product"}],"wp:featuredmedia":[{"embeddable":true,"href":"https:\/\/nvmotors.lv\/ru\/wp-json\/wp\/v2\/media\/6761"}],"wp:attachment":[{"href":"https:\/\/nvmotors.lv\/ru\/wp-json\/wp\/v2\/media?parent=6711"}],"wp:term":[{"taxonomy":"pwb-brand","embeddable":true,"href":"https:\/\/nvmotors.lv\/ru\/wp-json\/wp\/v2\/pwb-brand?post=6711"},{"taxonomy":"product_brand","embeddable":true,"href":"https:\/\/nvmotors.lv\/ru\/wp-json\/wp\/v2\/product_brand?post=6711"},{"taxonomy":"product_cat","embeddable":true,"href":"https:\/\/nvmotors.lv\/ru\/wp-json\/wp\/v2\/product_cat?post=6711"},{"taxonomy":"product_tag","embeddable":true,"href":"https:\/\/nvmotors.lv\/ru\/wp-json\/wp\/v2\/product_tag?post=6711"}],"curies":[{"name":"wp","href":"https:\/\/api.w.org\/{rel}","templated":true}]}}