{"id":6713,"date":"2026-02-26T15:48:37","date_gmt":"2026-02-26T15:48:37","guid":{"rendered":"https:\/\/nvmotors.lv\/shop\/ford-automasinu-sadales-varpstu-fiksators-540441\/"},"modified":"2026-03-13T21:17:06","modified_gmt":"2026-03-13T21:17:06","slug":"ford-automasinu-sadales-varpstu-fiksators-540441","status":"publish","type":"product","link":"https:\/\/nvmotors.lv\/ru\/shop\/ford-automasinu-sadales-varpstu-fiksators-540441\/","title":{"rendered":"\u0424\u0438\u043a\u0441\u0430\u0442\u043e\u0440 \u0440\u0430\u0441\u043f\u0440\u0435\u0434\u0432\u0430\u043b\u0430 \u0430\u0432\u0442\u043e\u043c\u043e\u0431\u0438\u043b\u044f Ford 5(40441)"},"content":{"rendered":"<p>Komplekts ir paredz\u0113ts Ford automobi\u013cu g\u0101zes sadales sist\u0113mas sadales<br \/>\nv\u0101rpstas fiks\u0101cijai. Tiek pielietots ar\u012b g\u0101zes sadales meh\u0101nisma f\u0101\u017eu<br \/>\np\u0101rbaudei un regul\u0113\u0161anai. Paredz\u0113ts darbam ar automa\u0161\u012bnu Ford Focus\/Cmax<br \/>\n1,6 Ti-VCT no 2003 iz.\/g. un 2,0 Tdci dzin\u0113jiem. Dzin\u0113ju kodi: HXDA, G6DA,<br \/>\nG6DB, G6DC. Pieg\u0101d\u0101ts individu\u0101l\u0101 plastmasas k\u0101rb\u0101.<\/p>","protected":false},"excerpt":{"rendered":"<p>Komplekts ir paredz\u0113ts Ford automobi\u013cu g\u0101zes sadales sist\u0113mas sadales v\u0101rpstas fiks\u0101cijai. Tiek pielietots ar\u012b g\u0101zes sadales meh\u0101nisma f\u0101\u017eu p\u0101rbaudei un [&hellip;]<\/p>\n","protected":false},"featured_media":6765,"template":"","meta":{"bwfblock_default_font":"","pagelayer_contact_templates":[],"_pagelayer_content":"","site-sidebar-layout":"default","site-content-layout":"","ast-site-content-layout":"default","site-content-style":"default","site-sidebar-style":"default","ast-global-header-display":"","ast-banner-title-visibility":"","ast-main-header-display":"","ast-hfb-above-header-display":"","ast-hfb-below-header-display":"","ast-hfb-mobile-header-display":"","site-post-title":"","ast-breadcrumbs-content":"","ast-featured-img":"","footer-sml-layout":"","ast-disable-related-posts":"","theme-transparent-header-meta":"","adv-header-id-meta":"","stick-header-meta":"","header-above-stick-meta":"","header-main-stick-meta":"","header-below-stick-meta":"","astra-migrate-meta-layouts":"default","ast-page-background-enabled":"default","ast-page-background-meta":{"desktop":{"background-color":"var(--ast-global-color-5)","background-image":"","background-repeat":"repeat","background-position":"center center","background-size":"auto","background-attachment":"scroll","background-type":"","background-media":"","overlay-type":"","overlay-color":"","overlay-opacity":"","overlay-gradient":""},"tablet":{"background-color":"","background-image":"","background-repeat":"repeat","background-position":"center center","background-size":"auto","background-attachment":"scroll","background-type":"","background-media":"","overlay-type":"","overlay-color":"","overlay-opacity":"","overlay-gradient":""},"mobile":{"background-color":"","background-image":"","background-repeat":"repeat","background-position":"center center","background-size":"auto","background-attachment":"scroll","background-type":"","background-media":"","overlay-type":"","overlay-color":"","overlay-opacity":"","overlay-gradient":""}},"ast-content-background-meta":{"desktop":{"background-color":"var(--ast-global-color-4)","background-image":"","background-repeat":"repeat","background-position":"center center","background-size":"auto","background-attachment":"scroll","background-type":"","background-media":"","overlay-type":"","overlay-color":"","overlay-opacity":"","overlay-gradient":""},"tablet":{"background-color":"var(--ast-global-color-4)","background-image":"","background-repeat":"repeat","background-position":"center center","background-size":"auto","background-attachment":"scroll","background-type":"","background-media":"","overlay-type":"","overlay-color":"","overlay-opacity":"","overlay-gradient":""},"mobile":{"background-color":"var(--ast-global-color-4)","background-image":"","background-repeat":"repeat","background-position":"center center","background-size":"auto","background-attachment":"scroll","background-type":"","background-media":"","overlay-type":"","overlay-color":"","overlay-opacity":"","overlay-gradient":""}}},"pwb-brand":[137],"product_brand":[132],"product_cat":[159],"product_tag":[],"class_list":{"0":"post-6713","1":"product","2":"type-product","3":"status-publish","4":"has-post-thumbnail","6":"pwb-brand-avtodelo","7":"product_brand-avtodelo","8":"product_cat-dzinejainstruments","9":"product_shipping_class-50","10":"desktop-align-left","11":"tablet-align-left","12":"mobile-align-left","14":"first","15":"instock","16":"taxable","17":"shipping-taxable","18":"purchasable","19":"product-type-simple"},"jetpack_sharing_enabled":true,"brands":[{"id":137,"name":"Autodelo","slug":"avtodelo"}],"_links":{"self":[{"href":"https:\/\/nvmotors.lv\/ru\/wp-json\/wp\/v2\/product\/6713","targetHints":{"allow":["GET"]}}],"collection":[{"href":"https:\/\/nvmotors.lv\/ru\/wp-json\/wp\/v2\/product"}],"about":[{"href":"https:\/\/nvmotors.lv\/ru\/wp-json\/wp\/v2\/types\/product"}],"wp:featuredmedia":[{"embeddable":true,"href":"https:\/\/nvmotors.lv\/ru\/wp-json\/wp\/v2\/media\/6765"}],"wp:attachment":[{"href":"https:\/\/nvmotors.lv\/ru\/wp-json\/wp\/v2\/media?parent=6713"}],"wp:term":[{"taxonomy":"pwb-brand","embeddable":true,"href":"https:\/\/nvmotors.lv\/ru\/wp-json\/wp\/v2\/pwb-brand?post=6713"},{"taxonomy":"product_brand","embeddable":true,"href":"https:\/\/nvmotors.lv\/ru\/wp-json\/wp\/v2\/product_brand?post=6713"},{"taxonomy":"product_cat","embeddable":true,"href":"https:\/\/nvmotors.lv\/ru\/wp-json\/wp\/v2\/product_cat?post=6713"},{"taxonomy":"product_tag","embeddable":true,"href":"https:\/\/nvmotors.lv\/ru\/wp-json\/wp\/v2\/product_tag?post=6713"}],"curies":[{"name":"wp","href":"https:\/\/api.w.org\/{rel}","templated":true}]}}