{"id":6714,"date":"2026-02-26T15:48:37","date_gmt":"2026-02-26T15:48:37","guid":{"rendered":"https:\/\/nvmotors.lv\/shop\/varpstu-fiksatoru-komplekts-vag-640444\/"},"modified":"2026-03-13T21:17:29","modified_gmt":"2026-03-13T21:17:29","slug":"varpstu-fiksatoru-komplekts-vag-640444","status":"publish","type":"product","link":"https:\/\/nvmotors.lv\/ru\/shop\/varpstu-fiksatoru-komplekts-vag-640444\/","title":{"rendered":"\u041a\u043e\u043c\u043f\u043b\u0435\u043a\u0442 \u0444\u0438\u043a\u0441\u0430\u0442\u043e\u0440\u043e\u0432 \u0432\u0430\u043b\u0430 VAG 6(40444)"},"content":{"rendered":"<p>Paredz\u0113ts VAG grupas automa\u0161\u012bnu ar d\u012bze\u013ca dzin\u0113jiem TDI PD DOHC GSM f\u0101\u017eu<br \/>\nuzst\u0101d\u012b\u0161anai. Tiek pielietots, mainot g\u0101zes sadales sist\u0113mas dzensiksnu,<br \/>\nregul\u0113jot un remont\u0113jot dzin\u0113ju. Piem\u0113rojams VAG automa\u0161\u012bn\u0101m: AUDI A4, A6,<br \/>\nSKODA OCTAVIA II, VOLKSWAGEN GOLF, GOLF PLUS, JETTA un TOURAN ar dzin\u0113jiem<br \/>\n2,0l TDI PD DOHC, k\u0101 ar\u012b TDI 1,2, 1,4, 1,6, 1,9. Dzin\u0113ju kodi: AMF, ASZ,<br \/>\nATD, AVB, AVF, AWX, AXR, AZV, BHC, BKC, BKD, BKE, BLB, BMN, BNA, BPW, BRB,<br \/>\nBRC, BRD, BRE, BRF, BUY, BVA, BVF, BVG, BJB, BKC, BLS, BMM, BXE, AMF, AZD,<br \/>\nBKD; VW: AJM, AMF, ANU, ARL, ASZ, ATD, AUY, AVB, AVF, AWX, AXR, BAY, BMS,<br \/>\nBNM, BNV, BWB. Komplekt\u0113ts ar ier\u012bci klo\u0137v\u0101rpstas fiks\u0101cijai (analogs<br \/>\nT10050), ASDS skrieme\u013ca fiksatoru (analogs 3359\/\u042220102), siksnas<br \/>\nspriegot\u0101ja fiksatoru (analogs T10115), siksnas spriegot\u0101ja fiksatoru<br \/>\n(analogs T10060) un klo\u0137v\u0101rpstas fiksatoru (analogs T10100). Tiek pieg\u0101d\u0101ts<br \/>\nindividu\u0101l\u0101 blistera iepakojum\u0101.<\/p>","protected":false},"excerpt":{"rendered":"<p>Paredz\u0113ts VAG grupas automa\u0161\u012bnu ar d\u012bze\u013ca dzin\u0113jiem TDI PD DOHC GSM f\u0101\u017eu uzst\u0101d\u012b\u0161anai. Tiek pielietots, mainot g\u0101zes sadales sist\u0113mas dzensiksnu, [&hellip;]<\/p>\n","protected":false},"featured_media":6768,"template":"","meta":{"bwfblock_default_font":"","pagelayer_contact_templates":[],"_pagelayer_content":"","site-sidebar-layout":"default","site-content-layout":"","ast-site-content-layout":"default","site-content-style":"default","site-sidebar-style":"default","ast-global-header-display":"","ast-banner-title-visibility":"","ast-main-header-display":"","ast-hfb-above-header-display":"","ast-hfb-below-header-display":"","ast-hfb-mobile-header-display":"","site-post-title":"","ast-breadcrumbs-content":"","ast-featured-img":"","footer-sml-layout":"","ast-disable-related-posts":"","theme-transparent-header-meta":"","adv-header-id-meta":"","stick-header-meta":"","header-above-stick-meta":"","header-main-stick-meta":"","header-below-stick-meta":"","astra-migrate-meta-layouts":"default","ast-page-background-enabled":"default","ast-page-background-meta":{"desktop":{"background-color":"var(--ast-global-color-5)","background-image":"","background-repeat":"repeat","background-position":"center center","background-size":"auto","background-attachment":"scroll","background-type":"","background-media":"","overlay-type":"","overlay-color":"","overlay-opacity":"","overlay-gradient":""},"tablet":{"background-color":"","background-image":"","background-repeat":"repeat","background-position":"center center","background-size":"auto","background-attachment":"scroll","background-type":"","background-media":"","overlay-type":"","overlay-color":"","overlay-opacity":"","overlay-gradient":""},"mobile":{"background-color":"","background-image":"","background-repeat":"repeat","background-position":"center center","background-size":"auto","background-attachment":"scroll","background-type":"","background-media":"","overlay-type":"","overlay-color":"","overlay-opacity":"","overlay-gradient":""}},"ast-content-background-meta":{"desktop":{"background-color":"var(--ast-global-color-4)","background-image":"","background-repeat":"repeat","background-position":"center center","background-size":"auto","background-attachment":"scroll","background-type":"","background-media":"","overlay-type":"","overlay-color":"","overlay-opacity":"","overlay-gradient":""},"tablet":{"background-color":"var(--ast-global-color-4)","background-image":"","background-repeat":"repeat","background-position":"center center","background-size":"auto","background-attachment":"scroll","background-type":"","background-media":"","overlay-type":"","overlay-color":"","overlay-opacity":"","overlay-gradient":""},"mobile":{"background-color":"var(--ast-global-color-4)","background-image":"","background-repeat":"repeat","background-position":"center center","background-size":"auto","background-attachment":"scroll","background-type":"","background-media":"","overlay-type":"","overlay-color":"","overlay-opacity":"","overlay-gradient":""}}},"pwb-brand":[137],"product_brand":[132],"product_cat":[159],"product_tag":[],"class_list":{"0":"post-6714","1":"product","2":"type-product","3":"status-publish","4":"has-post-thumbnail","6":"pwb-brand-avtodelo","7":"product_brand-avtodelo","8":"product_cat-dzinejainstruments","9":"product_shipping_class-50","10":"desktop-align-left","11":"tablet-align-left","12":"mobile-align-left","14":"first","15":"instock","16":"taxable","17":"shipping-taxable","18":"purchasable","19":"product-type-simple"},"jetpack_sharing_enabled":true,"brands":[{"id":137,"name":"Autodelo","slug":"avtodelo"}],"_links":{"self":[{"href":"https:\/\/nvmotors.lv\/ru\/wp-json\/wp\/v2\/product\/6714","targetHints":{"allow":["GET"]}}],"collection":[{"href":"https:\/\/nvmotors.lv\/ru\/wp-json\/wp\/v2\/product"}],"about":[{"href":"https:\/\/nvmotors.lv\/ru\/wp-json\/wp\/v2\/types\/product"}],"wp:featuredmedia":[{"embeddable":true,"href":"https:\/\/nvmotors.lv\/ru\/wp-json\/wp\/v2\/media\/6768"}],"wp:attachment":[{"href":"https:\/\/nvmotors.lv\/ru\/wp-json\/wp\/v2\/media?parent=6714"}],"wp:term":[{"taxonomy":"pwb-brand","embeddable":true,"href":"https:\/\/nvmotors.lv\/ru\/wp-json\/wp\/v2\/pwb-brand?post=6714"},{"taxonomy":"product_brand","embeddable":true,"href":"https:\/\/nvmotors.lv\/ru\/wp-json\/wp\/v2\/product_brand?post=6714"},{"taxonomy":"product_cat","embeddable":true,"href":"https:\/\/nvmotors.lv\/ru\/wp-json\/wp\/v2\/product_cat?post=6714"},{"taxonomy":"product_tag","embeddable":true,"href":"https:\/\/nvmotors.lv\/ru\/wp-json\/wp\/v2\/product_tag?post=6714"}],"curies":[{"name":"wp","href":"https:\/\/api.w.org\/{rel}","templated":true}]}}