{"id":6715,"date":"2026-02-26T15:48:37","date_gmt":"2026-02-26T15:48:37","guid":{"rendered":"https:\/\/nvmotors.lv\/shop\/renault-sadales-varpstu-fiksatoru-komplekts-1540445\/"},"modified":"2026-03-13T21:17:54","modified_gmt":"2026-03-13T21:17:54","slug":"renault-sadales-varpstu-fiksatoru-komplekts-1540445","status":"publish","type":"product","link":"https:\/\/nvmotors.lv\/ru\/shop\/renault-sadales-varpstu-fiksatoru-komplekts-1540445\/","title":{"rendered":"\u041d\u0430\u0431\u043e\u0440 \u0444\u0438\u043a\u0441\u0430\u0442\u043e\u0440\u043e\u0432 \u0440\u0430\u0441\u043f\u0440\u0435\u0434\u0435\u043b\u0438\u0442\u0435\u043b\u044c\u043d\u044b\u0445 \u0432\u0430\u043b\u043e\u0432 Renault 15(40445)"},"content":{"rendered":"<p>Komplekts ir paredz\u0113ts Renault automa\u0161\u012bnu dzin\u0113ju g\u0101zes sadales sist\u0113mas<br \/>\nf\u0101\u017eu regul\u0113\u0161anai, veicot remontu un apkalpo\u0161anu. Komplekt\u0101 ietilpst visas<br \/>\nspeci\u0101l\u0101s ier\u012bces, kas ir nepiecie\u0161amas klo\u0137v\u0101rpstas, sadales v\u0101rpstu un<br \/>\npiedzi\u0146as v\u0101rpstas ASDS fiks\u0101cijai, k\u0101 ar\u012b instrumenti dzin\u0113ja piedzi\u0146as<br \/>\nsiksnu no\u0146em\u0161anai un uzst\u0101d\u012b\u0161anai. Piem\u0113rojam\u012bba &#8211; benz\u012bna dzin\u0113ji ar div\u0101m<br \/>\nsadales v\u0101rpst\u0101m automa\u0161\u012bn\u0101m Renault ar apjomu 1,2, 1,4, 1,6, 1,8, 2,0 16V<br \/>\nun 2,5 20V; d\u012bze\u013ca dzin\u0113ji 1,9 D\/TD\/dTi, 2,2 D\/TD, 2,5 D, 2,8 dTi, 1,5 dCi,<br \/>\n1,9 dCi, 2,2 dCi, 2,5 dCi. Pieg\u0101d\u0101ts individu\u0101l\u0101 plastmasas k\u0101rb\u0101.<\/p>","protected":false},"excerpt":{"rendered":"<p>Komplekts ir paredz\u0113ts Renault automa\u0161\u012bnu dzin\u0113ju g\u0101zes sadales sist\u0113mas f\u0101\u017eu regul\u0113\u0161anai, veicot remontu un apkalpo\u0161anu. Komplekt\u0101 ietilpst visas speci\u0101l\u0101s ier\u012bces, [&hellip;]<\/p>\n","protected":false},"featured_media":6772,"template":"","meta":{"bwfblock_default_font":"","pagelayer_contact_templates":[],"_pagelayer_content":"","site-sidebar-layout":"default","site-content-layout":"","ast-site-content-layout":"default","site-content-style":"default","site-sidebar-style":"default","ast-global-header-display":"","ast-banner-title-visibility":"","ast-main-header-display":"","ast-hfb-above-header-display":"","ast-hfb-below-header-display":"","ast-hfb-mobile-header-display":"","site-post-title":"","ast-breadcrumbs-content":"","ast-featured-img":"","footer-sml-layout":"","ast-disable-related-posts":"","theme-transparent-header-meta":"default","adv-header-id-meta":"","stick-header-meta":"","header-above-stick-meta":"","header-main-stick-meta":"","header-below-stick-meta":"","astra-migrate-meta-layouts":"set","ast-page-background-enabled":"default","ast-page-background-meta":{"desktop":{"background-color":"var(--ast-global-color-5)","background-image":"","background-repeat":"repeat","background-position":"center center","background-size":"auto","background-attachment":"scroll","background-type":"","background-media":"","overlay-type":"","overlay-color":"","overlay-opacity":"","overlay-gradient":""},"tablet":{"background-color":"","background-image":"","background-repeat":"repeat","background-position":"center center","background-size":"auto","background-attachment":"scroll","background-type":"","background-media":"","overlay-type":"","overlay-color":"","overlay-opacity":"","overlay-gradient":""},"mobile":{"background-color":"","background-image":"","background-repeat":"repeat","background-position":"center center","background-size":"auto","background-attachment":"scroll","background-type":"","background-media":"","overlay-type":"","overlay-color":"","overlay-opacity":"","overlay-gradient":""}},"ast-content-background-meta":{"desktop":{"background-color":"var(--ast-global-color-4)","background-image":"","background-repeat":"repeat","background-position":"center center","background-size":"auto","background-attachment":"scroll","background-type":"","background-media":"","overlay-type":"","overlay-color":"","overlay-opacity":"","overlay-gradient":""},"tablet":{"background-color":"var(--ast-global-color-4)","background-image":"","background-repeat":"repeat","background-position":"center center","background-size":"auto","background-attachment":"scroll","background-type":"","background-media":"","overlay-type":"","overlay-color":"","overlay-opacity":"","overlay-gradient":""},"mobile":{"background-color":"var(--ast-global-color-4)","background-image":"","background-repeat":"repeat","background-position":"center center","background-size":"auto","background-attachment":"scroll","background-type":"","background-media":"","overlay-type":"","overlay-color":"","overlay-opacity":"","overlay-gradient":""}}},"pwb-brand":[137],"product_brand":[132],"product_cat":[159],"product_tag":[],"class_list":{"0":"post-6715","1":"product","2":"type-product","3":"status-publish","4":"has-post-thumbnail","6":"pwb-brand-avtodelo","7":"product_brand-avtodelo","8":"product_cat-dzinejainstruments","9":"product_shipping_class-50","10":"desktop-align-left","11":"tablet-align-left","12":"mobile-align-left","14":"first","15":"instock","16":"taxable","17":"shipping-taxable","18":"purchasable","19":"product-type-simple"},"jetpack_sharing_enabled":true,"brands":[{"id":137,"name":"Autodelo","slug":"avtodelo"}],"_links":{"self":[{"href":"https:\/\/nvmotors.lv\/ru\/wp-json\/wp\/v2\/product\/6715","targetHints":{"allow":["GET"]}}],"collection":[{"href":"https:\/\/nvmotors.lv\/ru\/wp-json\/wp\/v2\/product"}],"about":[{"href":"https:\/\/nvmotors.lv\/ru\/wp-json\/wp\/v2\/types\/product"}],"wp:featuredmedia":[{"embeddable":true,"href":"https:\/\/nvmotors.lv\/ru\/wp-json\/wp\/v2\/media\/6772"}],"wp:attachment":[{"href":"https:\/\/nvmotors.lv\/ru\/wp-json\/wp\/v2\/media?parent=6715"}],"wp:term":[{"taxonomy":"pwb-brand","embeddable":true,"href":"https:\/\/nvmotors.lv\/ru\/wp-json\/wp\/v2\/pwb-brand?post=6715"},{"taxonomy":"product_brand","embeddable":true,"href":"https:\/\/nvmotors.lv\/ru\/wp-json\/wp\/v2\/product_brand?post=6715"},{"taxonomy":"product_cat","embeddable":true,"href":"https:\/\/nvmotors.lv\/ru\/wp-json\/wp\/v2\/product_cat?post=6715"},{"taxonomy":"product_tag","embeddable":true,"href":"https:\/\/nvmotors.lv\/ru\/wp-json\/wp\/v2\/product_tag?post=6715"}],"curies":[{"name":"wp","href":"https:\/\/api.w.org\/{rel}","templated":true}]}}