{"id":6716,"date":"2026-02-26T15:48:38","date_gmt":"2026-02-26T15:48:38","guid":{"rendered":"https:\/\/nvmotors.lv\/shop\/sadales-varpstas-fiksatoru-komplekts-bmw-n12-n14-n16-640450\/"},"modified":"2026-03-13T21:13:13","modified_gmt":"2026-03-13T21:13:13","slug":"sadales-varpstas-fiksatoru-komplekts-bmw-n12-n14-n16-640450","status":"publish","type":"product","link":"https:\/\/nvmotors.lv\/ru\/shop\/sadales-varpstas-fiksatoru-komplekts-bmw-n12-n14-n16-640450\/","title":{"rendered":"\u041a\u043e\u043c\u043f\u043b\u0435\u043a\u0442 \u0431\u043b\u043e\u043a\u0438\u0440\u043e\u0432\u043a\u0438 \u0440\u0430\u0441\u043f\u0440\u0435\u0434\u0432\u0430\u043b\u0430 BMW N12, N14, N16 6(40450)"},"content":{"rendered":"<p>Paredz\u0113ts benz\u012bna dzin\u0113ju g\u0101zes sadales meh\u0101nisma f\u0101\u017eu uzst\u0101d\u012b\u0161anai.<br \/>\nPiem\u0113rojams dzin\u0113ju BMW N12, N14 un N16 ar apjomu 1,4 un 1,6 litri remontam<br \/>\nun regul\u0113\u0161anai, gan ar degvielas sadales iesmidzin\u0101jumu, gan ar sist\u0113mu<br \/>\nValvetronic. Piem\u0113rojams automa\u0161\u012bnu Citroen, Peugeot un BMW Mini dzin\u0113ju<br \/>\nremontam. Automa\u0161\u012bnu mode\u013ci: BMW Mini: Mini One R56 (07-09), Cooper R55\/R56<br \/>\n(06-09), Cooper S R55\/R56 (06-09); CITROEN: C4 (08-09), C4 Picasso (08 &#8211;<br \/>\n09); PEUGEOT: 207 (06-10), 207CC (07-10), 308 (07-10), 3008 (09-12), 5008<br \/>\n(09-12). Dzin\u0113ju kodi: BMW &#8211; N12 (1,4\/166), N14 (1,6) \u0438 N16; PSA &#8211; \u0415\u04203<br \/>\n(8FS), EP3C (8F01), EP6 (5FW), EP6C (5F01), EP6CDT (5F04), EP6DT (5FX\/5FT),<br \/>\nEP6DTS (5FY). Komplekt\u0113ts ar \u0161ablonu BMW Mini sadales v\u0101rpstu fiks\u0101cijai<br \/>\n(analogs 119550), \u0161ablonu sadales v\u0101rpstu fiks\u0101cijai (analogs 119540),<br \/>\n\u0137\u0113des spriegot\u0101ju (analogs 119340), kontrbalstu (analogs 119552),<br \/>\nklo\u0137v\u0101rpstas fiksatoru (analogs 119590) un \u0161ablona stiprin\u0101, sadales<br \/>\nv\u0101rpstu fiksatora plati (analogs 119590) un skr\u016bvju mont\u0101\u017eas veidne.<br \/>\nPieg\u0101d\u0101ts individu\u0101l\u0101 plastmasas k\u0101rb\u0101.<\/p>","protected":false},"excerpt":{"rendered":"<p>Paredz\u0113ts benz\u012bna dzin\u0113ju g\u0101zes sadales meh\u0101nisma f\u0101\u017eu uzst\u0101d\u012b\u0161anai. Piem\u0113rojams dzin\u0113ju BMW N12, N14 un N16 ar apjomu 1,4 un 1,6 [&hellip;]<\/p>\n","protected":false},"featured_media":6775,"template":"","meta":{"bwfblock_default_font":"","pagelayer_contact_templates":[],"_pagelayer_content":"","site-sidebar-layout":"default","site-content-layout":"","ast-site-content-layout":"default","site-content-style":"default","site-sidebar-style":"default","ast-global-header-display":"","ast-banner-title-visibility":"","ast-main-header-display":"","ast-hfb-above-header-display":"","ast-hfb-below-header-display":"","ast-hfb-mobile-header-display":"","site-post-title":"","ast-breadcrumbs-content":"","ast-featured-img":"","footer-sml-layout":"","ast-disable-related-posts":"","theme-transparent-header-meta":"default","adv-header-id-meta":"","stick-header-meta":"","header-above-stick-meta":"","header-main-stick-meta":"","header-below-stick-meta":"","astra-migrate-meta-layouts":"set","ast-page-background-enabled":"default","ast-page-background-meta":{"desktop":{"background-color":"var(--ast-global-color-5)","background-image":"","background-repeat":"repeat","background-position":"center center","background-size":"auto","background-attachment":"scroll","background-type":"","background-media":"","overlay-type":"","overlay-color":"","overlay-opacity":"","overlay-gradient":""},"tablet":{"background-color":"","background-image":"","background-repeat":"repeat","background-position":"center center","background-size":"auto","background-attachment":"scroll","background-type":"","background-media":"","overlay-type":"","overlay-color":"","overlay-opacity":"","overlay-gradient":""},"mobile":{"background-color":"","background-image":"","background-repeat":"repeat","background-position":"center center","background-size":"auto","background-attachment":"scroll","background-type":"","background-media":"","overlay-type":"","overlay-color":"","overlay-opacity":"","overlay-gradient":""}},"ast-content-background-meta":{"desktop":{"background-color":"var(--ast-global-color-4)","background-image":"","background-repeat":"repeat","background-position":"center center","background-size":"auto","background-attachment":"scroll","background-type":"","background-media":"","overlay-type":"","overlay-color":"","overlay-opacity":"","overlay-gradient":""},"tablet":{"background-color":"var(--ast-global-color-4)","background-image":"","background-repeat":"repeat","background-position":"center center","background-size":"auto","background-attachment":"scroll","background-type":"","background-media":"","overlay-type":"","overlay-color":"","overlay-opacity":"","overlay-gradient":""},"mobile":{"background-color":"var(--ast-global-color-4)","background-image":"","background-repeat":"repeat","background-position":"center center","background-size":"auto","background-attachment":"scroll","background-type":"","background-media":"","overlay-type":"","overlay-color":"","overlay-opacity":"","overlay-gradient":""}}},"pwb-brand":[137],"product_brand":[132],"product_cat":[159],"product_tag":[],"class_list":{"0":"post-6716","1":"product","2":"type-product","3":"status-publish","4":"has-post-thumbnail","6":"pwb-brand-avtodelo","7":"product_brand-avtodelo","8":"product_cat-dzinejainstruments","9":"product_shipping_class-50","10":"desktop-align-left","11":"tablet-align-left","12":"mobile-align-left","14":"first","15":"instock","16":"taxable","17":"shipping-taxable","18":"purchasable","19":"product-type-simple"},"jetpack_sharing_enabled":true,"brands":[{"id":137,"name":"Autodelo","slug":"avtodelo"}],"_links":{"self":[{"href":"https:\/\/nvmotors.lv\/ru\/wp-json\/wp\/v2\/product\/6716","targetHints":{"allow":["GET"]}}],"collection":[{"href":"https:\/\/nvmotors.lv\/ru\/wp-json\/wp\/v2\/product"}],"about":[{"href":"https:\/\/nvmotors.lv\/ru\/wp-json\/wp\/v2\/types\/product"}],"wp:featuredmedia":[{"embeddable":true,"href":"https:\/\/nvmotors.lv\/ru\/wp-json\/wp\/v2\/media\/6775"}],"wp:attachment":[{"href":"https:\/\/nvmotors.lv\/ru\/wp-json\/wp\/v2\/media?parent=6716"}],"wp:term":[{"taxonomy":"pwb-brand","embeddable":true,"href":"https:\/\/nvmotors.lv\/ru\/wp-json\/wp\/v2\/pwb-brand?post=6716"},{"taxonomy":"product_brand","embeddable":true,"href":"https:\/\/nvmotors.lv\/ru\/wp-json\/wp\/v2\/product_brand?post=6716"},{"taxonomy":"product_cat","embeddable":true,"href":"https:\/\/nvmotors.lv\/ru\/wp-json\/wp\/v2\/product_cat?post=6716"},{"taxonomy":"product_tag","embeddable":true,"href":"https:\/\/nvmotors.lv\/ru\/wp-json\/wp\/v2\/product_tag?post=6716"}],"curies":[{"name":"wp","href":"https:\/\/api.w.org\/{rel}","templated":true}]}}