{"id":6717,"date":"2026-02-26T15:48:38","date_gmt":"2026-02-26T15:48:38","guid":{"rendered":"https:\/\/nvmotors.lv\/shop\/renault-automasinu-dizela-dzineju-varpstu-fiksators-1240451\/"},"modified":"2026-03-13T21:13:38","modified_gmt":"2026-03-13T21:13:38","slug":"renault-automasinu-dizela-dzineju-varpstu-fiksators-1240451","status":"publish","type":"product","link":"https:\/\/nvmotors.lv\/ru\/shop\/renault-automasinu-dizela-dzineju-varpstu-fiksators-1240451\/","title":{"rendered":"\u0424\u0438\u043a\u0441\u0430\u0442\u043e\u0440 \u0432\u0430\u043b\u0430 \u0434\u0438\u0437\u0435\u043b\u044c\u043d\u044b\u0445 \u0434\u0432\u0438\u0433\u0430\u0442\u0435\u043b\u0435\u0439 \u0430\u0432\u0442\u043e\u043c\u043e\u0431\u0438\u043b\u0435\u0439 Renault 12(40451)"},"content":{"rendered":"<p>Paredz\u0113ts sadales un klo\u0137v\u0101rpstu st\u0101vok\u013ca fiks\u0101cijai un nospriego\u0161anas<br \/>\nier\u012bces blo\u0137\u0113\u0161anai, veicot dzensiksnas nomai\u0146as darbus, k\u0101 ar\u012b veicot citus<br \/>\ndzin\u0113ja regul\u0113\u0161anas un remonta darbus. Tiek pielietots automa\u0161\u012bnu d\u012bze\u013ca<br \/>\ndzin\u0113ju remontam un apkalpo\u0161anai: Renault &#8211; Clio, Megane, Scenic, Laguna,<br \/>\nEspace, Kangoo, Trafic, Master; Opel &#8211; Vivaro, Movano; Nissan &#8211; Micra,<br \/>\nKubistar, Primastar, Interstar. Piem\u0113rojams darbam ar dzin\u0113jiem \u2013 1,5, 1,9,<br \/>\n2,2, 2,5 DCI. Dzin\u0113ju kodi &#8211; K9K, K9Q, G9T, G9U. Pieg\u0101d\u0101ts individu\u0101l\u0101<br \/>\nplastmasas k\u0101rb\u0101.<\/p>","protected":false},"excerpt":{"rendered":"<p>Paredz\u0113ts sadales un klo\u0137v\u0101rpstu st\u0101vok\u013ca fiks\u0101cijai un nospriego\u0161anas ier\u012bces blo\u0137\u0113\u0161anai, veicot dzensiksnas nomai\u0146as darbus, k\u0101 ar\u012b veicot citus dzin\u0113ja regul\u0113\u0161anas [&hellip;]<\/p>\n","protected":false},"featured_media":6778,"template":"","meta":{"bwfblock_default_font":"","pagelayer_contact_templates":[],"_pagelayer_content":"","site-sidebar-layout":"default","site-content-layout":"","ast-site-content-layout":"default","site-content-style":"default","site-sidebar-style":"default","ast-global-header-display":"","ast-banner-title-visibility":"","ast-main-header-display":"","ast-hfb-above-header-display":"","ast-hfb-below-header-display":"","ast-hfb-mobile-header-display":"","site-post-title":"","ast-breadcrumbs-content":"","ast-featured-img":"","footer-sml-layout":"","ast-disable-related-posts":"","theme-transparent-header-meta":"","adv-header-id-meta":"","stick-header-meta":"","header-above-stick-meta":"","header-main-stick-meta":"","header-below-stick-meta":"","astra-migrate-meta-layouts":"default","ast-page-background-enabled":"default","ast-page-background-meta":{"desktop":{"background-color":"var(--ast-global-color-5)","background-image":"","background-repeat":"repeat","background-position":"center center","background-size":"auto","background-attachment":"scroll","background-type":"","background-media":"","overlay-type":"","overlay-color":"","overlay-opacity":"","overlay-gradient":""},"tablet":{"background-color":"","background-image":"","background-repeat":"repeat","background-position":"center center","background-size":"auto","background-attachment":"scroll","background-type":"","background-media":"","overlay-type":"","overlay-color":"","overlay-opacity":"","overlay-gradient":""},"mobile":{"background-color":"","background-image":"","background-repeat":"repeat","background-position":"center center","background-size":"auto","background-attachment":"scroll","background-type":"","background-media":"","overlay-type":"","overlay-color":"","overlay-opacity":"","overlay-gradient":""}},"ast-content-background-meta":{"desktop":{"background-color":"var(--ast-global-color-4)","background-image":"","background-repeat":"repeat","background-position":"center center","background-size":"auto","background-attachment":"scroll","background-type":"","background-media":"","overlay-type":"","overlay-color":"","overlay-opacity":"","overlay-gradient":""},"tablet":{"background-color":"var(--ast-global-color-4)","background-image":"","background-repeat":"repeat","background-position":"center center","background-size":"auto","background-attachment":"scroll","background-type":"","background-media":"","overlay-type":"","overlay-color":"","overlay-opacity":"","overlay-gradient":""},"mobile":{"background-color":"var(--ast-global-color-4)","background-image":"","background-repeat":"repeat","background-position":"center center","background-size":"auto","background-attachment":"scroll","background-type":"","background-media":"","overlay-type":"","overlay-color":"","overlay-opacity":"","overlay-gradient":""}}},"pwb-brand":[137],"product_brand":[132],"product_cat":[159],"product_tag":[],"class_list":{"0":"post-6717","1":"product","2":"type-product","3":"status-publish","4":"has-post-thumbnail","6":"pwb-brand-avtodelo","7":"product_brand-avtodelo","8":"product_cat-dzinejainstruments","9":"product_shipping_class-50","10":"desktop-align-left","11":"tablet-align-left","12":"mobile-align-left","14":"first","15":"instock","16":"taxable","17":"shipping-taxable","18":"purchasable","19":"product-type-simple"},"jetpack_sharing_enabled":true,"brands":[{"id":137,"name":"Autodelo","slug":"avtodelo"}],"_links":{"self":[{"href":"https:\/\/nvmotors.lv\/ru\/wp-json\/wp\/v2\/product\/6717","targetHints":{"allow":["GET"]}}],"collection":[{"href":"https:\/\/nvmotors.lv\/ru\/wp-json\/wp\/v2\/product"}],"about":[{"href":"https:\/\/nvmotors.lv\/ru\/wp-json\/wp\/v2\/types\/product"}],"wp:featuredmedia":[{"embeddable":true,"href":"https:\/\/nvmotors.lv\/ru\/wp-json\/wp\/v2\/media\/6778"}],"wp:attachment":[{"href":"https:\/\/nvmotors.lv\/ru\/wp-json\/wp\/v2\/media?parent=6717"}],"wp:term":[{"taxonomy":"pwb-brand","embeddable":true,"href":"https:\/\/nvmotors.lv\/ru\/wp-json\/wp\/v2\/pwb-brand?post=6717"},{"taxonomy":"product_brand","embeddable":true,"href":"https:\/\/nvmotors.lv\/ru\/wp-json\/wp\/v2\/product_brand?post=6717"},{"taxonomy":"product_cat","embeddable":true,"href":"https:\/\/nvmotors.lv\/ru\/wp-json\/wp\/v2\/product_cat?post=6717"},{"taxonomy":"product_tag","embeddable":true,"href":"https:\/\/nvmotors.lv\/ru\/wp-json\/wp\/v2\/product_tag?post=6717"}],"curies":[{"name":"wp","href":"https:\/\/api.w.org\/{rel}","templated":true}]}}