{"id":6718,"date":"2026-02-26T15:48:38","date_gmt":"2026-02-26T15:48:38","guid":{"rendered":"https:\/\/nvmotors.lv\/shop\/automasinu-renault-varpstu-fiksators-340453\/"},"modified":"2026-03-13T21:14:06","modified_gmt":"2026-03-13T21:14:06","slug":"automasinu-renault-varpstu-fiksators-340453","status":"publish","type":"product","link":"https:\/\/nvmotors.lv\/ru\/shop\/automasinu-renault-varpstu-fiksators-340453\/","title":{"rendered":"\u0424\u0438\u043a\u0441\u0430\u0442\u043e\u0440 \u0432\u0430\u043b\u0430 \u0430\u0432\u0442\u043e\u043c\u043e\u0431\u0438\u043b\u044f Renault 3(40453)"},"content":{"rendered":"<p>Paredz\u0113ts sadales v\u0101rpstas st\u0101vok\u013ca fiks\u0101cijai, veicot dzensiksnas nomai\u0146as<br \/>\ndarbus, k\u0101 ar\u012b veicot citus dzin\u0113ja regul\u0113\u0161anas un remonta darbus. Tiek<br \/>\npielietots automa\u0161\u012bnu Renault-Nissan dzin\u0113ju ar apjomu 1,4, 1,6, 1,8 un 2,0<br \/>\nlitri remontam un apkalpo\u0161anai. \u013bauj fiks\u0113t sadales un klo\u013cv\u0101rpstu<br \/>\npareizaj\u0101 st\u0101vokl\u012b divv\u0101rpstu 16-v\u0101rstu dzin\u0113jos. Dzin\u0113ju kodi &#8211; K4J, K4M,<br \/>\nF4P, F4R. Komplekt\u0113ts ar klo\u0137v\u0101rpstas fiksatoriem (analogi MOT 1489 un MOT<br \/>\n1054), sadales v\u0101rpstu iestat\u012b\u0161anas pl\u0101ksni (analogs MOT 1496) un plates<br \/>\nmont\u0101\u017eas pl\u0101ksni (analogs MOT 1750). Pieg\u0101d\u0101ts individu\u0101l\u0101 plastmasas k\u0101rb\u0101.<\/p>","protected":false},"excerpt":{"rendered":"<p>Paredz\u0113ts sadales v\u0101rpstas st\u0101vok\u013ca fiks\u0101cijai, veicot dzensiksnas nomai\u0146as darbus, k\u0101 ar\u012b veicot citus dzin\u0113ja regul\u0113\u0161anas un remonta darbus. Tiek pielietots [&hellip;]<\/p>\n","protected":false},"featured_media":6781,"template":"","meta":{"bwfblock_default_font":"","pagelayer_contact_templates":[],"_pagelayer_content":"","site-sidebar-layout":"default","site-content-layout":"","ast-site-content-layout":"default","site-content-style":"default","site-sidebar-style":"default","ast-global-header-display":"","ast-banner-title-visibility":"","ast-main-header-display":"","ast-hfb-above-header-display":"","ast-hfb-below-header-display":"","ast-hfb-mobile-header-display":"","site-post-title":"","ast-breadcrumbs-content":"","ast-featured-img":"","footer-sml-layout":"","ast-disable-related-posts":"","theme-transparent-header-meta":"","adv-header-id-meta":"","stick-header-meta":"","header-above-stick-meta":"","header-main-stick-meta":"","header-below-stick-meta":"","astra-migrate-meta-layouts":"default","ast-page-background-enabled":"default","ast-page-background-meta":{"desktop":{"background-color":"var(--ast-global-color-5)","background-image":"","background-repeat":"repeat","background-position":"center center","background-size":"auto","background-attachment":"scroll","background-type":"","background-media":"","overlay-type":"","overlay-color":"","overlay-opacity":"","overlay-gradient":""},"tablet":{"background-color":"","background-image":"","background-repeat":"repeat","background-position":"center center","background-size":"auto","background-attachment":"scroll","background-type":"","background-media":"","overlay-type":"","overlay-color":"","overlay-opacity":"","overlay-gradient":""},"mobile":{"background-color":"","background-image":"","background-repeat":"repeat","background-position":"center center","background-size":"auto","background-attachment":"scroll","background-type":"","background-media":"","overlay-type":"","overlay-color":"","overlay-opacity":"","overlay-gradient":""}},"ast-content-background-meta":{"desktop":{"background-color":"var(--ast-global-color-4)","background-image":"","background-repeat":"repeat","background-position":"center center","background-size":"auto","background-attachment":"scroll","background-type":"","background-media":"","overlay-type":"","overlay-color":"","overlay-opacity":"","overlay-gradient":""},"tablet":{"background-color":"var(--ast-global-color-4)","background-image":"","background-repeat":"repeat","background-position":"center center","background-size":"auto","background-attachment":"scroll","background-type":"","background-media":"","overlay-type":"","overlay-color":"","overlay-opacity":"","overlay-gradient":""},"mobile":{"background-color":"var(--ast-global-color-4)","background-image":"","background-repeat":"repeat","background-position":"center center","background-size":"auto","background-attachment":"scroll","background-type":"","background-media":"","overlay-type":"","overlay-color":"","overlay-opacity":"","overlay-gradient":""}}},"pwb-brand":[137],"product_brand":[132],"product_cat":[159],"product_tag":[],"class_list":{"0":"post-6718","1":"product","2":"type-product","3":"status-publish","4":"has-post-thumbnail","6":"pwb-brand-avtodelo","7":"product_brand-avtodelo","8":"product_cat-dzinejainstruments","9":"product_shipping_class-50","10":"desktop-align-left","11":"tablet-align-left","12":"mobile-align-left","14":"first","15":"instock","16":"taxable","17":"shipping-taxable","18":"purchasable","19":"product-type-simple"},"jetpack_sharing_enabled":true,"brands":[{"id":137,"name":"Autodelo","slug":"avtodelo"}],"_links":{"self":[{"href":"https:\/\/nvmotors.lv\/ru\/wp-json\/wp\/v2\/product\/6718","targetHints":{"allow":["GET"]}}],"collection":[{"href":"https:\/\/nvmotors.lv\/ru\/wp-json\/wp\/v2\/product"}],"about":[{"href":"https:\/\/nvmotors.lv\/ru\/wp-json\/wp\/v2\/types\/product"}],"wp:featuredmedia":[{"embeddable":true,"href":"https:\/\/nvmotors.lv\/ru\/wp-json\/wp\/v2\/media\/6781"}],"wp:attachment":[{"href":"https:\/\/nvmotors.lv\/ru\/wp-json\/wp\/v2\/media?parent=6718"}],"wp:term":[{"taxonomy":"pwb-brand","embeddable":true,"href":"https:\/\/nvmotors.lv\/ru\/wp-json\/wp\/v2\/pwb-brand?post=6718"},{"taxonomy":"product_brand","embeddable":true,"href":"https:\/\/nvmotors.lv\/ru\/wp-json\/wp\/v2\/product_brand?post=6718"},{"taxonomy":"product_cat","embeddable":true,"href":"https:\/\/nvmotors.lv\/ru\/wp-json\/wp\/v2\/product_cat?post=6718"},{"taxonomy":"product_tag","embeddable":true,"href":"https:\/\/nvmotors.lv\/ru\/wp-json\/wp\/v2\/product_tag?post=6718"}],"curies":[{"name":"wp","href":"https:\/\/api.w.org\/{rel}","templated":true}]}}