{"id":6719,"date":"2026-02-26T15:48:38","date_gmt":"2026-02-26T15:48:38","guid":{"rendered":"https:\/\/nvmotors.lv\/shop\/vag-sadales-varpstas-fiksators-40496\/"},"modified":"2026-03-13T21:14:33","modified_gmt":"2026-03-13T21:14:33","slug":"vag-sadales-varpstas-fiksators-40496","status":"publish","type":"product","link":"https:\/\/nvmotors.lv\/ru\/shop\/vag-sadales-varpstas-fiksators-40496\/","title":{"rendered":"\u0424\u0438\u043a\u0441\u0430\u0442\u043e\u0440 \u0440\u0430\u0441\u043f\u0440\u0435\u0434\u0435\u043b\u0438\u0442\u0435\u043b\u044c\u043d\u043e\u0433\u043e \u0432\u0430\u043b\u0430 VAG (40496)"},"content":{"rendered":"<p>Paredz\u0113ts VAG-grupas benz\u012bna dzin\u0113ju ar apjomu 1.2 litri sadales v\u0101rpstas<br \/>\nst\u0101vok\u013ca fiks\u0101cijai, kuri apr\u012bkoti ar turb\u012bnu, regul\u0113jot g\u0101zes sadales<br \/>\nmeh\u0101nisma f\u0101zes. Piem\u0113rojams dzin\u0113jiem ar apjomu 1,6 litri automa\u0161\u012bn\u0101m Polo<br \/>\nSedan un Kalugas ra\u017eo\u0161anas Skoda Rapid (dzin\u0113ja kods CFNB). Fiksators tiek<br \/>\npielietots dzin\u0113jiem TSI un TFSI ar vienu un div\u0101m sadales v\u0101rpst\u0101m<br \/>\n(dzin\u0113ju regul\u0113\u0161anai ar div\u0101m sadales v\u0101rpst\u0101m ir nepiecie\u0161ami divas<br \/>\nier\u012bces). Piem\u0113rojams automa\u0161\u012bn\u0101m: Audi &#8211; A1, A3, A3 Sportback, A3<br \/>\nCabriolet; VW &#8211; New Beetle, Caddy, Golf, Golf Plus, Golf Cabriolet, Golf<br \/>\nVariant, Jetta, Polo, Touran, Polo Sedan; Skoda &#8211; Fabia, Fabia Combi,<br \/>\nRapid, Octavia, Oktavia Combi, Roomster, Yeti; Seat &#8211; Altea, Altea XL,<br \/>\nIbiza, Ibiza Sportcoupe, Leon, Toledo. Dzin\u0113ju kodi: CBZA, CBZB, CBZC,<br \/>\nCFNB. Ori\u0123in\u0101l\u0101 ier\u012bces funkcion\u0101lais analogs VAG T10414. Tiek pieg\u0101d\u0101ts<br \/>\nindividu\u0101l\u0101 blistera iepakojum\u0101.<\/p>","protected":false},"excerpt":{"rendered":"<p>Paredz\u0113ts VAG-grupas benz\u012bna dzin\u0113ju ar apjomu 1.2 litri sadales v\u0101rpstas st\u0101vok\u013ca fiks\u0101cijai, kuri apr\u012bkoti ar turb\u012bnu, regul\u0113jot g\u0101zes sadales meh\u0101nisma [&hellip;]<\/p>\n","protected":false},"featured_media":6793,"template":"","meta":{"bwfblock_default_font":"","pagelayer_contact_templates":[],"_pagelayer_content":"","site-sidebar-layout":"default","site-content-layout":"","ast-site-content-layout":"default","site-content-style":"default","site-sidebar-style":"default","ast-global-header-display":"","ast-banner-title-visibility":"","ast-main-header-display":"","ast-hfb-above-header-display":"","ast-hfb-below-header-display":"","ast-hfb-mobile-header-display":"","site-post-title":"","ast-breadcrumbs-content":"","ast-featured-img":"","footer-sml-layout":"","ast-disable-related-posts":"","theme-transparent-header-meta":"","adv-header-id-meta":"","stick-header-meta":"","header-above-stick-meta":"","header-main-stick-meta":"","header-below-stick-meta":"","astra-migrate-meta-layouts":"default","ast-page-background-enabled":"default","ast-page-background-meta":{"desktop":{"background-color":"var(--ast-global-color-5)","background-image":"","background-repeat":"repeat","background-position":"center center","background-size":"auto","background-attachment":"scroll","background-type":"","background-media":"","overlay-type":"","overlay-color":"","overlay-opacity":"","overlay-gradient":""},"tablet":{"background-color":"","background-image":"","background-repeat":"repeat","background-position":"center center","background-size":"auto","background-attachment":"scroll","background-type":"","background-media":"","overlay-type":"","overlay-color":"","overlay-opacity":"","overlay-gradient":""},"mobile":{"background-color":"","background-image":"","background-repeat":"repeat","background-position":"center center","background-size":"auto","background-attachment":"scroll","background-type":"","background-media":"","overlay-type":"","overlay-color":"","overlay-opacity":"","overlay-gradient":""}},"ast-content-background-meta":{"desktop":{"background-color":"var(--ast-global-color-4)","background-image":"","background-repeat":"repeat","background-position":"center center","background-size":"auto","background-attachment":"scroll","background-type":"","background-media":"","overlay-type":"","overlay-color":"","overlay-opacity":"","overlay-gradient":""},"tablet":{"background-color":"var(--ast-global-color-4)","background-image":"","background-repeat":"repeat","background-position":"center center","background-size":"auto","background-attachment":"scroll","background-type":"","background-media":"","overlay-type":"","overlay-color":"","overlay-opacity":"","overlay-gradient":""},"mobile":{"background-color":"var(--ast-global-color-4)","background-image":"","background-repeat":"repeat","background-position":"center center","background-size":"auto","background-attachment":"scroll","background-type":"","background-media":"","overlay-type":"","overlay-color":"","overlay-opacity":"","overlay-gradient":""}}},"pwb-brand":[137],"product_brand":[132],"product_cat":[159],"product_tag":[],"class_list":{"0":"post-6719","1":"product","2":"type-product","3":"status-publish","4":"has-post-thumbnail","6":"pwb-brand-avtodelo","7":"product_brand-avtodelo","8":"product_cat-dzinejainstruments","9":"product_shipping_class-50","10":"desktop-align-left","11":"tablet-align-left","12":"mobile-align-left","14":"first","15":"instock","16":"taxable","17":"shipping-taxable","18":"purchasable","19":"product-type-simple"},"jetpack_sharing_enabled":true,"brands":[{"id":137,"name":"Autodelo","slug":"avtodelo"}],"_links":{"self":[{"href":"https:\/\/nvmotors.lv\/ru\/wp-json\/wp\/v2\/product\/6719","targetHints":{"allow":["GET"]}}],"collection":[{"href":"https:\/\/nvmotors.lv\/ru\/wp-json\/wp\/v2\/product"}],"about":[{"href":"https:\/\/nvmotors.lv\/ru\/wp-json\/wp\/v2\/types\/product"}],"wp:featuredmedia":[{"embeddable":true,"href":"https:\/\/nvmotors.lv\/ru\/wp-json\/wp\/v2\/media\/6793"}],"wp:attachment":[{"href":"https:\/\/nvmotors.lv\/ru\/wp-json\/wp\/v2\/media?parent=6719"}],"wp:term":[{"taxonomy":"pwb-brand","embeddable":true,"href":"https:\/\/nvmotors.lv\/ru\/wp-json\/wp\/v2\/pwb-brand?post=6719"},{"taxonomy":"product_brand","embeddable":true,"href":"https:\/\/nvmotors.lv\/ru\/wp-json\/wp\/v2\/product_brand?post=6719"},{"taxonomy":"product_cat","embeddable":true,"href":"https:\/\/nvmotors.lv\/ru\/wp-json\/wp\/v2\/product_cat?post=6719"},{"taxonomy":"product_tag","embeddable":true,"href":"https:\/\/nvmotors.lv\/ru\/wp-json\/wp\/v2\/product_tag?post=6719"}],"curies":[{"name":"wp","href":"https:\/\/api.w.org\/{rel}","templated":true}]}}