{"id":6720,"date":"2026-02-26T15:48:39","date_gmt":"2026-02-26T15:48:39","guid":{"rendered":"https:\/\/nvmotors.lv\/shop\/atslega-sadales-varpstas-regulesanai-vag-1-8-tfsi-41535\/"},"modified":"2026-03-12T18:35:24","modified_gmt":"2026-03-12T18:35:24","slug":"atslega-sadales-varpstas-regulesanai-vag-1-8-tfsi-41535","status":"publish","type":"product","link":"https:\/\/nvmotors.lv\/ru\/shop\/atslega-sadales-varpstas-regulesanai-vag-1-8-tfsi-41535\/","title":{"rendered":"\u041a\u043b\u044e\u0447 \u0434\u043b\u044f \u0440\u0435\u0433\u0443\u043b\u0438\u0440\u043e\u0432\u043a\u0438 \u0440\u0430\u0441\u043f\u0440\u0435\u0434\u0432\u0430\u043b\u0430 VAG 1.8 TFSI (41535)"},"content":{"rendered":"<p>\u0418\u0441\u043f\u043e\u043b\u044c\u0437\u0443\u0435\u0442\u0441\u044f \u0434\u043b\u044f \u0443\u0441\u0442\u0430\u043d\u043e\u0432\u043a\u0438 \u0440\u0430\u0441\u043f\u0440\u0435\u0434\u0435\u043b\u0438\u0442\u0435\u043b\u044c\u043d\u043e\u0433\u043e \u0432\u0430\u043b\u0430 \u0432 \u043d\u0443\u0436\u043d\u043e\u0435 \u043f\u043e\u043b\u043e\u0436\u0435\u043d\u0438\u0435,<br \/>\n\u043d\u0430\u0441\u0442\u0440\u043e\u0439\u043a\u0430 \u0438 \u0440\u0435\u043c\u043e\u043d\u0442 \u0433\u0430\u0437\u043e\u0440\u0430\u0441\u043f\u0440\u0435\u0434\u0435\u043b\u0438\u0442\u0435\u043b\u044c\u043d\u043e\u0439 \u0441\u0438\u0441\u0442\u0435\u043c\u044b \u0421\u043e \u0441\u043f\u0435\u0446\u0438\u0430\u043b\u044c\u043d\u044b\u043c \u0434\u0438\u0437\u0430\u0439\u043d\u043e\u043c \u0441<br \/>\n\u0434\u0432\u0430 \u0432\u043d\u0443\u0442\u0440\u0435\u043d\u043d\u0438\u0445 \u0448\u0442\u0438\u0444\u0442\u0430 \u0438 \u043f\u0440\u0438\u0441\u0442\u0430\u0432\u043d\u043e\u0439 \u043a\u0432\u0430\u0434\u0440\u0430\u0442 \u0434\u043b\u044f \u0440\u044b\u0447\u0430\u0433\u0430. \u041f\u0440\u0438\u043c\u0435\u043d\u044f\u0435\u0442\u0441\u044f \u0434\u043b\u044f<br \/>\n\u0434\u043b\u044f \u0440\u0435\u043c\u043e\u043d\u0442\u0430 \u0434\u0432\u0438\u0433\u0430\u0442\u0435\u043b\u044f AUDI 1,8L4V TFSI. \u0424\u0443\u043d\u043a\u0446\u0438\u043e\u043d\u0430\u043b\u044c\u043d\u044b\u0439 \u0430\u043d\u0430\u043b\u043e\u0433 \u043e\u0440\u0438\u0433\u0438\u043d\u0430\u043b\u044c\u043d\u043e\u0433\u043e \u0443\u0441\u0442\u0440\u043e\u0439\u0441\u0442\u0432\u0430<br \/>\n\u042210352. \u041f\u043e\u0441\u0442\u0430\u0432\u043b\u044f\u0435\u0442\u0441\u044f \u0432 \u0438\u043d\u0434\u0438\u0432\u0438\u0434\u0443\u0430\u043b\u044c\u043d\u044b\u0445 \u0431\u043b\u0438\u0441\u0442\u0435\u0440\u043d\u044b\u0445 \u0443\u043f\u0430\u043a\u043e\u0432\u043a\u0430\u0445.<\/p>","protected":false},"excerpt":{"rendered":"<p>Tiek pielietots sadales v\u0101rpstas uzst\u0101d\u012b\u0161anai vajadz\u012bgaj\u0101 poz\u012bcij\u0101, regul\u0113jot un remont\u0113jot g\u0101zes sadales sist\u0113mu. Ar speci\u0101lu konstrukciju ar div\u0101m iek\u0161\u0113j\u0101m tap\u0101m [&hellip;]<\/p>\n","protected":false},"featured_media":6797,"template":"","meta":{"bwfblock_default_font":"","pagelayer_contact_templates":[],"_pagelayer_content":"","site-sidebar-layout":"default","site-content-layout":"","ast-site-content-layout":"default","site-content-style":"default","site-sidebar-style":"default","ast-global-header-display":"","ast-banner-title-visibility":"","ast-main-header-display":"","ast-hfb-above-header-display":"","ast-hfb-below-header-display":"","ast-hfb-mobile-header-display":"","site-post-title":"","ast-breadcrumbs-content":"","ast-featured-img":"","footer-sml-layout":"","ast-disable-related-posts":"","theme-transparent-header-meta":"","adv-header-id-meta":"","stick-header-meta":"","header-above-stick-meta":"","header-main-stick-meta":"","header-below-stick-meta":"","astra-migrate-meta-layouts":"default","ast-page-background-enabled":"default","ast-page-background-meta":{"desktop":{"background-color":"var(--ast-global-color-5)","background-image":"","background-repeat":"repeat","background-position":"center center","background-size":"auto","background-attachment":"scroll","background-type":"","background-media":"","overlay-type":"","overlay-color":"","overlay-opacity":"","overlay-gradient":""},"tablet":{"background-color":"","background-image":"","background-repeat":"repeat","background-position":"center center","background-size":"auto","background-attachment":"scroll","background-type":"","background-media":"","overlay-type":"","overlay-color":"","overlay-opacity":"","overlay-gradient":""},"mobile":{"background-color":"","background-image":"","background-repeat":"repeat","background-position":"center center","background-size":"auto","background-attachment":"scroll","background-type":"","background-media":"","overlay-type":"","overlay-color":"","overlay-opacity":"","overlay-gradient":""}},"ast-content-background-meta":{"desktop":{"background-color":"var(--ast-global-color-4)","background-image":"","background-repeat":"repeat","background-position":"center center","background-size":"auto","background-attachment":"scroll","background-type":"","background-media":"","overlay-type":"","overlay-color":"","overlay-opacity":"","overlay-gradient":""},"tablet":{"background-color":"var(--ast-global-color-4)","background-image":"","background-repeat":"repeat","background-position":"center center","background-size":"auto","background-attachment":"scroll","background-type":"","background-media":"","overlay-type":"","overlay-color":"","overlay-opacity":"","overlay-gradient":""},"mobile":{"background-color":"var(--ast-global-color-4)","background-image":"","background-repeat":"repeat","background-position":"center center","background-size":"auto","background-attachment":"scroll","background-type":"","background-media":"","overlay-type":"","overlay-color":"","overlay-opacity":"","overlay-gradient":""}}},"pwb-brand":[137],"product_brand":[132],"product_cat":[159],"product_tag":[],"class_list":{"0":"post-6720","1":"product","2":"type-product","3":"status-publish","4":"has-post-thumbnail","6":"pwb-brand-avtodelo","7":"product_brand-avtodelo","8":"product_cat-dzinejainstruments","9":"product_shipping_class-50","10":"desktop-align-left","11":"tablet-align-left","12":"mobile-align-left","14":"first","15":"instock","16":"taxable","17":"shipping-taxable","18":"purchasable","19":"product-type-simple"},"jetpack_sharing_enabled":true,"brands":[{"id":137,"name":"Autodelo","slug":"avtodelo"}],"_links":{"self":[{"href":"https:\/\/nvmotors.lv\/ru\/wp-json\/wp\/v2\/product\/6720","targetHints":{"allow":["GET"]}}],"collection":[{"href":"https:\/\/nvmotors.lv\/ru\/wp-json\/wp\/v2\/product"}],"about":[{"href":"https:\/\/nvmotors.lv\/ru\/wp-json\/wp\/v2\/types\/product"}],"wp:featuredmedia":[{"embeddable":true,"href":"https:\/\/nvmotors.lv\/ru\/wp-json\/wp\/v2\/media\/6797"}],"wp:attachment":[{"href":"https:\/\/nvmotors.lv\/ru\/wp-json\/wp\/v2\/media?parent=6720"}],"wp:term":[{"taxonomy":"pwb-brand","embeddable":true,"href":"https:\/\/nvmotors.lv\/ru\/wp-json\/wp\/v2\/pwb-brand?post=6720"},{"taxonomy":"product_brand","embeddable":true,"href":"https:\/\/nvmotors.lv\/ru\/wp-json\/wp\/v2\/product_brand?post=6720"},{"taxonomy":"product_cat","embeddable":true,"href":"https:\/\/nvmotors.lv\/ru\/wp-json\/wp\/v2\/product_cat?post=6720"},{"taxonomy":"product_tag","embeddable":true,"href":"https:\/\/nvmotors.lv\/ru\/wp-json\/wp\/v2\/product_tag?post=6720"}],"curies":[{"name":"wp","href":"https:\/\/api.w.org\/{rel}","templated":true}]}}