{"id":6723,"date":"2026-02-26T15:48:39","date_gmt":"2026-02-26T15:48:39","guid":{"rendered":"https:\/\/nvmotors.lv\/shop\/varpstu-fiksatoru-komplekts-vag-2-5-4-9-tdi-640457\/"},"modified":"2026-03-13T21:10:32","modified_gmt":"2026-03-13T21:10:32","slug":"varpstu-fiksatoru-komplekts-vag-2-5-4-9-tdi-640457","status":"publish","type":"product","link":"https:\/\/nvmotors.lv\/ru\/shop\/varpstu-fiksatoru-komplekts-vag-2-5-4-9-tdi-640457\/","title":{"rendered":"\u041d\u0430\u0431\u043e\u0440 \u0444\u0438\u043a\u0441\u0430\u0442\u043e\u0440\u043e\u0432 \u0440\u0430\u0441\u043f\u0440\u0435\u0434\u0432\u0430\u043b\u0430 VAG 2.5\/4.9 TDi 6(40457)"},"content":{"rendered":"<p>Tiek pielietots VAG automa\u0161\u012bnu d\u012bze\u013ca dzin\u0113ju 2,5 un 4,9 TDi PD g\u0101zes<br \/>\nsadales meh\u0101nisma f\u0101\u017eu uzst\u0101d\u012b\u0161anai. Komplekta komplekt\u0101cija \u013cauj veikt<br \/>\nzobratu meh\u0101nisma \u0413\u0420\u041c regul\u0113\u0161anu un augst\u0101 spiediena degvielas s\u016bk\u0146a<br \/>\nmeh\u0101nisma kompens\u0101cijas zobrata uzst\u0101d\u012b\u0161anu. Piem\u0113rojams automa\u0161\u012bnu<br \/>\nVolkswagen Touareg \/ VW Transporter d\u012bze\u013ca dzin\u0113jiem 2003.gada un v\u0113l\u0101kiem<br \/>\nmode\u013ciem. Dzin\u0113ju kodi: BAC, BLK, BPD, AXD, AXE, BLJ, BNZ, BPC. Komplekt\u0113ts<br \/>\nar ier\u012bci sadales v\u0101rpstas kompens\u0101cijas zobrata uzst\u0101d\u012b\u0161anai un spraugas<br \/>\nGSM zobrata piedzi\u0146\u0101 regul\u0113\u0161anai (sast\u0101v no 2 da\u013c\u0101m) 5- un 10-cilindru<br \/>\nd\u012bze\u013ca dzin\u0113jiem automa\u0161\u012bn\u0101m Touareg (2003-), Phaeton (2003-), Transporter<br \/>\n(2004-) \u2013 (analogs T10199 \u0438 T10199\/1), sadales v\u0101rpstas fiksatoru 2,5 TDI<br \/>\n(analogs T10193), sadales v\u0101rpstas fiksatoru 4,9 TDI (analogs T10194),<br \/>\ndzin\u0113ja klo\u0137v\u0101rpstas fiksatoru 2,5 TDI (analogs T10226), dinamometriskas<br \/>\natsl\u0113gas uzgalis (analogs T10234) un klo\u0137v\u0101rpstas rot\u0101cijas ier\u012bce 2,5 TDI<br \/>\n(analogs T10225). Pieg\u0101d\u0101ts individu\u0101l\u0101 plastmasas k\u0101rb\u0101.<\/p>","protected":false},"excerpt":{"rendered":"<p>Tiek pielietots VAG automa\u0161\u012bnu d\u012bze\u013ca dzin\u0113ju 2,5 un 4,9 TDi PD g\u0101zes sadales meh\u0101nisma f\u0101\u017eu uzst\u0101d\u012b\u0161anai. Komplekta komplekt\u0101cija \u013cauj veikt [&hellip;]<\/p>\n","protected":false},"featured_media":6805,"template":"","meta":{"bwfblock_default_font":"","pagelayer_contact_templates":[],"_pagelayer_content":"","site-sidebar-layout":"default","site-content-layout":"","ast-site-content-layout":"default","site-content-style":"default","site-sidebar-style":"default","ast-global-header-display":"","ast-banner-title-visibility":"","ast-main-header-display":"","ast-hfb-above-header-display":"","ast-hfb-below-header-display":"","ast-hfb-mobile-header-display":"","site-post-title":"","ast-breadcrumbs-content":"","ast-featured-img":"","footer-sml-layout":"","ast-disable-related-posts":"","theme-transparent-header-meta":"default","adv-header-id-meta":"","stick-header-meta":"","header-above-stick-meta":"","header-main-stick-meta":"","header-below-stick-meta":"","astra-migrate-meta-layouts":"set","ast-page-background-enabled":"default","ast-page-background-meta":{"desktop":{"background-color":"var(--ast-global-color-5)","background-image":"","background-repeat":"repeat","background-position":"center center","background-size":"auto","background-attachment":"scroll","background-type":"","background-media":"","overlay-type":"","overlay-color":"","overlay-opacity":"","overlay-gradient":""},"tablet":{"background-color":"","background-image":"","background-repeat":"repeat","background-position":"center center","background-size":"auto","background-attachment":"scroll","background-type":"","background-media":"","overlay-type":"","overlay-color":"","overlay-opacity":"","overlay-gradient":""},"mobile":{"background-color":"","background-image":"","background-repeat":"repeat","background-position":"center center","background-size":"auto","background-attachment":"scroll","background-type":"","background-media":"","overlay-type":"","overlay-color":"","overlay-opacity":"","overlay-gradient":""}},"ast-content-background-meta":{"desktop":{"background-color":"var(--ast-global-color-4)","background-image":"","background-repeat":"repeat","background-position":"center center","background-size":"auto","background-attachment":"scroll","background-type":"","background-media":"","overlay-type":"","overlay-color":"","overlay-opacity":"","overlay-gradient":""},"tablet":{"background-color":"var(--ast-global-color-4)","background-image":"","background-repeat":"repeat","background-position":"center center","background-size":"auto","background-attachment":"scroll","background-type":"","background-media":"","overlay-type":"","overlay-color":"","overlay-opacity":"","overlay-gradient":""},"mobile":{"background-color":"var(--ast-global-color-4)","background-image":"","background-repeat":"repeat","background-position":"center center","background-size":"auto","background-attachment":"scroll","background-type":"","background-media":"","overlay-type":"","overlay-color":"","overlay-opacity":"","overlay-gradient":""}}},"pwb-brand":[137],"product_brand":[132],"product_cat":[159],"product_tag":[],"class_list":{"0":"post-6723","1":"product","2":"type-product","3":"status-publish","4":"has-post-thumbnail","6":"pwb-brand-avtodelo","7":"product_brand-avtodelo","8":"product_cat-dzinejainstruments","9":"product_shipping_class-50","10":"desktop-align-left","11":"tablet-align-left","12":"mobile-align-left","14":"first","15":"instock","16":"taxable","17":"shipping-taxable","18":"purchasable","19":"product-type-simple"},"jetpack_sharing_enabled":true,"brands":[{"id":137,"name":"Autodelo","slug":"avtodelo"}],"_links":{"self":[{"href":"https:\/\/nvmotors.lv\/ru\/wp-json\/wp\/v2\/product\/6723","targetHints":{"allow":["GET"]}}],"collection":[{"href":"https:\/\/nvmotors.lv\/ru\/wp-json\/wp\/v2\/product"}],"about":[{"href":"https:\/\/nvmotors.lv\/ru\/wp-json\/wp\/v2\/types\/product"}],"wp:featuredmedia":[{"embeddable":true,"href":"https:\/\/nvmotors.lv\/ru\/wp-json\/wp\/v2\/media\/6805"}],"wp:attachment":[{"href":"https:\/\/nvmotors.lv\/ru\/wp-json\/wp\/v2\/media?parent=6723"}],"wp:term":[{"taxonomy":"pwb-brand","embeddable":true,"href":"https:\/\/nvmotors.lv\/ru\/wp-json\/wp\/v2\/pwb-brand?post=6723"},{"taxonomy":"product_brand","embeddable":true,"href":"https:\/\/nvmotors.lv\/ru\/wp-json\/wp\/v2\/product_brand?post=6723"},{"taxonomy":"product_cat","embeddable":true,"href":"https:\/\/nvmotors.lv\/ru\/wp-json\/wp\/v2\/product_cat?post=6723"},{"taxonomy":"product_tag","embeddable":true,"href":"https:\/\/nvmotors.lv\/ru\/wp-json\/wp\/v2\/product_tag?post=6723"}],"curies":[{"name":"wp","href":"https:\/\/api.w.org\/{rel}","templated":true}]}}