{"id":6724,"date":"2026-02-26T15:48:39","date_gmt":"2026-02-26T15:48:39","guid":{"rendered":"https:\/\/nvmotors.lv\/shop\/varpstu-fiksatoru-komplekts-bmw-n51-n52-n53-n54-n55-1040459\/"},"modified":"2026-03-13T21:11:02","modified_gmt":"2026-03-13T21:11:02","slug":"varpstu-fiksatoru-komplekts-bmw-n51-n52-n53-n54-n55-1040459","status":"publish","type":"product","link":"https:\/\/nvmotors.lv\/ru\/shop\/varpstu-fiksatoru-komplekts-bmw-n51-n52-n53-n54-n55-1040459\/","title":{"rendered":"\u041a\u043e\u043c\u043f\u043b\u0435\u043a\u0442 \u0444\u0438\u043a\u0441\u0430\u0442\u043e\u0440\u043e\u0432 \u0440\u0430\u0441\u043f\u0440\u0435\u0434\u0432\u0430\u043b\u043e\u0432 BMW N51, N52, N53, N54, N55 10(40459)"},"content":{"rendered":"<p>Paredz\u0113ts benz\u012bna dzin\u0113ju ar div\u0101m sadales v\u0101rpst\u0101m g\u0101zes sadales meh\u0101nisma<br \/>\nf\u0101\u017eu uzst\u0101d\u012b\u0161anai. Piem\u0113rojams dzin\u0113ju BMW N51, N52, N53, N54, N55 remontam<br \/>\nun regul\u0113\u0161anai. Komplekt\u0113ts ar sadales un klo\u0137v\u0101rpstu fiksatoriem, k\u0101 ar\u012b<br \/>\n\u0161abloniem VANOS sensoru uzst\u0101d\u012b\u0161anai. Automa\u0161\u012bnu mode\u013ci: BMW 128i E82<br \/>\n(07-08), 130i E81\/E87 (05-08), 135i E82 (07-08), 323i E90\/91\/92\/93 (04-08),<br \/>\n325i\/xi E90\/91\/92\/93 (04-08), 328i\/xi E90\/91\/92\/93 (04-08), 330i\/xi<br \/>\nE90\/91\/92\/93 (04-08), 335i\/xi E90\/91\/92\/93 (04-08), 523i\/Li E60\/E61<br \/>\n(04-08), 525i\/Li\/xi E60\/61 (04-08), 528i\/Li\/xi E60\/61 (06-08), 530i\/Li\/xi<br \/>\nE60\/61 (05-08), 535i\/xi E60\/61 (06-08), 630i E63\/64 (04-08), 730i\/Li E65\/66<br \/>\n(04-08), X3 2,5\/ 3,0 E83 (06-08), X5 3,0 E70 (06-08), Z4 2,5\/3,0 E85\/86<br \/>\n(05-08). Dzin\u0113ju mode\u013ci &#8211; N51\/N52\/N52K Valvetronic, Direct Injection,<br \/>\nNon-Valvetronic N53\/N54 \u0438 N55. Komplekt\u0113ts ar uzmavu regul\u0113\u0161anas \u0161ablonu<br \/>\nVANOS N51\/N52 (analogs 114290), uzmavu regul\u0113\u0161anas \u0161ablonu VANOS N53\/N54<br \/>\n(analogs 118520), sadales v\u0101rpstu fiksatoru N51, N52, N53, N54 (analogs<br \/>\n114280), sadales v\u0101rpstu fiksatora plati N55 (analogs 114285), sadales<br \/>\nv\u0101rpstu fiksatora plati N55 (analogs 110300), \u0137\u0113des spriegot\u0101ju g\u041c (analogs<br \/>\n119340), uzmavu regul\u0113\u0161anas \u0161ablonu VANOS N55 (analogs 114390), sadales<br \/>\nv\u0101rpstu fiksatora plati N51, N52, N53, N54 (analogs 119190), sadales<br \/>\nv\u0101rpstu fiksatoru skr\u016bves (4 gab.) un stiprin\u0101juma skr\u016bves uzmavas \u0161ablonu<br \/>\nVANOS (4 gab.). Pieg\u0101d\u0101ts individu\u0101l\u0101 plastmasas k\u0101rb\u0101.<\/p>","protected":false},"excerpt":{"rendered":"<p>Paredz\u0113ts benz\u012bna dzin\u0113ju ar div\u0101m sadales v\u0101rpst\u0101m g\u0101zes sadales meh\u0101nisma f\u0101\u017eu uzst\u0101d\u012b\u0161anai. Piem\u0113rojams dzin\u0113ju BMW N51, N52, N53, N54, N55 [&hellip;]<\/p>\n","protected":false},"featured_media":6808,"template":"","meta":{"bwfblock_default_font":"","pagelayer_contact_templates":[],"_pagelayer_content":"","site-sidebar-layout":"default","site-content-layout":"","ast-site-content-layout":"default","site-content-style":"default","site-sidebar-style":"default","ast-global-header-display":"","ast-banner-title-visibility":"","ast-main-header-display":"","ast-hfb-above-header-display":"","ast-hfb-below-header-display":"","ast-hfb-mobile-header-display":"","site-post-title":"","ast-breadcrumbs-content":"","ast-featured-img":"","footer-sml-layout":"","ast-disable-related-posts":"","theme-transparent-header-meta":"default","adv-header-id-meta":"","stick-header-meta":"","header-above-stick-meta":"","header-main-stick-meta":"","header-below-stick-meta":"","astra-migrate-meta-layouts":"set","ast-page-background-enabled":"default","ast-page-background-meta":{"desktop":{"background-color":"var(--ast-global-color-5)","background-image":"","background-repeat":"repeat","background-position":"center center","background-size":"auto","background-attachment":"scroll","background-type":"","background-media":"","overlay-type":"","overlay-color":"","overlay-opacity":"","overlay-gradient":""},"tablet":{"background-color":"","background-image":"","background-repeat":"repeat","background-position":"center center","background-size":"auto","background-attachment":"scroll","background-type":"","background-media":"","overlay-type":"","overlay-color":"","overlay-opacity":"","overlay-gradient":""},"mobile":{"background-color":"","background-image":"","background-repeat":"repeat","background-position":"center center","background-size":"auto","background-attachment":"scroll","background-type":"","background-media":"","overlay-type":"","overlay-color":"","overlay-opacity":"","overlay-gradient":""}},"ast-content-background-meta":{"desktop":{"background-color":"var(--ast-global-color-4)","background-image":"","background-repeat":"repeat","background-position":"center center","background-size":"auto","background-attachment":"scroll","background-type":"","background-media":"","overlay-type":"","overlay-color":"","overlay-opacity":"","overlay-gradient":""},"tablet":{"background-color":"var(--ast-global-color-4)","background-image":"","background-repeat":"repeat","background-position":"center center","background-size":"auto","background-attachment":"scroll","background-type":"","background-media":"","overlay-type":"","overlay-color":"","overlay-opacity":"","overlay-gradient":""},"mobile":{"background-color":"var(--ast-global-color-4)","background-image":"","background-repeat":"repeat","background-position":"center center","background-size":"auto","background-attachment":"scroll","background-type":"","background-media":"","overlay-type":"","overlay-color":"","overlay-opacity":"","overlay-gradient":""}}},"pwb-brand":[137],"product_brand":[132],"product_cat":[159],"product_tag":[],"class_list":{"0":"post-6724","1":"product","2":"type-product","3":"status-publish","4":"has-post-thumbnail","6":"pwb-brand-avtodelo","7":"product_brand-avtodelo","8":"product_cat-dzinejainstruments","9":"product_shipping_class-50","10":"desktop-align-left","11":"tablet-align-left","12":"mobile-align-left","14":"first","15":"instock","16":"taxable","17":"shipping-taxable","18":"purchasable","19":"product-type-simple"},"jetpack_sharing_enabled":true,"brands":[{"id":137,"name":"Autodelo","slug":"avtodelo"}],"_links":{"self":[{"href":"https:\/\/nvmotors.lv\/ru\/wp-json\/wp\/v2\/product\/6724","targetHints":{"allow":["GET"]}}],"collection":[{"href":"https:\/\/nvmotors.lv\/ru\/wp-json\/wp\/v2\/product"}],"about":[{"href":"https:\/\/nvmotors.lv\/ru\/wp-json\/wp\/v2\/types\/product"}],"wp:featuredmedia":[{"embeddable":true,"href":"https:\/\/nvmotors.lv\/ru\/wp-json\/wp\/v2\/media\/6808"}],"wp:attachment":[{"href":"https:\/\/nvmotors.lv\/ru\/wp-json\/wp\/v2\/media?parent=6724"}],"wp:term":[{"taxonomy":"pwb-brand","embeddable":true,"href":"https:\/\/nvmotors.lv\/ru\/wp-json\/wp\/v2\/pwb-brand?post=6724"},{"taxonomy":"product_brand","embeddable":true,"href":"https:\/\/nvmotors.lv\/ru\/wp-json\/wp\/v2\/product_brand?post=6724"},{"taxonomy":"product_cat","embeddable":true,"href":"https:\/\/nvmotors.lv\/ru\/wp-json\/wp\/v2\/product_cat?post=6724"},{"taxonomy":"product_tag","embeddable":true,"href":"https:\/\/nvmotors.lv\/ru\/wp-json\/wp\/v2\/product_tag?post=6724"}],"curies":[{"name":"wp","href":"https:\/\/api.w.org\/{rel}","templated":true}]}}