{"id":6726,"date":"2026-02-26T15:48:39","date_gmt":"2026-02-26T15:48:39","guid":{"rendered":"https:\/\/nvmotors.lv\/shop\/vw-audi-v6-sadales-varpstas-iestatisanas-plaksne-40479\/"},"modified":"2026-03-13T21:12:01","modified_gmt":"2026-03-13T21:12:01","slug":"vw-audi-v6-sadales-varpstas-iestatisanas-plaksne-40479","status":"publish","type":"product","link":"https:\/\/nvmotors.lv\/ru\/shop\/vw-audi-v6-sadales-varpstas-iestatisanas-plaksne-40479\/","title":{"rendered":"\u0423\u0441\u0442\u0430\u043d\u043e\u0432\u043e\u0447\u043d\u0430\u044f \u043f\u043b\u0430\u0441\u0442\u0438\u043d\u0430 \u0440\u0430\u0441\u043f\u0440\u0435\u0434\u0432\u0430\u043b\u0430 VW\/AUDI V6 (40479)"},"content":{"rendered":"<p>Paredz\u0113ts VW\/Audi automa\u0161\u012bnu dzin\u0113ju sadales v\u0101rpstu fiks\u0101cijai, regul\u0113jot<br \/>\ng\u0101zes sadales meh\u0101nisma f\u0101zes. Tiek pielietots automa\u0161\u012bn\u0101m Audi A4, A6 \u0438 VW<br \/>\nPassat V6 (5-v\u0101rstu) 1998.-2005. iz.\/g. Dzin\u0113ju kodi VAG: AHA, ATQ, APB,<br \/>\nBEL. Ori\u0123in\u0101las pl\u0101ksnes VAG 3391 funkcion\u0101lais analogs. Pieg\u0101d\u0101ts<br \/>\natsevi\u0161\u0137\u0101 kartona kast\u0113.<\/p>","protected":false},"excerpt":{"rendered":"<p>Paredz\u0113ts VW\/Audi automa\u0161\u012bnu dzin\u0113ju sadales v\u0101rpstu fiks\u0101cijai, regul\u0113jot g\u0101zes sadales meh\u0101nisma f\u0101zes. Tiek pielietots automa\u0161\u012bn\u0101m Audi A4, A6 \u0438 VW [&hellip;]<\/p>\n","protected":false},"featured_media":6815,"template":"","meta":{"bwfblock_default_font":"","pagelayer_contact_templates":[],"_pagelayer_content":"","site-sidebar-layout":"default","site-content-layout":"","ast-site-content-layout":"default","site-content-style":"default","site-sidebar-style":"default","ast-global-header-display":"","ast-banner-title-visibility":"","ast-main-header-display":"","ast-hfb-above-header-display":"","ast-hfb-below-header-display":"","ast-hfb-mobile-header-display":"","site-post-title":"","ast-breadcrumbs-content":"","ast-featured-img":"","footer-sml-layout":"","ast-disable-related-posts":"","theme-transparent-header-meta":"","adv-header-id-meta":"","stick-header-meta":"","header-above-stick-meta":"","header-main-stick-meta":"","header-below-stick-meta":"","astra-migrate-meta-layouts":"default","ast-page-background-enabled":"default","ast-page-background-meta":{"desktop":{"background-color":"var(--ast-global-color-5)","background-image":"","background-repeat":"repeat","background-position":"center center","background-size":"auto","background-attachment":"scroll","background-type":"","background-media":"","overlay-type":"","overlay-color":"","overlay-opacity":"","overlay-gradient":""},"tablet":{"background-color":"","background-image":"","background-repeat":"repeat","background-position":"center center","background-size":"auto","background-attachment":"scroll","background-type":"","background-media":"","overlay-type":"","overlay-color":"","overlay-opacity":"","overlay-gradient":""},"mobile":{"background-color":"","background-image":"","background-repeat":"repeat","background-position":"center center","background-size":"auto","background-attachment":"scroll","background-type":"","background-media":"","overlay-type":"","overlay-color":"","overlay-opacity":"","overlay-gradient":""}},"ast-content-background-meta":{"desktop":{"background-color":"var(--ast-global-color-4)","background-image":"","background-repeat":"repeat","background-position":"center center","background-size":"auto","background-attachment":"scroll","background-type":"","background-media":"","overlay-type":"","overlay-color":"","overlay-opacity":"","overlay-gradient":""},"tablet":{"background-color":"var(--ast-global-color-4)","background-image":"","background-repeat":"repeat","background-position":"center center","background-size":"auto","background-attachment":"scroll","background-type":"","background-media":"","overlay-type":"","overlay-color":"","overlay-opacity":"","overlay-gradient":""},"mobile":{"background-color":"var(--ast-global-color-4)","background-image":"","background-repeat":"repeat","background-position":"center center","background-size":"auto","background-attachment":"scroll","background-type":"","background-media":"","overlay-type":"","overlay-color":"","overlay-opacity":"","overlay-gradient":""}}},"pwb-brand":[137],"product_brand":[132],"product_cat":[159],"product_tag":[],"class_list":{"0":"post-6726","1":"product","2":"type-product","3":"status-publish","4":"has-post-thumbnail","6":"pwb-brand-avtodelo","7":"product_brand-avtodelo","8":"product_cat-dzinejainstruments","9":"product_shipping_class-50","10":"desktop-align-left","11":"tablet-align-left","12":"mobile-align-left","14":"first","15":"instock","16":"taxable","17":"shipping-taxable","18":"purchasable","19":"product-type-simple"},"jetpack_sharing_enabled":true,"brands":[{"id":137,"name":"Autodelo","slug":"avtodelo"}],"_links":{"self":[{"href":"https:\/\/nvmotors.lv\/ru\/wp-json\/wp\/v2\/product\/6726","targetHints":{"allow":["GET"]}}],"collection":[{"href":"https:\/\/nvmotors.lv\/ru\/wp-json\/wp\/v2\/product"}],"about":[{"href":"https:\/\/nvmotors.lv\/ru\/wp-json\/wp\/v2\/types\/product"}],"wp:featuredmedia":[{"embeddable":true,"href":"https:\/\/nvmotors.lv\/ru\/wp-json\/wp\/v2\/media\/6815"}],"wp:attachment":[{"href":"https:\/\/nvmotors.lv\/ru\/wp-json\/wp\/v2\/media?parent=6726"}],"wp:term":[{"taxonomy":"pwb-brand","embeddable":true,"href":"https:\/\/nvmotors.lv\/ru\/wp-json\/wp\/v2\/pwb-brand?post=6726"},{"taxonomy":"product_brand","embeddable":true,"href":"https:\/\/nvmotors.lv\/ru\/wp-json\/wp\/v2\/product_brand?post=6726"},{"taxonomy":"product_cat","embeddable":true,"href":"https:\/\/nvmotors.lv\/ru\/wp-json\/wp\/v2\/product_cat?post=6726"},{"taxonomy":"product_tag","embeddable":true,"href":"https:\/\/nvmotors.lv\/ru\/wp-json\/wp\/v2\/product_tag?post=6726"}],"curies":[{"name":"wp","href":"https:\/\/api.w.org\/{rel}","templated":true}]}}