{"id":6728,"date":"2026-02-26T15:48:39","date_gmt":"2026-02-26T15:48:39","guid":{"rendered":"https:\/\/nvmotors.lv\/shop\/vag-sadales-varpstu-fiksatori-40497\/"},"modified":"2026-03-13T21:12:51","modified_gmt":"2026-03-13T21:12:51","slug":"vag-sadales-varpstu-fiksatori-40497","status":"publish","type":"product","link":"https:\/\/nvmotors.lv\/ru\/shop\/vag-sadales-varpstu-fiksatori-40497\/","title":{"rendered":"\u0424\u0438\u043a\u0441\u0430\u0442\u043e\u0440\u044b \u0440\u0430\u0441\u043f\u0440\u0435\u0434\u0435\u043b\u0438\u0442\u0435\u043b\u044c\u043d\u044b\u0445 \u0432\u0430\u043b\u043e\u0432 VAG (40497)"},"content":{"rendered":"<p>Tiek pielietoti VAG-grupas benz\u012bna dzin\u0113ju ar apjomu 1.2 litri ar g\u0101zes<br \/>\nsadales sist\u0113mas \u0137\u0113des piedzi\u0146u sadales v\u0101rpstu uzst\u0101d\u012b\u0161anai un<br \/>\nregul\u0113\u0161anai. Tiek izmantoti remont\u0113jot dzin\u0113ju, regul\u0113jot g\u0101zes sadales<br \/>\nsist\u0113mas f\u0101zes un nomainot \u0137\u0113des. Piem\u0113rojami dzin\u0113jiem gan ar vienu, gan<br \/>\nar div\u0101m sadales v\u0101rpst\u0101m. Dzin\u0113ju kodi: dzin\u0113ji 1,2 6V &#8211; AWY, BBM, BMD,<br \/>\nCHFA, CHFB; dzin\u0113ji 1,2 12V &#8211; AZQ, BME, BXV, BZG, CEVA, CGPA, CGPB, CGPC.<br \/>\nOri\u0123in\u0101l\u0101 ier\u012bces funkcion\u0101lais analogs VAG T10123. Tiek pieg\u0101d\u0101ts<br \/>\nindividu\u0101l\u0101 blistera iepakojum\u0101.<\/p>","protected":false},"excerpt":{"rendered":"<p>Tiek pielietoti VAG-grupas benz\u012bna dzin\u0113ju ar apjomu 1.2 litri ar g\u0101zes sadales sist\u0113mas \u0137\u0113des piedzi\u0146u sadales v\u0101rpstu uzst\u0101d\u012b\u0161anai un regul\u0113\u0161anai. [&hellip;]<\/p>\n","protected":false},"featured_media":6820,"template":"","meta":{"bwfblock_default_font":"","pagelayer_contact_templates":[],"_pagelayer_content":"","site-sidebar-layout":"default","site-content-layout":"","ast-site-content-layout":"default","site-content-style":"default","site-sidebar-style":"default","ast-global-header-display":"","ast-banner-title-visibility":"","ast-main-header-display":"","ast-hfb-above-header-display":"","ast-hfb-below-header-display":"","ast-hfb-mobile-header-display":"","site-post-title":"","ast-breadcrumbs-content":"","ast-featured-img":"","footer-sml-layout":"","ast-disable-related-posts":"","theme-transparent-header-meta":"","adv-header-id-meta":"","stick-header-meta":"","header-above-stick-meta":"","header-main-stick-meta":"","header-below-stick-meta":"","astra-migrate-meta-layouts":"default","ast-page-background-enabled":"default","ast-page-background-meta":{"desktop":{"background-color":"var(--ast-global-color-5)","background-image":"","background-repeat":"repeat","background-position":"center center","background-size":"auto","background-attachment":"scroll","background-type":"","background-media":"","overlay-type":"","overlay-color":"","overlay-opacity":"","overlay-gradient":""},"tablet":{"background-color":"","background-image":"","background-repeat":"repeat","background-position":"center center","background-size":"auto","background-attachment":"scroll","background-type":"","background-media":"","overlay-type":"","overlay-color":"","overlay-opacity":"","overlay-gradient":""},"mobile":{"background-color":"","background-image":"","background-repeat":"repeat","background-position":"center center","background-size":"auto","background-attachment":"scroll","background-type":"","background-media":"","overlay-type":"","overlay-color":"","overlay-opacity":"","overlay-gradient":""}},"ast-content-background-meta":{"desktop":{"background-color":"var(--ast-global-color-4)","background-image":"","background-repeat":"repeat","background-position":"center center","background-size":"auto","background-attachment":"scroll","background-type":"","background-media":"","overlay-type":"","overlay-color":"","overlay-opacity":"","overlay-gradient":""},"tablet":{"background-color":"var(--ast-global-color-4)","background-image":"","background-repeat":"repeat","background-position":"center center","background-size":"auto","background-attachment":"scroll","background-type":"","background-media":"","overlay-type":"","overlay-color":"","overlay-opacity":"","overlay-gradient":""},"mobile":{"background-color":"var(--ast-global-color-4)","background-image":"","background-repeat":"repeat","background-position":"center center","background-size":"auto","background-attachment":"scroll","background-type":"","background-media":"","overlay-type":"","overlay-color":"","overlay-opacity":"","overlay-gradient":""}}},"pwb-brand":[137],"product_brand":[132],"product_cat":[159],"product_tag":[],"class_list":{"0":"post-6728","1":"product","2":"type-product","3":"status-publish","4":"has-post-thumbnail","6":"pwb-brand-avtodelo","7":"product_brand-avtodelo","8":"product_cat-dzinejainstruments","9":"product_shipping_class-50","10":"desktop-align-left","11":"tablet-align-left","12":"mobile-align-left","14":"first","15":"instock","16":"taxable","17":"shipping-taxable","18":"purchasable","19":"product-type-simple"},"jetpack_sharing_enabled":true,"brands":[{"id":137,"name":"Autodelo","slug":"avtodelo"}],"_links":{"self":[{"href":"https:\/\/nvmotors.lv\/ru\/wp-json\/wp\/v2\/product\/6728","targetHints":{"allow":["GET"]}}],"collection":[{"href":"https:\/\/nvmotors.lv\/ru\/wp-json\/wp\/v2\/product"}],"about":[{"href":"https:\/\/nvmotors.lv\/ru\/wp-json\/wp\/v2\/types\/product"}],"wp:featuredmedia":[{"embeddable":true,"href":"https:\/\/nvmotors.lv\/ru\/wp-json\/wp\/v2\/media\/6820"}],"wp:attachment":[{"href":"https:\/\/nvmotors.lv\/ru\/wp-json\/wp\/v2\/media?parent=6728"}],"wp:term":[{"taxonomy":"pwb-brand","embeddable":true,"href":"https:\/\/nvmotors.lv\/ru\/wp-json\/wp\/v2\/pwb-brand?post=6728"},{"taxonomy":"product_brand","embeddable":true,"href":"https:\/\/nvmotors.lv\/ru\/wp-json\/wp\/v2\/product_brand?post=6728"},{"taxonomy":"product_cat","embeddable":true,"href":"https:\/\/nvmotors.lv\/ru\/wp-json\/wp\/v2\/product_cat?post=6728"},{"taxonomy":"product_tag","embeddable":true,"href":"https:\/\/nvmotors.lv\/ru\/wp-json\/wp\/v2\/product_tag?post=6728"}],"curies":[{"name":"wp","href":"https:\/\/api.w.org\/{rel}","templated":true}]}}