{"id":6730,"date":"2026-02-26T15:48:41","date_gmt":"2026-02-26T15:48:41","guid":{"rendered":"https:\/\/nvmotors.lv\/shop\/varpstu-fiksatoru-komplekts-mercedes-bez-%d0%bc133-%d0%bc270-%d0%bc274-1540952\/"},"modified":"2026-03-12T18:32:50","modified_gmt":"2026-03-12T18:32:50","slug":"varpstu-fiksatoru-komplekts-mercedes-bez-%d0%bc133-%d0%bc270-%d0%bc274-1540952","status":"publish","type":"product","link":"https:\/\/nvmotors.lv\/ru\/shop\/varpstu-fiksatoru-komplekts-mercedes-bez-%d0%bc133-%d0%bc270-%d0%bc274-1540952\/","title":{"rendered":"\u041d\u0430\u0431\u043e\u0440 \u0444\u0438\u043a\u0441\u0430\u0442\u043e\u0440\u043e\u0432 \u0440\u0430\u0441\u043f\u0440\u0435\u0434\u0432\u0430\u043b\u043e\u0432 Mercedes-Benz \u041c133, \u041c270, \u041c274 15(40952)"},"content":{"rendered":"<p>Komplektu pielieto automobi\u013cu Mercedes-Benz dzin\u0113ju GSM f\u0101\u017eu uzst\u0101d\u012b\u0161anai.<br \/>\n\u013bauj fiks\u0113t sadales v\u0101rpstus dzin\u0113jiem 1,6 l V4 A un B klases automobi\u013ciem.<br \/>\nPiem\u0113rojams mode\u013cu \u041c133, \u041c270, \u041c274. Nokomplekt\u0113ts ar Mercedes Benz sadales<br \/>\nv\u0101rpstas fiksatoru (ier\u012bces analogs 270 589 00 61 00), main\u0101miem<br \/>\nsaspied\u0113jiem sadales v\u0101rpstas fiksatoram, stiprin\u0101\u0161anas bultskr\u016bv\u0113m<br \/>\nfiksatoram, servisa atsl\u0113gu ar ass caurumu f\u0101zu regul\u0113\u0161anai (ier\u012bces<br \/>\nanalogs 271 589 00 10 00 09 \/ 11CW). Pieg\u0101d\u0101ts individu\u0101l\u0101 plastmasas k\u0101rb\u0101.<\/p>","protected":false},"excerpt":{"rendered":"<p>Komplektu pielieto automobi\u013cu Mercedes-Benz dzin\u0113ju GSM f\u0101\u017eu uzst\u0101d\u012b\u0161anai. \u013bauj fiks\u0113t sadales v\u0101rpstus dzin\u0113jiem 1,6 l V4 A un B klases [&hellip;]<\/p>\n","protected":false},"featured_media":6824,"template":"","meta":{"bwfblock_default_font":"","pagelayer_contact_templates":[],"_pagelayer_content":"","site-sidebar-layout":"default","site-content-layout":"","ast-site-content-layout":"default","site-content-style":"default","site-sidebar-style":"default","ast-global-header-display":"","ast-banner-title-visibility":"","ast-main-header-display":"","ast-hfb-above-header-display":"","ast-hfb-below-header-display":"","ast-hfb-mobile-header-display":"","site-post-title":"","ast-breadcrumbs-content":"","ast-featured-img":"","footer-sml-layout":"","ast-disable-related-posts":"","theme-transparent-header-meta":"","adv-header-id-meta":"","stick-header-meta":"","header-above-stick-meta":"","header-main-stick-meta":"","header-below-stick-meta":"","astra-migrate-meta-layouts":"default","ast-page-background-enabled":"default","ast-page-background-meta":{"desktop":{"background-color":"var(--ast-global-color-5)","background-image":"","background-repeat":"repeat","background-position":"center center","background-size":"auto","background-attachment":"scroll","background-type":"","background-media":"","overlay-type":"","overlay-color":"","overlay-opacity":"","overlay-gradient":""},"tablet":{"background-color":"","background-image":"","background-repeat":"repeat","background-position":"center center","background-size":"auto","background-attachment":"scroll","background-type":"","background-media":"","overlay-type":"","overlay-color":"","overlay-opacity":"","overlay-gradient":""},"mobile":{"background-color":"","background-image":"","background-repeat":"repeat","background-position":"center center","background-size":"auto","background-attachment":"scroll","background-type":"","background-media":"","overlay-type":"","overlay-color":"","overlay-opacity":"","overlay-gradient":""}},"ast-content-background-meta":{"desktop":{"background-color":"var(--ast-global-color-4)","background-image":"","background-repeat":"repeat","background-position":"center center","background-size":"auto","background-attachment":"scroll","background-type":"","background-media":"","overlay-type":"","overlay-color":"","overlay-opacity":"","overlay-gradient":""},"tablet":{"background-color":"var(--ast-global-color-4)","background-image":"","background-repeat":"repeat","background-position":"center center","background-size":"auto","background-attachment":"scroll","background-type":"","background-media":"","overlay-type":"","overlay-color":"","overlay-opacity":"","overlay-gradient":""},"mobile":{"background-color":"var(--ast-global-color-4)","background-image":"","background-repeat":"repeat","background-position":"center center","background-size":"auto","background-attachment":"scroll","background-type":"","background-media":"","overlay-type":"","overlay-color":"","overlay-opacity":"","overlay-gradient":""}}},"pwb-brand":[137],"product_brand":[132],"product_cat":[159],"product_tag":[],"class_list":{"0":"post-6730","1":"product","2":"type-product","3":"status-publish","4":"has-post-thumbnail","6":"pwb-brand-avtodelo","7":"product_brand-avtodelo","8":"product_cat-dzinejainstruments","9":"product_shipping_class-50","10":"desktop-align-left","11":"tablet-align-left","12":"mobile-align-left","14":"first","15":"instock","16":"taxable","17":"shipping-taxable","18":"purchasable","19":"product-type-simple"},"jetpack_sharing_enabled":true,"brands":[{"id":137,"name":"Autodelo","slug":"avtodelo"}],"_links":{"self":[{"href":"https:\/\/nvmotors.lv\/ru\/wp-json\/wp\/v2\/product\/6730","targetHints":{"allow":["GET"]}}],"collection":[{"href":"https:\/\/nvmotors.lv\/ru\/wp-json\/wp\/v2\/product"}],"about":[{"href":"https:\/\/nvmotors.lv\/ru\/wp-json\/wp\/v2\/types\/product"}],"wp:featuredmedia":[{"embeddable":true,"href":"https:\/\/nvmotors.lv\/ru\/wp-json\/wp\/v2\/media\/6824"}],"wp:attachment":[{"href":"https:\/\/nvmotors.lv\/ru\/wp-json\/wp\/v2\/media?parent=6730"}],"wp:term":[{"taxonomy":"pwb-brand","embeddable":true,"href":"https:\/\/nvmotors.lv\/ru\/wp-json\/wp\/v2\/pwb-brand?post=6730"},{"taxonomy":"product_brand","embeddable":true,"href":"https:\/\/nvmotors.lv\/ru\/wp-json\/wp\/v2\/product_brand?post=6730"},{"taxonomy":"product_cat","embeddable":true,"href":"https:\/\/nvmotors.lv\/ru\/wp-json\/wp\/v2\/product_cat?post=6730"},{"taxonomy":"product_tag","embeddable":true,"href":"https:\/\/nvmotors.lv\/ru\/wp-json\/wp\/v2\/product_tag?post=6730"}],"curies":[{"name":"wp","href":"https:\/\/api.w.org\/{rel}","templated":true}]}}