{"id":6984,"date":"2026-02-26T23:07:04","date_gmt":"2026-02-26T23:07:04","guid":{"rendered":"https:\/\/nvmotors.lv\/shop\/profesionalais-instrumenta-komplekts-105-pr-1-4dr-1-2dr\/"},"modified":"2026-04-26T09:40:09","modified_gmt":"2026-04-26T09:40:09","slug":"profesionalais-instrumenta-komplekts-105-pr-1-4dr-1-2dr","status":"publish","type":"product","link":"https:\/\/nvmotors.lv\/ru\/shop\/profesionalais-instrumenta-komplekts-105-pr-1-4dr-1-2dr\/","title":{"rendered":"Profesion\u0101lais instrumenta komplekts 105 pr. 1\/4&#8243;DR 1\/2&#8243;DR"},"content":{"rendered":"<p>Galven\u0101s \u012bpa\u0161\u012bbas<\/p>\n<p>Deta\u013cu skaits: 105 gab.<br \/>\nPievadi: 1\/4&#8243; DR un 1\/2&#8243; DR.<br \/>\nMateri\u0101ls: Augstas kvalit\u0101tes hromvan\u0101dija t\u0113rauds (CrV).<br \/>\nProfils: Super Lock \u2014 \u012bpa\u0161a forma, kas \u013cauj atskr\u016bv\u0113t skr\u016bves pat ar saboj\u0101t\u0101m (noapa\u013cot\u0101m) skaldn\u0113m, p\u0101rnesot sp\u0113ku uz plakni, nevis st\u016briem.<br \/>\nKomplekt\u0101cija (galven\u0101s grupas)<br \/>\n1\/2&#8243; DR da\u013ca:<br \/>\nMuci\u0146as (Super Lock): 10\u201332 mm.<br \/>\nGar\u0101s muci\u0146as: 14, 15, 17, 19, 22 mm.<br \/>\nSve\u010du muci\u0146as: 16 mm un 21 mm.<br \/>\nSpr\u016bdrata rokturis (tark\u0161\u0137is), pagarin\u0101t\u0101ji, kard\u0101ns un adapteris uzga\u013ciem (5\/16&#8243;).<br \/>\n1\/4&#8243; DR da\u013ca:<br \/>\nMuci\u0146as (Super Lock): 4\u201314 mm.<br \/>\nGar\u0101s muci\u0146as: 6, 7, 8, 9, 10, 11, 12, 13 mm.<br \/>\nSpr\u016bdrata rokturis, pagarin\u0101t\u0101ji, kard\u0101ns, skr\u016bvgrie\u017ea rokturis un T-veida rokturis.<br \/>\nAtsl\u0113gas un uzga\u013ci:<br \/>\nKombin\u0113t\u0101s atsl\u0113gas (uzgrie\u017e\u0146u): 8, 10, 11, 12, 13, 14, 15, 17, 19, 22 mm.<br \/>\nLiels kl\u0101sts ar uzga\u013ciem (biti): Torx, Hex, PH, PZ un plakanie (gan 1\/4&#8243;, gan 5\/16&#8243; izm\u0113ros).<br \/>\nSe\u0161kantu L-veida atsl\u0113gas.<br \/>\nFiziskie parametri<\/p>","protected":false},"excerpt":{"rendered":"<p>Galven\u0101s \u012bpa\u0161\u012bbas Deta\u013cu skaits: 105 gab. Pievadi: 1\/4&#8243; DR un 1\/2&#8243; DR. Materi\u0101ls: Augstas kvalit\u0101tes hromvan\u0101dija t\u0113rauds (CrV). Profils: Super [&hellip;]<\/p>\n","protected":false},"featured_media":6996,"template":"","meta":{"bwfblock_default_font":"","pagelayer_contact_templates":[],"_pagelayer_content":"","site-sidebar-layout":"default","site-content-layout":"","ast-site-content-layout":"default","site-content-style":"default","site-sidebar-style":"default","ast-global-header-display":"","ast-banner-title-visibility":"","ast-main-header-display":"","ast-hfb-above-header-display":"","ast-hfb-below-header-display":"","ast-hfb-mobile-header-display":"","site-post-title":"","ast-breadcrumbs-content":"","ast-featured-img":"","footer-sml-layout":"","ast-disable-related-posts":"","theme-transparent-header-meta":"default","adv-header-id-meta":"","stick-header-meta":"","header-above-stick-meta":"","header-main-stick-meta":"","header-below-stick-meta":"","astra-migrate-meta-layouts":"set","ast-page-background-enabled":"default","ast-page-background-meta":{"desktop":{"background-color":"var(--ast-global-color-5)","background-image":"","background-repeat":"repeat","background-position":"center center","background-size":"auto","background-attachment":"scroll","background-type":"","background-media":"","overlay-type":"","overlay-color":"","overlay-opacity":"","overlay-gradient":""},"tablet":{"background-color":"","background-image":"","background-repeat":"repeat","background-position":"center center","background-size":"auto","background-attachment":"scroll","background-type":"","background-media":"","overlay-type":"","overlay-color":"","overlay-opacity":"","overlay-gradient":""},"mobile":{"background-color":"","background-image":"","background-repeat":"repeat","background-position":"center center","background-size":"auto","background-attachment":"scroll","background-type":"","background-media":"","overlay-type":"","overlay-color":"","overlay-opacity":"","overlay-gradient":""}},"ast-content-background-meta":{"desktop":{"background-color":"var(--ast-global-color-4)","background-image":"","background-repeat":"repeat","background-position":"center center","background-size":"auto","background-attachment":"scroll","background-type":"","background-media":"","overlay-type":"","overlay-color":"","overlay-opacity":"","overlay-gradient":""},"tablet":{"background-color":"var(--ast-global-color-4)","background-image":"","background-repeat":"repeat","background-position":"center center","background-size":"auto","background-attachment":"scroll","background-type":"","background-media":"","overlay-type":"","overlay-color":"","overlay-opacity":"","overlay-gradient":""},"mobile":{"background-color":"var(--ast-global-color-4)","background-image":"","background-repeat":"repeat","background-position":"center center","background-size":"auto","background-attachment":"scroll","background-type":"","background-media":"","overlay-type":"","overlay-color":"","overlay-opacity":"","overlay-gradient":""}}},"pwb-brand":[137],"product_brand":[132],"product_cat":[134],"product_tag":[],"class_list":{"0":"post-6984","1":"product","2":"type-product","3":"status-publish","4":"has-post-thumbnail","6":"pwb-brand-avtodelo","7":"product_brand-avtodelo","8":"product_cat-instrumentu-komplekti","9":"product_shipping_class-50","10":"desktop-align-left","11":"tablet-align-left","12":"mobile-align-left","14":"first","15":"instock","16":"taxable","17":"shipping-taxable","18":"purchasable","19":"product-type-simple"},"jetpack_sharing_enabled":true,"brands":[{"id":137,"name":"Autodelo","slug":"avtodelo"}],"_links":{"self":[{"href":"https:\/\/nvmotors.lv\/ru\/wp-json\/wp\/v2\/product\/6984","targetHints":{"allow":["GET"]}}],"collection":[{"href":"https:\/\/nvmotors.lv\/ru\/wp-json\/wp\/v2\/product"}],"about":[{"href":"https:\/\/nvmotors.lv\/ru\/wp-json\/wp\/v2\/types\/product"}],"wp:featuredmedia":[{"embeddable":true,"href":"https:\/\/nvmotors.lv\/ru\/wp-json\/wp\/v2\/media\/6996"}],"wp:attachment":[{"href":"https:\/\/nvmotors.lv\/ru\/wp-json\/wp\/v2\/media?parent=6984"}],"wp:term":[{"taxonomy":"pwb-brand","embeddable":true,"href":"https:\/\/nvmotors.lv\/ru\/wp-json\/wp\/v2\/pwb-brand?post=6984"},{"taxonomy":"product_brand","embeddable":true,"href":"https:\/\/nvmotors.lv\/ru\/wp-json\/wp\/v2\/product_brand?post=6984"},{"taxonomy":"product_cat","embeddable":true,"href":"https:\/\/nvmotors.lv\/ru\/wp-json\/wp\/v2\/product_cat?post=6984"},{"taxonomy":"product_tag","embeddable":true,"href":"https:\/\/nvmotors.lv\/ru\/wp-json\/wp\/v2\/product_tag?post=6984"}],"curies":[{"name":"wp","href":"https:\/\/api.w.org\/{rel}","templated":true}]}}