{"id":7029,"date":"2026-02-26T23:36:23","date_gmt":"2026-02-26T23:36:23","guid":{"rendered":"https:\/\/nvmotors.lv\/shop\/stikla-griesanas-komplekts-740687\/"},"modified":"2026-04-26T09:35:22","modified_gmt":"2026-04-26T09:35:22","slug":"stikla-griesanas-komplekts-740687","status":"publish","type":"product","link":"https:\/\/nvmotors.lv\/ru\/shop\/stikla-griesanas-komplekts-740687\/","title":{"rendered":"\u041d\u0430\u0431\u043e\u0440 \u0434\u043b\u044f \u0432\u044b\u0440\u0435\u0437\u0430\u043d\u0438\u044f \u0441\u0442\u0435\u043a\u043b\u0430 7(40687)"},"content":{"rendered":"<p>Paredz\u0113ts iel\u012bm\u0113to automa\u0161\u012bnu stiklu nogrie\u0161anai. Komplekt\u0113ts ar visu<br \/>\nnepiecie\u0161amo instrumentu, kur\u0161 \u013cauj demont\u0113t salona ap\u0161uvumus un<br \/>\ndekorat\u012bvus moldingus, nogriezt stiklu un likvid\u0113t butill\u012bmi s\u0113dviet\u0101.<br \/>\nKomplekta sast\u0101v\u0101 ir st\u012bga stikla nogrie\u0161anai, st\u012bgas tur\u0113t\u0101ji, nazis,<br \/>\nier\u012bce st\u012bgas padevei, salona ap\u0161uvuma piespr\u016bdu noc\u0113l\u0101js un ier\u012bce<br \/>\nmoldingu demont\u0101\u017eai. Pieg\u0101d\u0101ts atsevi\u0161\u0137\u0101 kartona kast\u0113.<\/p>","protected":false},"excerpt":{"rendered":"<p>Paredz\u0113ts iel\u012bm\u0113to automa\u0161\u012bnu stiklu nogrie\u0161anai. Komplekt\u0113ts ar visu nepiecie\u0161amo instrumentu, kur\u0161 \u013cauj demont\u0113t salona ap\u0161uvumus un dekorat\u012bvus moldingus, nogriezt stiklu [&hellip;]<\/p>\n","protected":false},"featured_media":6791,"template":"","meta":{"bwfblock_default_font":"","pagelayer_contact_templates":[],"_pagelayer_content":"","site-sidebar-layout":"default","site-content-layout":"","ast-site-content-layout":"default","site-content-style":"default","site-sidebar-style":"default","ast-global-header-display":"","ast-banner-title-visibility":"","ast-main-header-display":"","ast-hfb-above-header-display":"","ast-hfb-below-header-display":"","ast-hfb-mobile-header-display":"","site-post-title":"","ast-breadcrumbs-content":"","ast-featured-img":"","footer-sml-layout":"","ast-disable-related-posts":"","theme-transparent-header-meta":"","adv-header-id-meta":"","stick-header-meta":"","header-above-stick-meta":"","header-main-stick-meta":"","header-below-stick-meta":"","astra-migrate-meta-layouts":"default","ast-page-background-enabled":"default","ast-page-background-meta":{"desktop":{"background-color":"var(--ast-global-color-5)","background-image":"","background-repeat":"repeat","background-position":"center center","background-size":"auto","background-attachment":"scroll","background-type":"","background-media":"","overlay-type":"","overlay-color":"","overlay-opacity":"","overlay-gradient":""},"tablet":{"background-color":"","background-image":"","background-repeat":"repeat","background-position":"center center","background-size":"auto","background-attachment":"scroll","background-type":"","background-media":"","overlay-type":"","overlay-color":"","overlay-opacity":"","overlay-gradient":""},"mobile":{"background-color":"","background-image":"","background-repeat":"repeat","background-position":"center center","background-size":"auto","background-attachment":"scroll","background-type":"","background-media":"","overlay-type":"","overlay-color":"","overlay-opacity":"","overlay-gradient":""}},"ast-content-background-meta":{"desktop":{"background-color":"var(--ast-global-color-4)","background-image":"","background-repeat":"repeat","background-position":"center center","background-size":"auto","background-attachment":"scroll","background-type":"","background-media":"","overlay-type":"","overlay-color":"","overlay-opacity":"","overlay-gradient":""},"tablet":{"background-color":"var(--ast-global-color-4)","background-image":"","background-repeat":"repeat","background-position":"center center","background-size":"auto","background-attachment":"scroll","background-type":"","background-media":"","overlay-type":"","overlay-color":"","overlay-opacity":"","overlay-gradient":""},"mobile":{"background-color":"var(--ast-global-color-4)","background-image":"","background-repeat":"repeat","background-position":"center center","background-size":"auto","background-attachment":"scroll","background-type":"","background-media":"","overlay-type":"","overlay-color":"","overlay-opacity":"","overlay-gradient":""}}},"pwb-brand":[137],"product_brand":[132],"product_cat":[140],"product_tag":[],"class_list":{"0":"post-7029","1":"product","2":"type-product","3":"status-publish","4":"has-post-thumbnail","6":"pwb-brand-avtodelo","7":"product_brand-avtodelo","8":"product_cat-forstikls","9":"product_shipping_class-50","10":"desktop-align-left","11":"tablet-align-left","12":"mobile-align-left","14":"first","15":"instock","16":"taxable","17":"shipping-taxable","18":"purchasable","19":"product-type-simple"},"jetpack_sharing_enabled":true,"brands":[{"id":137,"name":"Autodelo","slug":"avtodelo"}],"_links":{"self":[{"href":"https:\/\/nvmotors.lv\/ru\/wp-json\/wp\/v2\/product\/7029","targetHints":{"allow":["GET"]}}],"collection":[{"href":"https:\/\/nvmotors.lv\/ru\/wp-json\/wp\/v2\/product"}],"about":[{"href":"https:\/\/nvmotors.lv\/ru\/wp-json\/wp\/v2\/types\/product"}],"wp:featuredmedia":[{"embeddable":true,"href":"https:\/\/nvmotors.lv\/ru\/wp-json\/wp\/v2\/media\/6791"}],"wp:attachment":[{"href":"https:\/\/nvmotors.lv\/ru\/wp-json\/wp\/v2\/media?parent=7029"}],"wp:term":[{"taxonomy":"pwb-brand","embeddable":true,"href":"https:\/\/nvmotors.lv\/ru\/wp-json\/wp\/v2\/pwb-brand?post=7029"},{"taxonomy":"product_brand","embeddable":true,"href":"https:\/\/nvmotors.lv\/ru\/wp-json\/wp\/v2\/product_brand?post=7029"},{"taxonomy":"product_cat","embeddable":true,"href":"https:\/\/nvmotors.lv\/ru\/wp-json\/wp\/v2\/product_cat?post=7029"},{"taxonomy":"product_tag","embeddable":true,"href":"https:\/\/nvmotors.lv\/ru\/wp-json\/wp\/v2\/product_tag?post=7029"}],"curies":[{"name":"wp","href":"https:\/\/api.w.org\/{rel}","templated":true}]}}