{"id":7103,"date":"2026-03-02T21:57:52","date_gmt":"2026-03-02T21:57:52","guid":{"rendered":"https:\/\/nvmotors.lv\/?post_type=product&#038;p=7103"},"modified":"2026-04-26T09:34:30","modified_gmt":"2026-04-26T09:34:30","slug":"tiesas-piedzinas-divvirzulu-kompresors-50l-230v-8-bar-180-l-min-1100w-forcekraft-bm30-50","status":"publish","type":"product","link":"https:\/\/nvmotors.lv\/ru\/shop\/tiesas-piedzinas-divvirzulu-kompresors-50l-230v-8-bar-180-l-min-1100w-forcekraft-bm30-50\/","title":{"rendered":"\u0414\u0432\u0443\u0445\u043f\u043e\u0440\u0448\u043d\u0435\u0432\u043e\u0439 \u043a\u043e\u043c\u043f\u0440\u0435\u0441\u0441\u043e\u0440 \u0441 \u043f\u0440\u044f\u043c\u044b\u043c \u043f\u0440\u0438\u0432\u043e\u0434\u043e\u043c, 50 \u043b, 230 \u0412, 8 \u0431\u0430\u0440, 180 \u043b\/\u043c\u0438\u043d, 1100 \u0412\u0442, FORCEKRAFT BM30\/50"},"content":{"rendered":"<p>\u0412\u043e\u0437\u0434\u0443\u0448\u043d\u044b\u0439 \u043a\u043e\u043c\u043f\u0440\u0435\u0441\u0441\u043e\u0440 FORCEKRAFT BM30\/50 50 \u043b<\/p>\n<p>\u041a\u043e\u043c\u043f\u0440\u0435\u0441\u0441\u043e\u0440 BM30\/50 FORCEKRAFT \u2014 \u044d\u0442\u043e \u043f\u0440\u0430\u043a\u0442\u0438\u0447\u043d\u044b\u0439 \u0438 \u044d\u0444\u0444\u0435\u043a\u0442\u0438\u0432\u043d\u044b\u0439 \u0434\u0432\u0443\u0445\u043f\u043e\u0440\u0448\u043d\u0435\u0432\u043e\u0439 \u043a\u043e\u043c\u043f\u0440\u0435\u0441\u0441\u043e\u0440 \u0441 \u043f\u0440\u044f\u043c\u044b\u043c \u043f\u0440\u0438\u0432\u043e\u0434\u043e\u043c \u0438 50-\u043b\u0438\u0442\u0440\u043e\u0432\u044b\u043c \u0440\u0435\u0441\u0438\u0432\u0435\u0440\u043e\u043c, \u0440\u0430\u0431\u043e\u0442\u0430\u044e\u0449\u0438\u0439 \u043e\u0442 \u0441\u0442\u0430\u043d\u0434\u0430\u0440\u0442\u043d\u043e\u0439 \u0441\u0435\u0442\u0438 230 \u0412. \u0411\u043b\u0430\u0433\u043e\u0434\u0430\u0440\u044f \u0434\u0432\u0438\u0433\u0430\u0442\u0435\u043b\u044e \u043c\u043e\u0449\u043d\u043e\u0441\u0442\u044c\u044e 1100 \u0412\u0442 \u0438 \u043c\u0430\u043a\u0441\u0438\u043c\u0430\u043b\u044c\u043d\u043e\u043c\u0443 \u0434\u0430\u0432\u043b\u0435\u043d\u0438\u044e 8 \u0431\u0430\u0440 \u043e\u043d \u043e\u0431\u0435\u0441\u043f\u0435\u0447\u0438\u0432\u0430\u0435\u0442 \u0441\u0442\u0430\u0431\u0438\u043b\u044c\u043d\u0443\u044e \u0440\u0430\u0431\u043e\u0442\u0443 \u0434\u043b\u044f \u0440\u0430\u0437\u043b\u0438\u0447\u043d\u044b\u0445 \u0431\u044b\u0442\u043e\u0432\u044b\u0445 \u0438 \u043f\u043e\u043b\u0443\u043f\u0440\u043e\u0444\u0435\u0441\u0441\u0438\u043e\u043d\u0430\u043b\u044c\u043d\u044b\u0445 \u0437\u0430\u0434\u0430\u0447.<\/p>\n<p>\u042d\u0442\u043e\u0442 \u043a\u043e\u043c\u043f\u0440\u0435\u0441\u0441\u043e\u0440 \u0438\u0434\u0435\u0430\u043b\u044c\u043d\u043e \u043f\u043e\u0434\u0445\u043e\u0434\u0438\u0442 \u0434\u043b\u044f \u0438\u0441\u043f\u043e\u043b\u044c\u0437\u043e\u0432\u0430\u043d\u0438\u044f \u0432 \u0433\u0430\u0440\u0430\u0436\u0435, \u0430\u0432\u0442\u043e\u043c\u0430\u0441\u0442\u0435\u0440\u0441\u043a\u043e\u0439 \u0438\u043b\u0438 \u043d\u0430 \u0434\u0430\u0447\u0435.<\/p>\n<p>\ud83d\udd27 \u0422\u0435\u0445\u043d\u0438\u0447\u0435\u0441\u043a\u0438\u0435 \u043f\u0430\u0440\u0430\u043c\u0435\u0442\u0440\u044b<\/p>\n<p>\u041e\u0431\u044a\u0435\u043c \u0440\u0435\u0441\u0438\u0432\u0435\u0440\u0430: 50 \u043b\u0438\u0442\u0440\u043e\u0432<\/p>\n<p>\u041d\u0430\u043f\u0440\u044f\u0436\u0435\u043d\u0438\u0435: 230 \u0412<\/p>\n<p>\u041c\u043e\u0449\u043d\u043e\u0441\u0442\u044c: 1100 \u0412\u0442<\/p>\n<p>\u041c\u0430\u043a\u0441\u0438\u043c\u0430\u043b\u044c\u043d\u043e\u0435 \u0434\u0430\u0432\u043b\u0435\u043d\u0438\u0435: 8 \u0431\u0430\u0440<\/p>\n<p>\u041f\u043e\u0434\u0430\u0447\u0430 \u0432\u043e\u0437\u0434\u0443\u0445\u0430: 180 \u043b\/\u043c\u0438\u043d<\/p>\n<p>\u041c\u043e\u0434\u0435\u043b\u044c: BM30\/50<\/p>\n<p>\u0411\u0440\u0435\u043d\u0434: FORCEKRAFT<\/p>\n<p>\u0422\u0438\u043f: \u0434\u0432\u0443\u0445\u043f\u043e\u0440\u0448\u043d\u0435\u0432\u043e\u0439 \u043f\u0440\u0438\u0432\u043e\u0434 \u0441 \u043f\u0440\u044f\u043c\u044b\u043c \u043f\u0440\u0438\u0432\u043e\u0434\u043e\u043c<\/p>\n<p>\ud83d\udca8 \u041f\u0440\u0438\u043c\u0435\u043d\u0435\u043d\u0438\u0435<\/p>\n<p>\u0414\u0432\u0443\u0445\u043f\u043e\u0440\u0448\u043d\u0435\u0432\u043e\u0439 \u043a\u043e\u043c\u043f\u0440\u0435\u0441\u0441\u043e\u0440 \u043e\u0431\u044a\u0435\u043c\u043e\u043c 50 \u043b \u043f\u043e\u0434\u0445\u043e\u0434\u0438\u0442 \u0434\u043b\u044f:<\/p>\n<p>\u0414\u043b\u044f \u043d\u0430\u043a\u0430\u0447\u0438\u0432\u0430\u043d\u0438\u044f \u0430\u0432\u0442\u043e\u043c\u043e\u0431\u0438\u043b\u044c\u043d\u044b\u0445 \u0438 \u043c\u043e\u0442\u043e\u0446\u0438\u043a\u043b\u0435\u0442\u043d\u044b\u0445 \u0448\u0438\u043d<\/p>\n<p>\u0414\u043b\u044f \u0440\u0430\u0431\u043e\u0442\u044b \u0441 \u043f\u043d\u0435\u0432\u043c\u0430\u0442\u0438\u0447\u0435\u0441\u043a\u0438\u043c\u0438 \u0438\u043d\u0441\u0442\u0440\u0443\u043c\u0435\u043d\u0442\u0430\u043c\u0438<\/p>\n<p>\u0414\u043b\u044f \u043e\u0447\u0438\u0441\u0442\u043a\u0438 \u0434\u0435\u0442\u0430\u043b\u0435\u0439 \u0441\u0436\u0430\u0442\u044b\u043c \u0432\u043e\u0437\u0434\u0443\u0445\u043e\u043c.<\/p>\n<p>\u0414\u043b\u044f \u0443\u0434\u043e\u0431\u0441\u0442\u0432\u0430 \u043f\u043e\u043a\u0440\u0430\u0441\u043a\u0438<\/p>\n<p>\u0414\u043b\u044f \u043d\u0443\u0436\u0434 \u043c\u0430\u0441\u0442\u0435\u0440\u0441\u043a\u0438\u0445 \u0438 \u0434\u043e\u043c\u0430<\/p>\n<p>\u2705 \u041f\u0440\u0435\u0438\u043c\u0443\u0449\u0435\u0441\u0442\u0432\u0430<\/p>\n<p>\u2714 Divvirzu\u013cu konstrukcija nodro\u0161ina liel\u0101ku ra\u017e\u012bbu un efektivit\u0101ti<br \/>\n\u2714 \u0411\u043e\u043b\u044c\u0448\u0438\u0439 \u043e\u0431\u044a\u0435\u043c \u0440\u0435\u0437\u0435\u0440\u0432\u0443\u0430\u0440\u0430 \u0434\u043b\u044f \u0441\u0442\u0430\u0431\u0438\u043b\u044c\u043d\u043e\u0439 \u043f\u043e\u0434\u0430\u0447\u0438 \u0432\u043e\u0437\u0434\u0443\u0445\u0430<br \/>\n\u2714 \u0420\u0430\u0431\u043e\u0442\u0430\u0435\u0442 \u043e\u0442 \u0441\u0442\u0430\u043d\u0434\u0430\u0440\u0442\u043d\u043e\u0439 \u0440\u043e\u0437\u0435\u0442\u043a\u0438 230 \u0412<br \/>\n\u2714 \u0421\u0442\u0430\u0431\u0438\u043b\u044c\u043d\u043e\u0435 \u0440\u0430\u0431\u043e\u0447\u0435\u0435 \u0434\u0430\u0432\u043b\u0435\u043d\u0438\u0435 8 \u0431\u0430\u0440<br \/>\n\u2714 \u042d\u043a\u043e\u043d\u043e\u043c\u0438\u0447\u043d\u044b\u0439 \u0434\u0432\u0438\u0433\u0430\u0442\u0435\u043b\u044c \u043c\u043e\u0449\u043d\u043e\u0441\u0442\u044c\u044e 1100 \u0412\u0442<br \/>\n\u2714 \u0418\u0434\u0435\u0430\u043b\u044c\u043d\u043e \u043f\u043e\u0434\u0445\u043e\u0434\u0438\u0442 \u0434\u043b\u044f \u0434\u043e\u043c\u0430\u0448\u043d\u0435\u0433\u043e \u0438 \u043f\u043e\u043b\u0443\u043f\u0440\u043e\u0444\u0435\u0441\u0441\u0438\u043e\u043d\u0430\u043b\u044c\u043d\u043e\u0433\u043e \u0438\u0441\u043f\u043e\u043b\u044c\u0437\u043e\u0432\u0430\u043d\u0438\u044f<\/p>","protected":false},"excerpt":{"rendered":"<p>\u041a\u043e\u043c\u043f\u0430\u043a\u0442\u043d\u044b\u0439 \u0438 \u043d\u0430\u0434\u0435\u0436\u043d\u044b\u0439 \u0434\u0432\u0443\u0445\u043f\u043e\u0440\u0448\u043d\u0435\u0432\u043e\u0439 \u0432\u043e\u0437\u0434\u0443\u0448\u043d\u044b\u0439 \u043a\u043e\u043c\u043f\u0440\u0435\u0441\u0441\u043e\u0440 \u0441 \u043f\u0440\u044f\u043c\u044b\u043c \u043f\u0440\u0438\u0432\u043e\u0434\u043e\u043c \u043e\u0431\u044a\u0435\u043c\u043e\u043c 50 \u043b \u0434\u043b\u044f \u0438\u0441\u043f\u043e\u043b\u044c\u0437\u043e\u0432\u0430\u043d\u0438\u044f \u0434\u043e\u043c\u0430, \u0432 \u0433\u0430\u0440\u0430\u0436\u0435 \u0438 \u043c\u0430\u0441\u0442\u0435\u0440\u0441\u043a\u043e\u0439. \u041c\u0430\u043a\u0441\u0438\u043c\u0430\u043b\u044c\u043d\u043e\u0435 \u0434\u0430\u0432\u043b\u0435\u043d\u0438\u0435 8 \u0431\u0430\u0440, \u043c\u043e\u0449\u043d\u043e\u0441\u0442\u044c 1100 \u0412\u0442 \u0438 \u043f\u0440\u043e\u0438\u0437\u0432\u043e\u0434\u0438\u0442\u0435\u043b\u044c\u043d\u043e\u0441\u0442\u044c 180 \u043b\/\u043c\u0438\u043d. \u0418\u0434\u0435\u0430\u043b\u044c\u043d\u043e \u043f\u043e\u0434\u0445\u043e\u0434\u0438\u0442 \u0434\u043b\u044f \u043d\u0430\u043a\u0430\u0447\u0438\u0432\u0430\u043d\u0438\u044f \u0448\u0438\u043d, \u043f\u043d\u0435\u0432\u043c\u0430\u0442\u0438\u0447\u0435\u0441\u043a\u0438\u0445 \u0438\u043d\u0441\u0442\u0440\u0443\u043c\u0435\u043d\u0442\u043e\u0432 \u0438 \u043b\u0435\u0433\u043a\u043e\u0439 \u043f\u043e\u043a\u0440\u0430\u0441\u043a\u0438.<\/p>","protected":false},"featured_media":7106,"template":"","meta":{"bwfblock_default_font":"","pagelayer_contact_templates":[],"_pagelayer_content":"","site-sidebar-layout":"default","site-content-layout":"","ast-site-content-layout":"default","site-content-style":"default","site-sidebar-style":"default","ast-global-header-display":"","ast-banner-title-visibility":"","ast-main-header-display":"","ast-hfb-above-header-display":"","ast-hfb-below-header-display":"","ast-hfb-mobile-header-display":"","site-post-title":"","ast-breadcrumbs-content":"","ast-featured-img":"","footer-sml-layout":"","ast-disable-related-posts":"","theme-transparent-header-meta":"default","adv-header-id-meta":"","stick-header-meta":"","header-above-stick-meta":"","header-main-stick-meta":"","header-below-stick-meta":"","astra-migrate-meta-layouts":"set","ast-page-background-enabled":"default","ast-page-background-meta":{"desktop":{"background-color":"var(--ast-global-color-5)","background-image":"","background-repeat":"repeat","background-position":"center center","background-size":"auto","background-attachment":"scroll","background-type":"","background-media":"","overlay-type":"","overlay-color":"","overlay-opacity":"","overlay-gradient":""},"tablet":{"background-color":"","background-image":"","background-repeat":"repeat","background-position":"center center","background-size":"auto","background-attachment":"scroll","background-type":"","background-media":"","overlay-type":"","overlay-color":"","overlay-opacity":"","overlay-gradient":""},"mobile":{"background-color":"","background-image":"","background-repeat":"repeat","background-position":"center center","background-size":"auto","background-attachment":"scroll","background-type":"","background-media":"","overlay-type":"","overlay-color":"","overlay-opacity":"","overlay-gradient":""}},"ast-content-background-meta":{"desktop":{"background-color":"var(--ast-global-color-4)","background-image":"","background-repeat":"repeat","background-position":"center center","background-size":"auto","background-attachment":"scroll","background-type":"","background-media":"","overlay-type":"","overlay-color":"","overlay-opacity":"","overlay-gradient":""},"tablet":{"background-color":"var(--ast-global-color-4)","background-image":"","background-repeat":"repeat","background-position":"center center","background-size":"auto","background-attachment":"scroll","background-type":"","background-media":"","overlay-type":"","overlay-color":"","overlay-opacity":"","overlay-gradient":""},"mobile":{"background-color":"var(--ast-global-color-4)","background-image":"","background-repeat":"repeat","background-position":"center center","background-size":"auto","background-attachment":"scroll","background-type":"","background-media":"","overlay-type":"","overlay-color":"","overlay-opacity":"","overlay-gradient":""}}},"pwb-brand":[141],"product_brand":[142],"product_cat":[144],"product_tag":[173],"class_list":{"0":"post-7103","1":"product","2":"type-product","3":"status-publish","4":"has-post-thumbnail","6":"pwb-brand-forcekraft","7":"product_brand-forcekraft","8":"product_cat-compressori","9":"product_tag-173","10":"product_shipping_class-smags-gabarit","11":"desktop-align-left","12":"tablet-align-left","13":"mobile-align-left","15":"first","16":"instock","17":"taxable","18":"shipping-taxable","19":"purchasable","20":"product-type-simple"},"jetpack_sharing_enabled":true,"brands":[{"id":141,"name":"FORCEKRAFT","slug":"forcekraft"}],"_links":{"self":[{"href":"https:\/\/nvmotors.lv\/ru\/wp-json\/wp\/v2\/product\/7103","targetHints":{"allow":["GET"]}}],"collection":[{"href":"https:\/\/nvmotors.lv\/ru\/wp-json\/wp\/v2\/product"}],"about":[{"href":"https:\/\/nvmotors.lv\/ru\/wp-json\/wp\/v2\/types\/product"}],"wp:featuredmedia":[{"embeddable":true,"href":"https:\/\/nvmotors.lv\/ru\/wp-json\/wp\/v2\/media\/7106"}],"wp:attachment":[{"href":"https:\/\/nvmotors.lv\/ru\/wp-json\/wp\/v2\/media?parent=7103"}],"wp:term":[{"taxonomy":"pwb-brand","embeddable":true,"href":"https:\/\/nvmotors.lv\/ru\/wp-json\/wp\/v2\/pwb-brand?post=7103"},{"taxonomy":"product_brand","embeddable":true,"href":"https:\/\/nvmotors.lv\/ru\/wp-json\/wp\/v2\/product_brand?post=7103"},{"taxonomy":"product_cat","embeddable":true,"href":"https:\/\/nvmotors.lv\/ru\/wp-json\/wp\/v2\/product_cat?post=7103"},{"taxonomy":"product_tag","embeddable":true,"href":"https:\/\/nvmotors.lv\/ru\/wp-json\/wp\/v2\/product_tag?post=7103"}],"curies":[{"name":"wp","href":"https:\/\/api.w.org\/{rel}","templated":true}]}}